{"id":12176,"date":"2026-04-02T07:21:14","date_gmt":"2026-04-02T07:21:14","guid":{"rendered":"https:\/\/engitech.az\/?post_type=product&#038;p=12176"},"modified":"2026-04-02T07:21:15","modified_gmt":"2026-04-02T07:21:15","slug":"ds-2ce10uf3t-e","status":"publish","type":"product","link":"https:\/\/engitech.az\/en\/product\/ds-2ce10uf3t-e\/","title":{"rendered":"DS-2CE10UF3T-E"},"content":{"rendered":"<p>\u2022 <strong data-start=\"2\" data-end=\"13\">M\u0259hsul:<\/strong> Hikvision DS\u20112CE10UF3T\u2011E<br data-start=\"38\" data-end=\"41\" \/>\u2022 <strong data-start=\"43\" data-end=\"58\">Category:<\/strong> T\u0259hl\u00fck\u0259sizlik kamera<br data-start=\"79\" data-end=\"82\" \/>\u2022 <strong data-start=\"84\" data-end=\"92\">Type:<\/strong> 2.0\u202fMP (Full\u202fHD) <strong data-start=\"110\" data-end=\"131\">turbo HD \/ HD\u2011TVI<\/strong> kamera<br data-start=\"138\" data-end=\"141\" \/>\u2022 <strong data-start=\"143\" data-end=\"152\">Lens:<\/strong> 3.6\u202fmm (geni\u015f bucaq)<br data-start=\"173\" data-end=\"176\" \/>\u2022 <strong data-start=\"178\" data-end=\"194\">Gec\u0259 G\u00f6r\u00fc\u015f\u00fc:<\/strong> IR gec\u0259 i\u015f\u0131\u011f\u0131 (t\u0259xmin\u0259n 20\u201130\u202fm)<br data-start=\"227\" data-end=\"230\" \/>\u2022 <strong data-start=\"232\" data-end=\"246\">Korpoziya:<\/strong> H\u0259r iqlim \u00fc\u00e7\u00fcn davaml\u0131 (IP66)<br data-start=\"276\" data-end=\"279\" \/>\u2022 <strong data-start=\"281\" data-end=\"291\">Contact:<\/strong> Koaksial kabel (BNC)<br data-start=\"312\" data-end=\"315\" \/>\u2022 <strong data-start=\"317\" data-end=\"331\">Qeydiyyat:<\/strong> 1080p Full\u202fHD standart\u0131nda<br data-start=\"358\" data-end=\"361\" \/>\u2022 <strong data-start=\"363\" data-end=\"376\">Usage:<\/strong> Ev, ofis v\u0259 obyektl\u0259r \u00fc\u00e7\u00fcn g\u00fcnd\u00fcz\u2011gec\u0259 m\u00fc\u015fahid\u0259 kameras\u0131.<\/p>","protected":false},"excerpt":{"rendered":"<p>\u2022 M\u0259hsul: Hikvision DS\u20112CE10UF3T\u2011E\u2022 Kateqoriya: T\u0259hl\u00fck\u0259sizlik kamera\u2022 Tip: 2.0\u202fMP (Full\u202fHD)  [&#8230;]<\/p>","protected":false},"featured_media":12177,"comment_status":"open","ping_status":"closed","template":"","meta":[],"product_brand":[],"product_cat":[167],"product_tag":[],"class_list":{"0":"post-12176","1":"product","2":"type-product","3":"status-publish","4":"has-post-thumbnail","6":"product_cat-hikvision","7":"pa_mehsul-tipi-turbo-hd-products","9":"first","10":"instock","11":"sold-individually","12":"shipping-taxable","13":"purchasable","14":"product-type-simple"},"_links":{"self":[{"href":"https:\/\/engitech.az\/en\/wp-json\/wp\/v2\/product\/12176","targetHints":{"allow":["GET"]}}],"collection":[{"href":"https:\/\/engitech.az\/en\/wp-json\/wp\/v2\/product"}],"about":[{"href":"https:\/\/engitech.az\/en\/wp-json\/wp\/v2\/types\/product"}],"replies":[{"embeddable":true,"href":"https:\/\/engitech.az\/en\/wp-json\/wp\/v2\/comments?post=12176"}],"wp:featuredmedia":[{"embeddable":true,"href":"https:\/\/engitech.az\/en\/wp-json\/wp\/v2\/media\/12177"}],"wp:attachment":[{"href":"https:\/\/engitech.az\/en\/wp-json\/wp\/v2\/media?parent=12176"}],"wp:term":[{"taxonomy":"product_brand","embeddable":true,"href":"https:\/\/engitech.az\/en\/wp-json\/wp\/v2\/product_brand?post=12176"},{"taxonomy":"product_cat","embeddable":true,"href":"https:\/\/engitech.az\/en\/wp-json\/wp\/v2\/product_cat?post=12176"},{"taxonomy":"product_tag","embeddable":true,"href":"https:\/\/engitech.az\/en\/wp-json\/wp\/v2\/product_tag?post=12176"}],"curies":[{"name":"wp","href":"https:\/\/api.w.org\/{rel}","templated":true}]}}