{"id":12178,"date":"2026-04-02T07:22:56","date_gmt":"2026-04-02T07:22:56","guid":{"rendered":"https:\/\/engitech.az\/?post_type=product&#038;p=12178"},"modified":"2026-04-02T07:22:57","modified_gmt":"2026-04-02T07:22:57","slug":"ds-2ce72uf3t-e","status":"publish","type":"product","link":"https:\/\/engitech.az\/en\/product\/ds-2ce72uf3t-e\/","title":{"rendered":"DS-2CE72UF3T-E"},"content":{"rendered":"<section class=\"text-token-text-primary w-full focus:outline-none [--shadow-height:45px] has-data-writing-block:pointer-events-none has-data-writing-block:-mt-(--shadow-height) has-data-writing-block:pt-(--shadow-height) [&amp;:has([data-writing-block])&gt;*]:pointer-events-auto scroll-mt-(--header-height)\" dir=\"auto\" data-turn-id=\"47861fb3-6f45-45a9-b0a7-17407c9c09cd\" data-testid=\"conversation-turn-19\" data-scroll-anchor=\"false\" data-turn=\"user\"><\/section>\n<section class=\"text-token-text-primary w-full focus:outline-none [--shadow-height:45px] has-data-writing-block:pointer-events-none has-data-writing-block:-mt-(--shadow-height) has-data-writing-block:pt-(--shadow-height) [&amp;:has([data-writing-block])&gt;*]:pointer-events-auto scroll-mt-[calc(var(--header-height)+min(200px,max(70px,20svh)))]\" dir=\"auto\" data-turn-id=\"request-WEB:56a8e11d-074c-40e5-8df0-ac2110f46b9a-9\" data-testid=\"conversation-turn-20\" data-scroll-anchor=\"true\" data-turn=\"assistant\">\n<div class=\"text-base my-auto mx-auto pb-10 [--thread-content-margin:var(--thread-content-margin-xs,calc(var(--spacing)*4))] @w-sm\/main:[--thread-content-margin:var(--thread-content-margin-sm,calc(var(--spacing)*6))] @w-lg\/main:[--thread-content-margin:var(--thread-content-margin-lg,calc(var(--spacing)*16))] px-(--thread-content-margin)\">\n<div class=\"[--thread-content-max-width:40rem] @w-lg\/main:[--thread-content-max-width:48rem] mx-auto max-w-(--thread-content-max-width) flex-1 group\/turn-messages focus-visible:outline-hidden relative flex w-full min-w-0 flex-col agent-turn\">\n<div class=\"flex max-w-full flex-col gap-4 grow\">\n<div class=\"min-h-8 text-message relative flex w-full flex-col items-end gap-2 text-start break-words whitespace-normal outline-none keyboard-focused:focus-ring [.text-message+&amp;]:mt-1\" dir=\"auto\" tabindex=\"0\" data-message-author-role=\"assistant\" data-message-id=\"754ca40c-53cf-45f7-a6b8-8705738f8588\" data-turn-start-message=\"true\" data-message-model-slug=\"gpt-5-mini\">\n<div class=\"flex w-full flex-col gap-1 empty:hidden\">\n<div class=\"markdown prose dark:prose-invert w-full wrap-break-word dark markdown-new-styling\">\n<p data-start=\"0\" data-end=\"435\" data-is-last-node=\"\" data-is-only-node=\"\">\u2022 <strong data-start=\"2\" data-end=\"13\">M\u0259hsul:<\/strong> Hikvision DS\u20112CE72UF3T\u2011E<br data-start=\"38\" data-end=\"41\" \/>\u2022 <strong data-start=\"43\" data-end=\"58\">Category:<\/strong> T\u0259hl\u00fck\u0259sizlik kamera<br data-start=\"79\" data-end=\"82\" \/>\u2022 <strong data-start=\"84\" data-end=\"92\">Type:<\/strong> 2\u202fMP (Full\u202fHD) <strong data-start=\"108\" data-end=\"129\">turbo HD \/ HD\u2011TVI<\/strong> kamera<br data-start=\"136\" data-end=\"139\" \/>\u2022 <strong data-start=\"141\" data-end=\"150\">Lens:<\/strong> 3.6\u202fmm (g\u00fcnd\u00fcz\u2011gec\u0259 geni\u015f bucaq)<br data-start=\"183\" data-end=\"186\" \/>\u2022 <strong data-start=\"188\" data-end=\"204\">Gec\u0259 G\u00f6r\u00fc\u015f\u00fc:<\/strong> IR gec\u0259 i\u015f\u0131\u011f\u0131 (t\u0259xmin\u0259n 20\u201140\u202fm)<br data-start=\"237\" data-end=\"240\" \/>\u2022 <strong data-start=\"242\" data-end=\"256\">Korpoziya:<\/strong> H\u0259r iqlim \u00fc\u00e7\u00fcn davaml\u0131 (<strong data-start=\"281\" data-end=\"289\">IP66<\/strong>)<br data-start=\"290\" data-end=\"293\" \/>\u2022 <strong data-start=\"295\" data-end=\"305\">Contact:<\/strong> Koaksial kabel (BNC)<br data-start=\"326\" data-end=\"329\" \/>\u2022 <strong data-start=\"331\" data-end=\"345\">Qeydiyyat:<\/strong> 1080p Full\u202fHD<br data-start=\"359\" data-end=\"362\" \/>\u2022 <strong data-start=\"364\" data-end=\"377\">Usage:<\/strong> Ev, ofis v\u0259 obyektl\u0259r \u00fc\u00e7\u00fcn g\u00fcnd\u00fcz\u2011gec\u0259 m\u00fc\u015fahid\u0259 kameras\u0131.<\/p>\n<\/div>\n<\/div>\n<\/div>\n<\/div>\n<\/div>\n<\/div>\n<\/section>","protected":false},"excerpt":{"rendered":"<p>\u2022 M\u0259hsul: Hikvision DS\u20112CE72UF3T\u2011E\u2022 Kateqoriya: T\u0259hl\u00fck\u0259sizlik kamera\u2022 Tip: 2\u202fMP (Full\u202fHD)  [&#8230;]<\/p>","protected":false},"featured_media":12179,"comment_status":"open","ping_status":"closed","template":"","meta":[],"product_brand":[],"product_cat":[167],"product_tag":[],"class_list":{"0":"post-12178","1":"product","2":"type-product","3":"status-publish","4":"has-post-thumbnail","6":"product_cat-hikvision","7":"pa_mehsul-tipi-turbo-hd-products","9":"first","10":"instock","11":"sold-individually","12":"shipping-taxable","13":"purchasable","14":"product-type-simple"},"_links":{"self":[{"href":"https:\/\/engitech.az\/en\/wp-json\/wp\/v2\/product\/12178","targetHints":{"allow":["GET"]}}],"collection":[{"href":"https:\/\/engitech.az\/en\/wp-json\/wp\/v2\/product"}],"about":[{"href":"https:\/\/engitech.az\/en\/wp-json\/wp\/v2\/types\/product"}],"replies":[{"embeddable":true,"href":"https:\/\/engitech.az\/en\/wp-json\/wp\/v2\/comments?post=12178"}],"wp:featuredmedia":[{"embeddable":true,"href":"https:\/\/engitech.az\/en\/wp-json\/wp\/v2\/media\/12179"}],"wp:attachment":[{"href":"https:\/\/engitech.az\/en\/wp-json\/wp\/v2\/media?parent=12178"}],"wp:term":[{"taxonomy":"product_brand","embeddable":true,"href":"https:\/\/engitech.az\/en\/wp-json\/wp\/v2\/product_brand?post=12178"},{"taxonomy":"product_cat","embeddable":true,"href":"https:\/\/engitech.az\/en\/wp-json\/wp\/v2\/product_cat?post=12178"},{"taxonomy":"product_tag","embeddable":true,"href":"https:\/\/engitech.az\/en\/wp-json\/wp\/v2\/product_tag?post=12178"}],"curies":[{"name":"wp","href":"https:\/\/api.w.org\/{rel}","templated":true}]}}