{"id":12180,"date":"2026-04-02T07:24:54","date_gmt":"2026-04-02T07:24:54","guid":{"rendered":"https:\/\/engitech.az\/?post_type=product&#038;p=12180"},"modified":"2026-04-02T07:24:55","modified_gmt":"2026-04-02T07:24:55","slug":"ds-2ce10kf0t-lpfs","status":"publish","type":"product","link":"https:\/\/engitech.az\/en\/product\/ds-2ce10kf0t-lpfs\/","title":{"rendered":"DS-2CE10KF0T-LPFS"},"content":{"rendered":"<p>\u2022 <strong data-start=\"2\" data-end=\"13\">M\u0259hsul:<\/strong> Hikvision DS\u20112CE10KF0T\u2011LPFS<br data-start=\"41\" data-end=\"44\" \/>\u2022 <strong data-start=\"46\" data-end=\"61\">Category:<\/strong> T\u0259hl\u00fck\u0259sizlik kamera<br data-start=\"82\" data-end=\"85\" \/>\u2022 <strong data-start=\"87\" data-end=\"95\">Type:<\/strong> 1\u202fMP turbo HD \/ HD\u2011TVI kamera<br data-start=\"129\" data-end=\"132\" \/>\u2022 <strong data-start=\"134\" data-end=\"143\">Lens:<\/strong> 2.8\u202fmm (geni\u015f bucaq)<br data-start=\"164\" data-end=\"167\" \/>\u2022 <strong data-start=\"169\" data-end=\"185\">Gec\u0259 G\u00f6r\u00fc\u015f\u00fc:<\/strong> IR gec\u0259 i\u015f\u0131\u011f\u0131 il\u0259 g\u00fcnd\u00fcz\u2013gec\u0259 m\u00fc\u015fahid\u0259<br data-start=\"224\" data-end=\"227\" \/>\u2022 <strong data-start=\"229\" data-end=\"243\">Korpoziya:<\/strong> H\u0259r iqlim \u00fc\u00e7\u00fcn davaml\u0131 (IP66)<br data-start=\"277\" data-end=\"280\" \/>\u2022 <strong data-start=\"282\" data-end=\"292\">Contact:<\/strong> Koaksial kabel (BNC)<br data-start=\"313\" data-end=\"316\" \/>\u2022 <strong data-start=\"318\" data-end=\"332\">Qeydiyyat:<\/strong> 720p (v\u0259 ya 1\u202fMP) keyfiyy\u0259tind\u0259<br data-start=\"364\" data-end=\"367\" \/>\u2022 <strong data-start=\"369\" data-end=\"382\">Usage:<\/strong> Ev v\u0259 ki\u00e7ik obyektl\u0259r \u00fc\u00e7\u00fcn \u0259sas t\u0259hl\u00fck\u0259sizlik m\u00fc\u015fahid\u0259 kameras\u0131.<\/p>","protected":false},"excerpt":{"rendered":"<p>\u2022 M\u0259hsul: Hikvision DS\u20112CE10KF0T\u2011LPFS\u2022 Kateqoriya: T\u0259hl\u00fck\u0259sizlik kamera\u2022 Tip: 1\u202fMP turbo  [&#8230;]<\/p>","protected":false},"featured_media":12181,"comment_status":"open","ping_status":"closed","template":"","meta":[],"product_brand":[],"product_cat":[167],"product_tag":[],"class_list":{"0":"post-12180","1":"product","2":"type-product","3":"status-publish","4":"has-post-thumbnail","6":"product_cat-hikvision","7":"pa_mehsul-tipi-turbo-hd-products","9":"first","10":"instock","11":"sold-individually","12":"shipping-taxable","13":"purchasable","14":"product-type-simple"},"_links":{"self":[{"href":"https:\/\/engitech.az\/en\/wp-json\/wp\/v2\/product\/12180","targetHints":{"allow":["GET"]}}],"collection":[{"href":"https:\/\/engitech.az\/en\/wp-json\/wp\/v2\/product"}],"about":[{"href":"https:\/\/engitech.az\/en\/wp-json\/wp\/v2\/types\/product"}],"replies":[{"embeddable":true,"href":"https:\/\/engitech.az\/en\/wp-json\/wp\/v2\/comments?post=12180"}],"wp:featuredmedia":[{"embeddable":true,"href":"https:\/\/engitech.az\/en\/wp-json\/wp\/v2\/media\/12181"}],"wp:attachment":[{"href":"https:\/\/engitech.az\/en\/wp-json\/wp\/v2\/media?parent=12180"}],"wp:term":[{"taxonomy":"product_brand","embeddable":true,"href":"https:\/\/engitech.az\/en\/wp-json\/wp\/v2\/product_brand?post=12180"},{"taxonomy":"product_cat","embeddable":true,"href":"https:\/\/engitech.az\/en\/wp-json\/wp\/v2\/product_cat?post=12180"},{"taxonomy":"product_tag","embeddable":true,"href":"https:\/\/engitech.az\/en\/wp-json\/wp\/v2\/product_tag?post=12180"}],"curies":[{"name":"wp","href":"https:\/\/api.w.org\/{rel}","templated":true}]}}