{"id":12182,"date":"2026-04-02T07:26:59","date_gmt":"2026-04-02T07:26:59","guid":{"rendered":"https:\/\/engitech.az\/?post_type=product&#038;p=12182"},"modified":"2026-04-02T07:26:59","modified_gmt":"2026-04-02T07:26:59","slug":"ds-2ce70kf0t-lmfs","status":"publish","type":"product","link":"https:\/\/engitech.az\/en\/product\/ds-2ce70kf0t-lmfs\/","title":{"rendered":"DS-2CE70KF0T-LMFS"},"content":{"rendered":"<p>\u2022 <strong data-start=\"2\" data-end=\"13\">M\u0259hsul:<\/strong> Hikvision DS\u20112CE70KF0T\u2011LMFS<br data-start=\"41\" data-end=\"44\" \/>\u2022 <strong data-start=\"46\" data-end=\"61\">Category:<\/strong> T\u0259hl\u00fck\u0259sizlik kamera<br data-start=\"82\" data-end=\"85\" \/>\u2022 <strong data-start=\"87\" data-end=\"95\">Type:<\/strong> 2\u202fMP turbo HD \/ HD\u2011TVI kamera<br data-start=\"129\" data-end=\"132\" \/>\u2022 <strong data-start=\"134\" data-end=\"143\">Lens:<\/strong> 2.8\u202fmm (geni\u015f bucaq)<br data-start=\"164\" data-end=\"167\" \/>\u2022 <strong data-start=\"169\" data-end=\"185\">Gec\u0259 G\u00f6r\u00fc\u015f\u00fc:<\/strong> IR gec\u0259 i\u015f\u0131\u011f\u0131 il\u0259 g\u00fcnd\u00fcz\u2011gec\u0259 m\u00fc\u015fahid\u0259<br data-start=\"224\" data-end=\"227\" \/>\u2022 <strong data-start=\"229\" data-end=\"243\">Korpoziya:<\/strong> H\u0259r iqlim \u00fc\u00e7\u00fcn davaml\u0131 (IP66)<br data-start=\"277\" data-end=\"280\" \/>\u2022 <strong data-start=\"282\" data-end=\"292\">Contact:<\/strong> Koaksial kabel (BNC)<br data-start=\"313\" data-end=\"316\" \/>\u2022 <strong data-start=\"318\" data-end=\"332\">Qeydiyyat:<\/strong> 1080p Full\u202fHD keyfiyy\u0259td\u0259<br data-start=\"358\" data-end=\"361\" \/>\u2022 <strong data-start=\"363\" data-end=\"376\">Usage:<\/strong> Ev, ofis v\u0259 obyektl\u0259r \u00fc\u00e7\u00fcn \u0259sas CCTV m\u00fc\u015fahid\u0259 kameras\u0131.<\/p>","protected":false},"excerpt":{"rendered":"<p>\u2022 M\u0259hsul: Hikvision DS\u20112CE70KF0T\u2011LMFS\u2022 Kateqoriya: T\u0259hl\u00fck\u0259sizlik kamera\u2022 Tip: 2\u202fMP turbo  [&#8230;]<\/p>","protected":false},"featured_media":12183,"comment_status":"open","ping_status":"closed","template":"","meta":[],"product_brand":[],"product_cat":[167],"product_tag":[],"class_list":{"0":"post-12182","1":"product","2":"type-product","3":"status-publish","4":"has-post-thumbnail","6":"product_cat-hikvision","7":"pa_mehsul-tipi-turbo-hd-products","9":"first","10":"instock","11":"sold-individually","12":"shipping-taxable","13":"purchasable","14":"product-type-simple"},"_links":{"self":[{"href":"https:\/\/engitech.az\/en\/wp-json\/wp\/v2\/product\/12182","targetHints":{"allow":["GET"]}}],"collection":[{"href":"https:\/\/engitech.az\/en\/wp-json\/wp\/v2\/product"}],"about":[{"href":"https:\/\/engitech.az\/en\/wp-json\/wp\/v2\/types\/product"}],"replies":[{"embeddable":true,"href":"https:\/\/engitech.az\/en\/wp-json\/wp\/v2\/comments?post=12182"}],"wp:featuredmedia":[{"embeddable":true,"href":"https:\/\/engitech.az\/en\/wp-json\/wp\/v2\/media\/12183"}],"wp:attachment":[{"href":"https:\/\/engitech.az\/en\/wp-json\/wp\/v2\/media?parent=12182"}],"wp:term":[{"taxonomy":"product_brand","embeddable":true,"href":"https:\/\/engitech.az\/en\/wp-json\/wp\/v2\/product_brand?post=12182"},{"taxonomy":"product_cat","embeddable":true,"href":"https:\/\/engitech.az\/en\/wp-json\/wp\/v2\/product_cat?post=12182"},{"taxonomy":"product_tag","embeddable":true,"href":"https:\/\/engitech.az\/en\/wp-json\/wp\/v2\/product_tag?post=12182"}],"curies":[{"name":"wp","href":"https:\/\/api.w.org\/{rel}","templated":true}]}}