{"id":12186,"date":"2026-04-02T07:45:50","date_gmt":"2026-04-02T07:45:50","guid":{"rendered":"https:\/\/engitech.az\/?post_type=product&#038;p=12186"},"modified":"2026-04-02T07:45:50","modified_gmt":"2026-04-02T07:45:50","slug":"ds-2ce70df3t-pts","status":"publish","type":"product","link":"https:\/\/engitech.az\/en\/product\/ds-2ce70df3t-pts\/","title":{"rendered":"DS-2CE70DF3T-PTS"},"content":{"rendered":"<p>\u2022 <strong data-start=\"2\" data-end=\"13\">M\u0259hsul:<\/strong> Hikvision DS\u20112CE70DF3T\u2011PTS<br data-start=\"44\" data-end=\"47\" \/>\u2022 <strong data-start=\"49\" data-end=\"64\">Category:<\/strong> T\u0259hl\u00fck\u0259sizlik kamera<br data-start=\"85\" data-end=\"88\" \/>\u2022 <strong data-start=\"90\" data-end=\"98\">Type:<\/strong> 2\u202fMP Turbo HD \/ HD\u2011TVI kamera<br data-start=\"132\" data-end=\"135\" \/>\u2022 <strong data-start=\"137\" data-end=\"146\">Lens:<\/strong> 3.6\u202fmm (geni\u015f bucaq)<br data-start=\"167\" data-end=\"170\" \/>\u2022 <strong data-start=\"172\" data-end=\"188\">Gec\u0259 G\u00f6r\u00fc\u015f\u00fc:<\/strong> IR gec\u0259 i\u015f\u0131\u011f\u0131 (t\u0259xmin\u0259n 20\u201340\u202fm)<br data-start=\"221\" data-end=\"224\" \/>\u2022 <strong data-start=\"226\" data-end=\"242\">Functions:<\/strong><br data-start=\"242\" data-end=\"245\" \/>\u2013 <strong data-start=\"249\" data-end=\"261\">Smart IR<\/strong> (parlaq yand\u0131rma olmadan b\u0259rab\u0259r gec\u0259 g\u00f6r\u00fcnt\u00fc)<br data-start=\"308\" data-end=\"311\" \/>\u2013 <strong data-start=\"315\" data-end=\"334\">Day\/Night (ICR)<\/strong><br data-start=\"334\" data-end=\"337\" \/>\u2013 <strong data-start=\"341\" data-end=\"351\">3D DNR<\/strong> (s\u0259s-k\u00fcyd\u0259n azad g\u00f6r\u00fcnt\u00fc)<br data-start=\"377\" data-end=\"380\" \/>\u2022 <strong data-start=\"382\" data-end=\"396\">Korpoziya:<\/strong> H\u0259r iqlim \u00fc\u00e7\u00fcn davaml\u0131 (IP66)<br data-start=\"430\" data-end=\"433\" \/>\u2022 <strong data-start=\"435\" data-end=\"445\">Contact:<\/strong> Koaksial kabel (BNC)<br data-start=\"466\" data-end=\"469\" \/>\u2022 <strong data-start=\"471\" data-end=\"485\">Qeydiyyat:<\/strong> 1080p Full HD keyfiyy\u0259td\u0259<br data-start=\"511\" data-end=\"514\" \/>\u2022 <strong data-start=\"516\" data-end=\"529\">Usage:<\/strong> Ev, ofis v\u0259 obyektl\u0259r \u00fc\u00e7\u00fcn g\u00fcnd\u00fcz\u2011gec\u0259 CCTV m\u00fc\u015fahid\u0259 kameras\u0131.<\/p>","protected":false},"excerpt":{"rendered":"<p>\u2022 M\u0259hsul: Hikvision DS\u20112CE70DF3T\u2011PTS\u2022 Kateqoriya: T\u0259hl\u00fck\u0259sizlik kamera\u2022 Tip: 2\u202fMP Turbo  [&#8230;]<\/p>","protected":false},"featured_media":12187,"comment_status":"open","ping_status":"closed","template":"","meta":[],"product_brand":[],"product_cat":[167],"product_tag":[],"class_list":{"0":"post-12186","1":"product","2":"type-product","3":"status-publish","4":"has-post-thumbnail","6":"product_cat-hikvision","7":"pa_mehsul-tipi-turbo-hd-products","9":"first","10":"instock","11":"sold-individually","12":"shipping-taxable","13":"purchasable","14":"product-type-simple"},"_links":{"self":[{"href":"https:\/\/engitech.az\/en\/wp-json\/wp\/v2\/product\/12186","targetHints":{"allow":["GET"]}}],"collection":[{"href":"https:\/\/engitech.az\/en\/wp-json\/wp\/v2\/product"}],"about":[{"href":"https:\/\/engitech.az\/en\/wp-json\/wp\/v2\/types\/product"}],"replies":[{"embeddable":true,"href":"https:\/\/engitech.az\/en\/wp-json\/wp\/v2\/comments?post=12186"}],"wp:featuredmedia":[{"embeddable":true,"href":"https:\/\/engitech.az\/en\/wp-json\/wp\/v2\/media\/12187"}],"wp:attachment":[{"href":"https:\/\/engitech.az\/en\/wp-json\/wp\/v2\/media?parent=12186"}],"wp:term":[{"taxonomy":"product_brand","embeddable":true,"href":"https:\/\/engitech.az\/en\/wp-json\/wp\/v2\/product_brand?post=12186"},{"taxonomy":"product_cat","embeddable":true,"href":"https:\/\/engitech.az\/en\/wp-json\/wp\/v2\/product_cat?post=12186"},{"taxonomy":"product_tag","embeddable":true,"href":"https:\/\/engitech.az\/en\/wp-json\/wp\/v2\/product_tag?post=12186"}],"curies":[{"name":"wp","href":"https:\/\/api.w.org\/{rel}","templated":true}]}}