{"id":12188,"date":"2026-04-02T07:54:39","date_gmt":"2026-04-02T07:54:39","guid":{"rendered":"https:\/\/engitech.az\/?post_type=product&#038;p=12188"},"modified":"2026-04-02T07:54:39","modified_gmt":"2026-04-02T07:54:39","slug":"ds-2ce13df0t-lxts","status":"publish","type":"product","link":"https:\/\/engitech.az\/en\/product\/ds-2ce13df0t-lxts\/","title":{"rendered":"DS-2CE13DF0T-LXTS"},"content":{"rendered":"<p>\u2022 <strong data-start=\"2\" data-end=\"13\">M\u0259hsul:<\/strong> Hikvision DS\u20112CE13DF0T\u2011LXTS<br data-start=\"45\" data-end=\"48\" \/>\u2022 <strong data-start=\"50\" data-end=\"65\">Category:<\/strong> T\u0259hl\u00fck\u0259sizlik kamera<br data-start=\"86\" data-end=\"89\" \/>\u2022 <strong data-start=\"91\" data-end=\"99\">Type:<\/strong> 4\u202fMP Turbo HD \/ HD\u2011TVI kamera<br data-start=\"133\" data-end=\"136\" \/>\u2022 <strong data-start=\"138\" data-end=\"147\">Lens:<\/strong> Ad\u0259t\u0259n 2.8\u202fmm (geni\u015f bucaq)<br data-start=\"175\" data-end=\"178\" \/>\u2022 <strong data-start=\"180\" data-end=\"196\">Gec\u0259 G\u00f6r\u00fc\u015f\u00fc:<\/strong> IR gec\u0259 i\u015f\u0131\u011f\u0131 il\u0259 gec\u0259\u2011g\u00fcnd\u00fcz m\u00fc\u015fahid\u0259<br data-start=\"235\" data-end=\"238\" \/>\u2022 <strong data-start=\"240\" data-end=\"256\">Functions:<\/strong> Smart IR, Day\/Night (ICR)<br data-start=\"282\" data-end=\"285\" \/>\u2022 <strong data-start=\"287\" data-end=\"301\">Korpoziya:<\/strong> H\u0259r iqlim \u00fc\u00e7\u00fcn davaml\u0131 (IP66)<br data-start=\"335\" data-end=\"338\" \/>\u2022 <strong data-start=\"340\" data-end=\"350\">Contact:<\/strong> Koaksial kabel (BNC)<br data-start=\"371\" data-end=\"374\" \/>\u2022 <strong data-start=\"376\" data-end=\"390\">Qeydiyyat:<\/strong> 4\u202fMP (2560\u00d71440) y\u00fcks\u0259k keyfiyy\u0259t<br data-start=\"424\" data-end=\"427\" \/>\u2022 <strong data-start=\"429\" data-end=\"442\">Usage:<\/strong> Ev, ofis v\u0259 obyektl\u0259r \u00fc\u00e7\u00fcn y\u00fcks\u0259k \u00e7\u00f6z\u00fcn\u00fcrl\u00fckl\u00fc CCTV m\u00fc\u015fahid\u0259 kameras\u0131.<\/p>","protected":false},"excerpt":{"rendered":"<p>\u2022 M\u0259hsul: Hikvision DS\u20112CE13DF0T\u2011LXTS\u2022 Kateqoriya: T\u0259hl\u00fck\u0259sizlik kamera\u2022 Tip: 4\u202fMP Turbo  [&#8230;]<\/p>","protected":false},"featured_media":12189,"comment_status":"open","ping_status":"closed","template":"","meta":[],"product_brand":[],"product_cat":[167],"product_tag":[],"class_list":{"0":"post-12188","1":"product","2":"type-product","3":"status-publish","4":"has-post-thumbnail","6":"product_cat-hikvision","7":"pa_mehsul-tipi-turbo-hd-products","9":"first","10":"instock","11":"sold-individually","12":"shipping-taxable","13":"purchasable","14":"product-type-simple"},"_links":{"self":[{"href":"https:\/\/engitech.az\/en\/wp-json\/wp\/v2\/product\/12188","targetHints":{"allow":["GET"]}}],"collection":[{"href":"https:\/\/engitech.az\/en\/wp-json\/wp\/v2\/product"}],"about":[{"href":"https:\/\/engitech.az\/en\/wp-json\/wp\/v2\/types\/product"}],"replies":[{"embeddable":true,"href":"https:\/\/engitech.az\/en\/wp-json\/wp\/v2\/comments?post=12188"}],"wp:featuredmedia":[{"embeddable":true,"href":"https:\/\/engitech.az\/en\/wp-json\/wp\/v2\/media\/12189"}],"wp:attachment":[{"href":"https:\/\/engitech.az\/en\/wp-json\/wp\/v2\/media?parent=12188"}],"wp:term":[{"taxonomy":"product_brand","embeddable":true,"href":"https:\/\/engitech.az\/en\/wp-json\/wp\/v2\/product_brand?post=12188"},{"taxonomy":"product_cat","embeddable":true,"href":"https:\/\/engitech.az\/en\/wp-json\/wp\/v2\/product_cat?post=12188"},{"taxonomy":"product_tag","embeddable":true,"href":"https:\/\/engitech.az\/en\/wp-json\/wp\/v2\/product_tag?post=12188"}],"curies":[{"name":"wp","href":"https:\/\/api.w.org\/{rel}","templated":true}]}}