{"id":12190,"date":"2026-04-02T07:57:26","date_gmt":"2026-04-02T07:57:26","guid":{"rendered":"https:\/\/engitech.az\/?post_type=product&#038;p=12190"},"modified":"2026-04-02T07:57:26","modified_gmt":"2026-04-02T07:57:26","slug":"ds-2ce60df0t-ptlxts","status":"publish","type":"product","link":"https:\/\/engitech.az\/en\/product\/ds-2ce60df0t-ptlxts\/","title":{"rendered":"DS-2CE60DF0T-PTLXTS"},"content":{"rendered":"<p>\u2022 <strong data-start=\"2\" data-end=\"13\">M\u0259hsul:<\/strong> Hikvision DS\u20112CE60DF0T\u2011PTLXTS<br data-start=\"47\" data-end=\"50\" \/>\u2022 <strong data-start=\"52\" data-end=\"67\">Category:<\/strong> T\u0259hl\u00fck\u0259sizlik kamera<br data-start=\"88\" data-end=\"91\" \/>\u2022 <strong data-start=\"93\" data-end=\"101\">Type:<\/strong> 2\u202fMP Turbo HD \/ HD\u2011TVI kamera<br data-start=\"135\" data-end=\"138\" \/>\u2022 <strong data-start=\"140\" data-end=\"149\">Lens:<\/strong> <strong data-start=\"150\" data-end=\"160\">2.8\u202fmm<\/strong> (g\u00fcn\u0259\u015fli geni\u015f bucaq)<br data-start=\"182\" data-end=\"185\" \/>\u2022 <strong data-start=\"187\" data-end=\"203\">Gec\u0259 G\u00f6r\u00fc\u015f\u00fc:<\/strong> IR gec\u0259 i\u015f\u0131\u011f\u0131 il\u0259 gec\u0259\u2011g\u00fcnd\u00fcz m\u00fc\u015fahid\u0259<br data-start=\"242\" data-end=\"245\" \/>\u2022 <strong data-start=\"247\" data-end=\"263\">Functions:<\/strong><br data-start=\"263\" data-end=\"266\" \/>\u2013 <strong data-start=\"270\" data-end=\"282\">Smart IR<\/strong> gec\u0259 performans\u0131<br data-start=\"299\" data-end=\"302\" \/>\u2013 <strong data-start=\"306\" data-end=\"325\">Day\/Night (ICR)<\/strong><br data-start=\"325\" data-end=\"328\" \/>\u2022 <strong data-start=\"330\" data-end=\"344\">Korpoziya:<\/strong> H\u0259r iqlim \u00fc\u00e7\u00fcn davaml\u0131 (IP66)<br data-start=\"378\" data-end=\"381\" \/>\u2022 <strong data-start=\"383\" data-end=\"393\">Contact:<\/strong> Koaksial kabel (BNC)<br data-start=\"414\" data-end=\"417\" \/>\u2022 <strong data-start=\"419\" data-end=\"433\">Qeydiyyat:<\/strong> 1080p Full HD<br data-start=\"451\" data-end=\"454\" \/>\u2022 <strong data-start=\"456\" data-end=\"469\">Usage:<\/strong> Ev, obyekt v\u0259 ofis \u00fc\u00e7\u00fcn g\u00fcnd\u00fcz\u2011gec\u0259 y\u00fcks\u0259k keyfiyy\u0259tli CCTV m\u00fc\u015fahid\u0259 kameras\u0131.<\/p>","protected":false},"excerpt":{"rendered":"<p>\u2022 M\u0259hsul: Hikvision DS\u20112CE60DF0T\u2011PTLXTS\u2022 Kateqoriya: T\u0259hl\u00fck\u0259sizlik kamera\u2022 Tip: 2\u202fMP Turbo  [&#8230;]<\/p>","protected":false},"featured_media":12192,"comment_status":"open","ping_status":"closed","template":"","meta":[],"product_brand":[],"product_cat":[167],"product_tag":[],"class_list":{"0":"post-12190","1":"product","2":"type-product","3":"status-publish","4":"has-post-thumbnail","6":"product_cat-hikvision","7":"pa_mehsul-tipi-turbo-hd-products","9":"first","10":"instock","11":"sold-individually","12":"shipping-taxable","13":"purchasable","14":"product-type-simple"},"_links":{"self":[{"href":"https:\/\/engitech.az\/en\/wp-json\/wp\/v2\/product\/12190","targetHints":{"allow":["GET"]}}],"collection":[{"href":"https:\/\/engitech.az\/en\/wp-json\/wp\/v2\/product"}],"about":[{"href":"https:\/\/engitech.az\/en\/wp-json\/wp\/v2\/types\/product"}],"replies":[{"embeddable":true,"href":"https:\/\/engitech.az\/en\/wp-json\/wp\/v2\/comments?post=12190"}],"wp:featuredmedia":[{"embeddable":true,"href":"https:\/\/engitech.az\/en\/wp-json\/wp\/v2\/media\/12192"}],"wp:attachment":[{"href":"https:\/\/engitech.az\/en\/wp-json\/wp\/v2\/media?parent=12190"}],"wp:term":[{"taxonomy":"product_brand","embeddable":true,"href":"https:\/\/engitech.az\/en\/wp-json\/wp\/v2\/product_brand?post=12190"},{"taxonomy":"product_cat","embeddable":true,"href":"https:\/\/engitech.az\/en\/wp-json\/wp\/v2\/product_cat?post=12190"},{"taxonomy":"product_tag","embeddable":true,"href":"https:\/\/engitech.az\/en\/wp-json\/wp\/v2\/product_tag?post=12190"}],"curies":[{"name":"wp","href":"https:\/\/api.w.org\/{rel}","templated":true}]}}