{"id":12196,"date":"2026-04-02T08:03:01","date_gmt":"2026-04-02T08:03:01","guid":{"rendered":"https:\/\/engitech.az\/?post_type=product&#038;p=12196"},"modified":"2026-04-02T08:03:02","modified_gmt":"2026-04-02T08:03:02","slug":"ds-2ce52k0t-lps","status":"publish","type":"product","link":"https:\/\/engitech.az\/en\/product\/ds-2ce52k0t-lps\/","title":{"rendered":"DS-2CE52K0T-LPS"},"content":{"rendered":"<p>\u2022 <strong data-start=\"2\" data-end=\"13\">M\u0259hsul:<\/strong> Hikvision DS\u20112CE52K0T\u2011LPS<br data-start=\"43\" data-end=\"46\" \/>\u2022 <strong data-start=\"48\" data-end=\"63\">Category:<\/strong> T\u0259hl\u00fck\u0259sizlik kamera<br data-start=\"84\" data-end=\"87\" \/>\u2022 <strong data-start=\"89\" data-end=\"97\">Type:<\/strong> 2\u202fMP Turbo HD \/ HD\u2011TVI kamera<br data-start=\"131\" data-end=\"134\" \/>\u2022 <strong data-start=\"136\" data-end=\"145\">Lens:<\/strong> 2.8\u202fmm (geni\u015f bucaq)<br data-start=\"166\" data-end=\"169\" \/>\u2022 <strong data-start=\"171\" data-end=\"187\">Gec\u0259 G\u00f6r\u00fc\u015f\u00fc:<\/strong> IR gec\u0259 i\u015f\u0131\u011f\u0131 il\u0259 gec\u0259\u2011g\u00fcnd\u00fcz m\u00fc\u015fahid\u0259<br data-start=\"226\" data-end=\"229\" \/>\u2022 <strong data-start=\"231\" data-end=\"245\">Korpoziya:<\/strong> H\u0259r iqlim \u015f\u0259raitin\u0259 davaml\u0131 (IP66)<br data-start=\"284\" data-end=\"287\" \/>\u2022 <strong data-start=\"289\" data-end=\"299\">Contact:<\/strong> Koaksial kabel (BNC)<br data-start=\"320\" data-end=\"323\" \/>\u2022 <strong data-start=\"325\" data-end=\"339\">Qeydiyyat:<\/strong> 1080p Full\u202fHD keyfiyy\u0259t<br data-start=\"367\" data-end=\"370\" \/>\u2022 <strong data-start=\"372\" data-end=\"385\">Usage:<\/strong> Ev, obyekt v\u0259 ofis \u00fc\u00e7\u00fcn g\u00fcnd\u00fcz\u2011gec\u0259 CCTV m\u00fc\u015fahid\u0259 kameras\u0131.<\/p>","protected":false},"excerpt":{"rendered":"<p>\u2022 M\u0259hsul: Hikvision DS\u20112CE52K0T\u2011LPS\u2022 Kateqoriya: T\u0259hl\u00fck\u0259sizlik kamera\u2022 Tip: 2\u202fMP Turbo  [&#8230;]<\/p>","protected":false},"featured_media":12197,"comment_status":"open","ping_status":"closed","template":"","meta":[],"product_brand":[],"product_cat":[167],"product_tag":[],"class_list":{"0":"post-12196","1":"product","2":"type-product","3":"status-publish","4":"has-post-thumbnail","6":"product_cat-hikvision","7":"pa_mehsul-tipi-turbo-hd-products","9":"first","10":"instock","11":"sold-individually","12":"shipping-taxable","13":"purchasable","14":"product-type-simple"},"_links":{"self":[{"href":"https:\/\/engitech.az\/en\/wp-json\/wp\/v2\/product\/12196","targetHints":{"allow":["GET"]}}],"collection":[{"href":"https:\/\/engitech.az\/en\/wp-json\/wp\/v2\/product"}],"about":[{"href":"https:\/\/engitech.az\/en\/wp-json\/wp\/v2\/types\/product"}],"replies":[{"embeddable":true,"href":"https:\/\/engitech.az\/en\/wp-json\/wp\/v2\/comments?post=12196"}],"wp:featuredmedia":[{"embeddable":true,"href":"https:\/\/engitech.az\/en\/wp-json\/wp\/v2\/media\/12197"}],"wp:attachment":[{"href":"https:\/\/engitech.az\/en\/wp-json\/wp\/v2\/media?parent=12196"}],"wp:term":[{"taxonomy":"product_brand","embeddable":true,"href":"https:\/\/engitech.az\/en\/wp-json\/wp\/v2\/product_brand?post=12196"},{"taxonomy":"product_cat","embeddable":true,"href":"https:\/\/engitech.az\/en\/wp-json\/wp\/v2\/product_cat?post=12196"},{"taxonomy":"product_tag","embeddable":true,"href":"https:\/\/engitech.az\/en\/wp-json\/wp\/v2\/product_tag?post=12196"}],"curies":[{"name":"wp","href":"https:\/\/api.w.org\/{rel}","templated":true}]}}