{"id":12198,"date":"2026-04-02T08:07:12","date_gmt":"2026-04-02T08:07:12","guid":{"rendered":"https:\/\/engitech.az\/?post_type=product&#038;p=12198"},"modified":"2026-04-02T08:07:13","modified_gmt":"2026-04-02T08:07:13","slug":"ids-e04hqhi-xb","status":"publish","type":"product","link":"https:\/\/engitech.az\/en\/product\/ids-e04hqhi-xb\/","title":{"rendered":"iDS-E04HQHI-XB"},"content":{"rendered":"<p>\u2022 <strong data-start=\"2\" data-end=\"13\">M\u0259hsul:<\/strong> Hikvision<strong data-start=\"24\" data-end=\"42\"> iDS\u2011E04HQHI\u2011XB<\/strong><br data-start=\"42\" data-end=\"45\" \/>\u2022 <strong data-start=\"47\" data-end=\"62\">Category:<\/strong> DVR (video m\u00fc\u015fahid\u0259 qeydiyyat cihaz\u0131)<br data-start=\"100\" data-end=\"103\" \/>\u2022 <strong data-start=\"105\" data-end=\"115\">Contact:<\/strong> HDMI, VGA, RJ45, USB<br data-start=\"136\" data-end=\"139\" \/>\u2022 <strong data-start=\"141\" data-end=\"157\">Functions:<\/strong> 4 kanal d\u0259st\u0259yi, H.265 Pro+ s\u0131x\u0131lma, AI insan\/n\u0259qliyyat tan\u0131ma (AcuSense), motion detection, analoq + IP kamera d\u0259st\u0259yi, y\u00fcks\u0259k keyfiyy\u0259tli qeydiyyat<br data-start=\"307\" data-end=\"310\" \/>\u2022 <strong data-start=\"312\" data-end=\"325\">Usage:<\/strong> Ev, ofis v\u0259 obyektl\u0259r \u00fc\u00e7\u00fcn orta s\u0259viyy\u0259li t\u0259hl\u00fck\u0259sizlik sistemi idar\u0259si v\u0259 qeydiyyat\u0131.<\/p>","protected":false},"excerpt":{"rendered":"<p>\u2022 M\u0259hsul: Hikvision iDS\u2011E04HQHI\u2011XB\u2022 Kateqoriya: DVR (video m\u00fc\u015fahid\u0259 qeydiyyat cihaz\u0131)\u2022  [&#8230;]<\/p>","protected":false},"featured_media":12199,"comment_status":"open","ping_status":"closed","template":"","meta":[],"product_brand":[],"product_cat":[167],"product_tag":[],"class_list":{"0":"post-12198","1":"product","2":"type-product","3":"status-publish","4":"has-post-thumbnail","6":"product_cat-hikvision","7":"pa_mehsul-tipi-turbo-hd-products","9":"first","10":"instock","11":"sold-individually","12":"shipping-taxable","13":"purchasable","14":"product-type-simple"},"_links":{"self":[{"href":"https:\/\/engitech.az\/en\/wp-json\/wp\/v2\/product\/12198","targetHints":{"allow":["GET"]}}],"collection":[{"href":"https:\/\/engitech.az\/en\/wp-json\/wp\/v2\/product"}],"about":[{"href":"https:\/\/engitech.az\/en\/wp-json\/wp\/v2\/types\/product"}],"replies":[{"embeddable":true,"href":"https:\/\/engitech.az\/en\/wp-json\/wp\/v2\/comments?post=12198"}],"wp:featuredmedia":[{"embeddable":true,"href":"https:\/\/engitech.az\/en\/wp-json\/wp\/v2\/media\/12199"}],"wp:attachment":[{"href":"https:\/\/engitech.az\/en\/wp-json\/wp\/v2\/media?parent=12198"}],"wp:term":[{"taxonomy":"product_brand","embeddable":true,"href":"https:\/\/engitech.az\/en\/wp-json\/wp\/v2\/product_brand?post=12198"},{"taxonomy":"product_cat","embeddable":true,"href":"https:\/\/engitech.az\/en\/wp-json\/wp\/v2\/product_cat?post=12198"},{"taxonomy":"product_tag","embeddable":true,"href":"https:\/\/engitech.az\/en\/wp-json\/wp\/v2\/product_tag?post=12198"}],"curies":[{"name":"wp","href":"https:\/\/api.w.org\/{rel}","templated":true}]}}