{"id":12204,"date":"2026-04-02T08:14:37","date_gmt":"2026-04-02T08:14:37","guid":{"rendered":"https:\/\/engitech.az\/?post_type=product&#038;p=12204"},"modified":"2026-04-02T08:14:37","modified_gmt":"2026-04-02T08:14:37","slug":"ids-7208hqhi-m2-xt","status":"publish","type":"product","link":"https:\/\/engitech.az\/en\/product\/ids-7208hqhi-m2-xt\/","title":{"rendered":"iDS-7208HQHI-M2\/XT"},"content":{"rendered":"<p>\u2022 <strong data-start=\"2\" data-end=\"13\">M\u0259hsul:<\/strong> Hikvision iDS\u20117208HQHI\u2011M2\/XT<br data-start=\"46\" data-end=\"49\" \/>\u2022 <strong data-start=\"51\" data-end=\"66\">Category:<\/strong> DVR (video m\u00fc\u015fahid\u0259 qeydiyyat cihaz\u0131)<br data-start=\"104\" data-end=\"107\" \/>\u2022 <strong data-start=\"109\" data-end=\"119\">Contact:<\/strong> HDMI, VGA, RJ45 (Ethernet), USB<br data-start=\"151\" data-end=\"154\" \/>\u2022 <strong data-start=\"156\" data-end=\"172\">Functions:<\/strong><br data-start=\"172\" data-end=\"175\" \/>\u2013 <strong data-start=\"179\" data-end=\"190\">8 kanal<\/strong> d\u0259st\u0259yi<br data-start=\"198\" data-end=\"201\" \/>\u2013 <strong data-start=\"205\" data-end=\"221\">H.265\/H.265+<\/strong> video s\u0131x\u0131lma<br data-start=\"235\" data-end=\"238\" \/>\u2013 <strong data-start=\"242\" data-end=\"257\">AcuSense AI<\/strong> insan v\u0259 n\u0259qliyyat tan\u0131ma (az yaln\u0131\u015f siqnal)<br data-start=\"302\" data-end=\"305\" \/>\u2013 Motion Detection (h\u0259r\u0259k\u0259t a\u015fkarlanmas\u0131)<br data-start=\"348\" data-end=\"351\" \/>\u2013 Analogue + IP kamera d\u0259st\u0259yi<br data-start=\"383\" data-end=\"386\" \/>\u2022 <strong data-start=\"388\" data-end=\"400\">Storage:<\/strong> 2\u00d7SATA HDD d\u0259st\u0259yi (h\u0259r biri 6\u202fTB\u2011a q\u0259d\u0259r v\u0259 ya daha \u00e7ox)<br data-start=\"458\" data-end=\"461\" \/>\u2022 <strong data-start=\"463\" data-end=\"476\">Usage:<\/strong> Ev, ofis v\u0259 obyektl\u0259r \u00fc\u00e7\u00fcn 8 kanal DVR \u2013 orta v\u0259 b\u00f6y\u00fck t\u0259hl\u00fck\u0259sizlik sisteml\u0259ri \u00fc\u00e7\u00fcn uy\u011fundur.<\/p>","protected":false},"excerpt":{"rendered":"<p>\u2022 M\u0259hsul: Hikvision iDS\u20117208HQHI\u2011M2\/XT\u2022 Kateqoriya: DVR (video m\u00fc\u015fahid\u0259 qeydiyyat cihaz\u0131)\u2022  [&#8230;]<\/p>","protected":false},"featured_media":12205,"comment_status":"open","ping_status":"closed","template":"","meta":[],"product_brand":[],"product_cat":[167],"product_tag":[],"class_list":{"0":"post-12204","1":"product","2":"type-product","3":"status-publish","4":"has-post-thumbnail","6":"product_cat-hikvision","7":"pa_mehsul-tipi-turbo-hd-products","9":"first","10":"instock","11":"sold-individually","12":"shipping-taxable","13":"purchasable","14":"product-type-simple"},"_links":{"self":[{"href":"https:\/\/engitech.az\/en\/wp-json\/wp\/v2\/product\/12204","targetHints":{"allow":["GET"]}}],"collection":[{"href":"https:\/\/engitech.az\/en\/wp-json\/wp\/v2\/product"}],"about":[{"href":"https:\/\/engitech.az\/en\/wp-json\/wp\/v2\/types\/product"}],"replies":[{"embeddable":true,"href":"https:\/\/engitech.az\/en\/wp-json\/wp\/v2\/comments?post=12204"}],"wp:featuredmedia":[{"embeddable":true,"href":"https:\/\/engitech.az\/en\/wp-json\/wp\/v2\/media\/12205"}],"wp:attachment":[{"href":"https:\/\/engitech.az\/en\/wp-json\/wp\/v2\/media?parent=12204"}],"wp:term":[{"taxonomy":"product_brand","embeddable":true,"href":"https:\/\/engitech.az\/en\/wp-json\/wp\/v2\/product_brand?post=12204"},{"taxonomy":"product_cat","embeddable":true,"href":"https:\/\/engitech.az\/en\/wp-json\/wp\/v2\/product_cat?post=12204"},{"taxonomy":"product_tag","embeddable":true,"href":"https:\/\/engitech.az\/en\/wp-json\/wp\/v2\/product_tag?post=12204"}],"curies":[{"name":"wp","href":"https:\/\/api.w.org\/{rel}","templated":true}]}}