{"id":12206,"date":"2026-04-02T08:19:44","date_gmt":"2026-04-02T08:19:44","guid":{"rendered":"https:\/\/engitech.az\/?post_type=product&#038;p=12206"},"modified":"2026-04-02T08:19:44","modified_gmt":"2026-04-02T08:19:44","slug":"ids-7216huhi-m2-pxt","status":"publish","type":"product","link":"https:\/\/engitech.az\/en\/product\/ids-7216huhi-m2-pxt\/","title":{"rendered":"iDS-7216HUHI-M2\/PXT"},"content":{"rendered":"<p>\u2022 <strong data-start=\"2\" data-end=\"13\">M\u0259hsul:<\/strong> Hikvision iDS\u20117216HUHI\u2011M2\/PXT<br data-start=\"47\" data-end=\"50\" \/>\u2022 <strong data-start=\"52\" data-end=\"67\">Category:<\/strong> DVR (video m\u00fc\u015fahid\u0259 qeydiyyat cihaz\u0131)<br data-start=\"105\" data-end=\"108\" \/>\u2022 <strong data-start=\"110\" data-end=\"120\">Contact:<\/strong> HDMI, VGA, RJ45 (Ethernet), USB<br data-start=\"152\" data-end=\"155\" \/>\u2022 <strong data-start=\"157\" data-end=\"173\">Functions:<\/strong><br data-start=\"173\" data-end=\"176\" \/>\u2013 <strong data-start=\"180\" data-end=\"192\">16 kanal<\/strong> d\u0259st\u0259yi<br data-start=\"200\" data-end=\"203\" \/>\u2013 <strong data-start=\"207\" data-end=\"223\">H.265\/H.265+<\/strong> video s\u0131x\u0131lma<br data-start=\"237\" data-end=\"240\" \/>\u2013 <strong data-start=\"244\" data-end=\"259\">AcuSense AI<\/strong> insan v\u0259 n\u0259qliyyat tan\u0131ma (az yaln\u0131\u015f siqnal)<br data-start=\"304\" data-end=\"307\" \/>\u2013 Motion Detection (h\u0259r\u0259k\u0259t a\u015fkarlanmas\u0131)<br data-start=\"350\" data-end=\"353\" \/>\u2013 Analogue + IP kamera d\u0259st\u0259yi<br data-start=\"385\" data-end=\"388\" \/>\u2022 <strong data-start=\"390\" data-end=\"402\">Storage:<\/strong> 2\u00d7SATA v\u0259 ya 4\u00d7SATA HDD d\u0259st\u0259yi (h\u0259r biri b\u00f6y\u00fck tutumlu)<br data-start=\"459\" data-end=\"462\" \/>\u2022 <strong data-start=\"464\" data-end=\"477\">Usage:<\/strong> Orta v\u0259 b\u00f6y\u00fck obyektl\u0259r, biznes, geni\u015f t\u0259hl\u00fck\u0259sizlik sisteml\u0259ri \u00fc\u00e7\u00fcn pe\u015f\u0259kar DVR.<\/p>","protected":false},"excerpt":{"rendered":"<p>\u2022 M\u0259hsul: Hikvision iDS\u20117216HUHI\u2011M2\/PXT\u2022 Kateqoriya: DVR (video m\u00fc\u015fahid\u0259 qeydiyyat cihaz\u0131)\u2022  [&#8230;]<\/p>","protected":false},"featured_media":12207,"comment_status":"open","ping_status":"closed","template":"","meta":[],"product_brand":[],"product_cat":[167],"product_tag":[],"class_list":{"0":"post-12206","1":"product","2":"type-product","3":"status-publish","4":"has-post-thumbnail","6":"product_cat-hikvision","7":"pa_mehsul-tipi-turbo-hd-products","9":"first","10":"instock","11":"sold-individually","12":"shipping-taxable","13":"purchasable","14":"product-type-simple"},"_links":{"self":[{"href":"https:\/\/engitech.az\/en\/wp-json\/wp\/v2\/product\/12206","targetHints":{"allow":["GET"]}}],"collection":[{"href":"https:\/\/engitech.az\/en\/wp-json\/wp\/v2\/product"}],"about":[{"href":"https:\/\/engitech.az\/en\/wp-json\/wp\/v2\/types\/product"}],"replies":[{"embeddable":true,"href":"https:\/\/engitech.az\/en\/wp-json\/wp\/v2\/comments?post=12206"}],"wp:featuredmedia":[{"embeddable":true,"href":"https:\/\/engitech.az\/en\/wp-json\/wp\/v2\/media\/12207"}],"wp:attachment":[{"href":"https:\/\/engitech.az\/en\/wp-json\/wp\/v2\/media?parent=12206"}],"wp:term":[{"taxonomy":"product_brand","embeddable":true,"href":"https:\/\/engitech.az\/en\/wp-json\/wp\/v2\/product_brand?post=12206"},{"taxonomy":"product_cat","embeddable":true,"href":"https:\/\/engitech.az\/en\/wp-json\/wp\/v2\/product_cat?post=12206"},{"taxonomy":"product_tag","embeddable":true,"href":"https:\/\/engitech.az\/en\/wp-json\/wp\/v2\/product_tag?post=12206"}],"curies":[{"name":"wp","href":"https:\/\/api.w.org\/{rel}","templated":true}]}}