{"id":12208,"date":"2026-04-02T08:22:55","date_gmt":"2026-04-02T08:22:55","guid":{"rendered":"https:\/\/engitech.az\/?post_type=product&#038;p=12208"},"modified":"2026-04-02T08:22:56","modified_gmt":"2026-04-02T08:22:56","slug":"ids-7204hqhi-m1-t","status":"publish","type":"product","link":"https:\/\/engitech.az\/en\/product\/ids-7204hqhi-m1-t\/","title":{"rendered":"iDS-7204HQHI-M1\/T"},"content":{"rendered":"<p>\u2022 <strong data-start=\"2\" data-end=\"13\">M\u0259hsul:<\/strong> Hikvision iDS\u20117204HQHI\u2011M1\/T<br data-start=\"45\" data-end=\"48\" \/>\u2022 <strong data-start=\"50\" data-end=\"65\">Category:<\/strong> DVR (video m\u00fc\u015fahid\u0259 qeydiyyat cihaz\u0131)<br data-start=\"103\" data-end=\"106\" \/>\u2022 <strong data-start=\"108\" data-end=\"118\">Contact:<\/strong> HDMI, VGA, RJ45 (Ethernet), USB<br data-start=\"150\" data-end=\"153\" \/>\u2022 <strong data-start=\"155\" data-end=\"171\">Functions:<\/strong><br data-start=\"171\" data-end=\"174\" \/>\u2013 <strong data-start=\"178\" data-end=\"189\">4 kanal<\/strong> d\u0259st\u0259yi<br data-start=\"197\" data-end=\"200\" \/>\u2013 <strong data-start=\"204\" data-end=\"220\">H.265\/H.265+<\/strong> video s\u0131x\u0131lma<br data-start=\"234\" data-end=\"237\" \/>\u2013 <strong data-start=\"241\" data-end=\"256\">AcuSense AI<\/strong> insan v\u0259 n\u0259qliyyat tan\u0131ma<br data-start=\"282\" data-end=\"285\" \/>\u2013 Motion Detection (h\u0259r\u0259k\u0259t a\u015fkarlanmas\u0131)<br data-start=\"328\" data-end=\"331\" \/>\u2013 Analogue + IP kamera d\u0259st\u0259yi<br data-start=\"363\" data-end=\"366\" \/>\u2022 <strong data-start=\"368\" data-end=\"380\">Storage:<\/strong> 1\u00d7SATA HDD d\u0259st\u0259yi (m\u0259s\u0259l\u0259n 4\u202fTB\u2011a q\u0259d\u0259r)<br data-start=\"422\" data-end=\"425\" \/>\u2022 <strong data-start=\"427\" data-end=\"440\">Usage:<\/strong> Ev, ofis v\u0259 ki\u00e7ik obyektl\u0259r \u00fc\u00e7\u00fcn orta s\u0259viyy\u0259li DVR \u2013 t\u0259hl\u00fck\u0259sizlik sisteml\u0259ri \u00fc\u00e7\u00fcn uy\u011fun.<\/p>","protected":false},"excerpt":{"rendered":"<p>\u2022 M\u0259hsul: Hikvision iDS\u20117204HQHI\u2011M1\/T\u2022 Kateqoriya: DVR (video m\u00fc\u015fahid\u0259 qeydiyyat cihaz\u0131)\u2022  [&#8230;]<\/p>","protected":false},"featured_media":12209,"comment_status":"open","ping_status":"closed","template":"","meta":[],"product_brand":[],"product_cat":[167],"product_tag":[],"class_list":{"0":"post-12208","1":"product","2":"type-product","3":"status-publish","4":"has-post-thumbnail","6":"product_cat-hikvision","7":"pa_mehsul-tipi-turbo-hd-products","9":"first","10":"instock","11":"sold-individually","12":"shipping-taxable","13":"purchasable","14":"product-type-simple"},"_links":{"self":[{"href":"https:\/\/engitech.az\/en\/wp-json\/wp\/v2\/product\/12208","targetHints":{"allow":["GET"]}}],"collection":[{"href":"https:\/\/engitech.az\/en\/wp-json\/wp\/v2\/product"}],"about":[{"href":"https:\/\/engitech.az\/en\/wp-json\/wp\/v2\/types\/product"}],"replies":[{"embeddable":true,"href":"https:\/\/engitech.az\/en\/wp-json\/wp\/v2\/comments?post=12208"}],"wp:featuredmedia":[{"embeddable":true,"href":"https:\/\/engitech.az\/en\/wp-json\/wp\/v2\/media\/12209"}],"wp:attachment":[{"href":"https:\/\/engitech.az\/en\/wp-json\/wp\/v2\/media?parent=12208"}],"wp:term":[{"taxonomy":"product_brand","embeddable":true,"href":"https:\/\/engitech.az\/en\/wp-json\/wp\/v2\/product_brand?post=12208"},{"taxonomy":"product_cat","embeddable":true,"href":"https:\/\/engitech.az\/en\/wp-json\/wp\/v2\/product_cat?post=12208"},{"taxonomy":"product_tag","embeddable":true,"href":"https:\/\/engitech.az\/en\/wp-json\/wp\/v2\/product_tag?post=12208"}],"curies":[{"name":"wp","href":"https:\/\/api.w.org\/{rel}","templated":true}]}}