{"id":12210,"date":"2026-04-02T08:28:24","date_gmt":"2026-04-02T08:28:24","guid":{"rendered":"https:\/\/engitech.az\/?post_type=product&#038;p=12210"},"modified":"2026-04-02T08:28:25","modified_gmt":"2026-04-02T08:28:25","slug":"ds-7204hghi-m1-t","status":"publish","type":"product","link":"https:\/\/engitech.az\/en\/product\/ds-7204hghi-m1-t\/","title":{"rendered":"DS-7204HGHI-M1\/T"},"content":{"rendered":"<p>\u2022 <strong data-start=\"2\" data-end=\"13\">M\u0259hsul:<\/strong> Hikvision DS\u20117204HGHI\u2011M1\/T<br data-start=\"44\" data-end=\"47\" \/>\u2022 <strong data-start=\"49\" data-end=\"64\">Category:<\/strong> DVR (video m\u00fc\u015fahid\u0259 qeydiyyat cihaz\u0131)<br data-start=\"102\" data-end=\"105\" \/>\u2022 <strong data-start=\"107\" data-end=\"117\">Contact:<\/strong> HDMI, VGA, RJ45 (Ethernet), USB<br data-start=\"149\" data-end=\"152\" \/>\u2022 <strong data-start=\"154\" data-end=\"170\">Functions:<\/strong><br data-start=\"170\" data-end=\"173\" \/>\u2013 <strong data-start=\"177\" data-end=\"188\">4 kanal<\/strong> d\u0259st\u0259yi<br data-start=\"196\" data-end=\"199\" \/>\u2013 <strong data-start=\"203\" data-end=\"219\">H.265\/H.265+<\/strong> video s\u0131x\u0131lma<br data-start=\"233\" data-end=\"236\" \/>\u2013 Motion Detection (h\u0259r\u0259k\u0259t a\u015fkarlanmas\u0131)<br data-start=\"279\" data-end=\"282\" \/>\u2013 Analogue + IP kamera d\u0259st\u0259yi (maks. IP kameralar)<br data-start=\"335\" data-end=\"338\" \/>\u2013 1080p Lite \/ Full HD qeydiyyat<br data-start=\"372\" data-end=\"375\" \/>\u2022 <strong data-start=\"377\" data-end=\"389\">Storage:<\/strong> 1\u00d7SATA HDD d\u0259st\u0259yi (m\u0259s\u0259l\u0259n 4\u202fTB\u2011a q\u0259d\u0259r)<br data-start=\"431\" data-end=\"434\" \/>\u2022 <strong data-start=\"436\" data-end=\"449\">Usage:<\/strong> Ev, ofis v\u0259 ki\u00e7ik obyektl\u0259r \u00fc\u00e7\u00fcn orta s\u0259viyy\u0259li t\u0259hl\u00fck\u0259sizlik sistemi DVR.<\/p>","protected":false},"excerpt":{"rendered":"<p>\u2022 M\u0259hsul: Hikvision DS\u20117204HGHI\u2011M1\/T\u2022 Kateqoriya: DVR (video m\u00fc\u015fahid\u0259 qeydiyyat cihaz\u0131)\u2022  [&#8230;]<\/p>","protected":false},"featured_media":12211,"comment_status":"open","ping_status":"closed","template":"","meta":[],"product_brand":[],"product_cat":[167],"product_tag":[],"class_list":{"0":"post-12210","1":"product","2":"type-product","3":"status-publish","4":"has-post-thumbnail","6":"product_cat-hikvision","7":"pa_mehsul-tipi-turbo-hd-products","9":"first","10":"instock","11":"sold-individually","12":"shipping-taxable","13":"purchasable","14":"product-type-simple"},"_links":{"self":[{"href":"https:\/\/engitech.az\/en\/wp-json\/wp\/v2\/product\/12210","targetHints":{"allow":["GET"]}}],"collection":[{"href":"https:\/\/engitech.az\/en\/wp-json\/wp\/v2\/product"}],"about":[{"href":"https:\/\/engitech.az\/en\/wp-json\/wp\/v2\/types\/product"}],"replies":[{"embeddable":true,"href":"https:\/\/engitech.az\/en\/wp-json\/wp\/v2\/comments?post=12210"}],"wp:featuredmedia":[{"embeddable":true,"href":"https:\/\/engitech.az\/en\/wp-json\/wp\/v2\/media\/12211"}],"wp:attachment":[{"href":"https:\/\/engitech.az\/en\/wp-json\/wp\/v2\/media?parent=12210"}],"wp:term":[{"taxonomy":"product_brand","embeddable":true,"href":"https:\/\/engitech.az\/en\/wp-json\/wp\/v2\/product_brand?post=12210"},{"taxonomy":"product_cat","embeddable":true,"href":"https:\/\/engitech.az\/en\/wp-json\/wp\/v2\/product_cat?post=12210"},{"taxonomy":"product_tag","embeddable":true,"href":"https:\/\/engitech.az\/en\/wp-json\/wp\/v2\/product_tag?post=12210"}],"curies":[{"name":"wp","href":"https:\/\/api.w.org\/{rel}","templated":true}]}}