{"id":12212,"date":"2026-04-02T08:31:17","date_gmt":"2026-04-02T08:31:17","guid":{"rendered":"https:\/\/engitech.az\/?post_type=product&#038;p=12212"},"modified":"2026-04-02T08:31:17","modified_gmt":"2026-04-02T08:31:17","slug":"ids-9032huhi-m8-s","status":"publish","type":"product","link":"https:\/\/engitech.az\/en\/product\/ids-9032huhi-m8-s\/","title":{"rendered":"iDS-9032HUHI-M8\/S"},"content":{"rendered":"<p>\u2022 <strong data-start=\"2\" data-end=\"13\">M\u0259hsul:<\/strong> Hikvision iDS\u20119032HUHI\u2011M8\/S<br data-start=\"45\" data-end=\"48\" \/>\u2022 <strong data-start=\"50\" data-end=\"65\">Category:<\/strong> Pe\u015f\u0259kar DVR (video m\u00fc\u015fahid\u0259 qeydiyyat cihaz\u0131)<br data-start=\"115\" data-end=\"118\" \/>\u2022 <strong data-start=\"120\" data-end=\"130\">Contact:<\/strong> HDMI (2), VGA, 2\u00d7RJ45 (\u015f\u0259b\u0259k\u0259), USB<br data-start=\"170\" data-end=\"173\" \/>\u2022 <strong data-start=\"175\" data-end=\"191\">Functions:<\/strong><br data-start=\"191\" data-end=\"194\" \/>\u2013 <strong data-start=\"198\" data-end=\"210\">32 kanal<\/strong> d\u0259st\u0259yi<br data-start=\"218\" data-end=\"221\" \/>\u2013 <strong data-start=\"225\" data-end=\"241\">H.265\/H.265+<\/strong> video s\u0131x\u0131lma<br data-start=\"255\" data-end=\"258\" \/>\u2013 <strong data-start=\"262\" data-end=\"277\">AcuSense AI<\/strong> insan v\u0259 n\u0259qliyyat tan\u0131ma (az yaln\u0131\u015f siqnal)<br data-start=\"322\" data-end=\"325\" \/>\u2013 <strong data-start=\"329\" data-end=\"366\">Smart Motion\/Motion Detection 2.0<\/strong><br data-start=\"366\" data-end=\"369\" \/>\u2013 Analogue + IP kamera d\u0259st\u0259yi (maks. \u00e7ox sayda IP)<br data-start=\"422\" data-end=\"425\" \/>\u2013 <strong data-start=\"429\" data-end=\"458\">High\u2011resolution recording<\/strong> (8\u202fMP v\u0259 daha a\u015fa\u011f\u0131)<br data-start=\"479\" data-end=\"482\" \/>\u2022 <strong data-start=\"484\" data-end=\"496\">Storage:<\/strong> 8\u00d7SATA HDD d\u0259st\u0259yi (b\u00f6y\u00fck tutumlu diskl\u0259r, RAID d\u0259st\u0259yi ola bil\u0259r)<br data-start=\"567\" data-end=\"570\" \/>\u2022 <strong data-start=\"572\" data-end=\"585\">Usage:<\/strong> B\u00f6y\u00fck obyektl\u0259r, biznes m\u0259rk\u0259zl\u0259ri, s\u0259naye v\u0259 geni\u015f CCTV t\u0259hl\u00fck\u0259sizlik sisteml\u0259ri \u00fc\u00e7\u00fcn pe\u015f\u0259kar DVR.<\/p>","protected":false},"excerpt":{"rendered":"<p>\u2022 M\u0259hsul: Hikvision iDS\u20119032HUHI\u2011M8\/S\u2022 Kateqoriya: Pe\u015f\u0259kar DVR (video m\u00fc\u015fahid\u0259 qeydiyyat  [&#8230;]<\/p>","protected":false},"featured_media":12213,"comment_status":"open","ping_status":"closed","template":"","meta":[],"product_brand":[],"product_cat":[167],"product_tag":[],"class_list":{"0":"post-12212","1":"product","2":"type-product","3":"status-publish","4":"has-post-thumbnail","6":"product_cat-hikvision","7":"pa_mehsul-tipi-turbo-hd-products","9":"first","10":"instock","11":"sold-individually","12":"shipping-taxable","13":"purchasable","14":"product-type-simple"},"_links":{"self":[{"href":"https:\/\/engitech.az\/en\/wp-json\/wp\/v2\/product\/12212","targetHints":{"allow":["GET"]}}],"collection":[{"href":"https:\/\/engitech.az\/en\/wp-json\/wp\/v2\/product"}],"about":[{"href":"https:\/\/engitech.az\/en\/wp-json\/wp\/v2\/types\/product"}],"replies":[{"embeddable":true,"href":"https:\/\/engitech.az\/en\/wp-json\/wp\/v2\/comments?post=12212"}],"wp:featuredmedia":[{"embeddable":true,"href":"https:\/\/engitech.az\/en\/wp-json\/wp\/v2\/media\/12213"}],"wp:attachment":[{"href":"https:\/\/engitech.az\/en\/wp-json\/wp\/v2\/media?parent=12212"}],"wp:term":[{"taxonomy":"product_brand","embeddable":true,"href":"https:\/\/engitech.az\/en\/wp-json\/wp\/v2\/product_brand?post=12212"},{"taxonomy":"product_cat","embeddable":true,"href":"https:\/\/engitech.az\/en\/wp-json\/wp\/v2\/product_cat?post=12212"},{"taxonomy":"product_tag","embeddable":true,"href":"https:\/\/engitech.az\/en\/wp-json\/wp\/v2\/product_tag?post=12212"}],"curies":[{"name":"wp","href":"https:\/\/api.w.org\/{rel}","templated":true}]}}