{"id":12214,"date":"2026-04-02T10:24:55","date_gmt":"2026-04-02T10:24:55","guid":{"rendered":"https:\/\/engitech.az\/?post_type=product&#038;p=12214"},"modified":"2026-04-02T10:24:55","modified_gmt":"2026-04-02T10:24:55","slug":"ds-2ae7232itg","status":"publish","type":"product","link":"https:\/\/engitech.az\/en\/product\/ds-2ae7232itg\/","title":{"rendered":"DS-2AE7232ITG"},"content":{"rendered":"<p>\u2022 <strong data-start=\"48\" data-end=\"59\">M\u0259hsul:<\/strong> Hikvision DS\u20112AE7232ITG<br data-start=\"83\" data-end=\"86\" \/>\u2022 <strong data-start=\"88\" data-end=\"103\">Category:<\/strong> T\u0259hl\u00fck\u0259sizlik PTZ kamera<br data-start=\"128\" data-end=\"131\" \/>\u2022 <strong data-start=\"133\" data-end=\"141\">Type:<\/strong> 2.0\u202fMP (Full HD) PTZ \/ 4\u2011in\u20111 kamera<br data-start=\"178\" data-end=\"181\" \/>\u2022 <strong data-start=\"183\" data-end=\"199\">Lens &amp; Zoom:<\/strong> 32\u00d7 optik zoom (uzaqdan obyektl\u0259ri b\u00f6y\u00fctm\u0259k)<br data-start=\"244\" data-end=\"247\" \/>\u2022 <strong data-start=\"249\" data-end=\"265\">Gec\u0259 G\u00f6r\u00fc\u015f\u00fc:<\/strong> IR gec\u0259 i\u015f\u0131\u011f\u0131 il\u0259 t\u0259xmini 150\u202fm\u2011\u0259 q\u0259d\u0259r g\u00f6rm\u0259<br data-start=\"311\" data-end=\"314\" \/>\u2022 <strong data-start=\"316\" data-end=\"330\">Korpoziya:<\/strong> H\u0259r iqlim \u00fc\u00e7\u00fcn davaml\u0131 (IP66)<br data-start=\"360\" data-end=\"363\" \/>\u2022 <strong data-start=\"365\" data-end=\"375\">Contact:<\/strong> Koaksial kabel (BNC) v\u0259 4\u2011in\u20111 \u00e7\u0131x\u0131\u015f d\u0259st\u0259yi<br data-start=\"420\" data-end=\"423\" \/>\u2022 <strong data-start=\"425\" data-end=\"439\">Qeydiyyat:<\/strong> 1080p Full HD standart\u0131nda<br data-start=\"466\" data-end=\"469\" \/>\u2022 <strong data-start=\"471\" data-end=\"484\">Usage:<\/strong> X\u00fcsusil\u0259 a\u00e7\u0131q sah\u0259l\u0259r, obyekt perimetrl\u0259ri, park sah\u0259l\u0259ri v\u0259 b\u00f6y\u00fck \u0259razil\u0259r \u00fc\u00e7\u00fcn g\u00fcnd\u00fcz\u2011gec\u0259 dinamik PTZ izl\u0259m\u0259 kameras\u0131.<\/p>","protected":false},"excerpt":{"rendered":"<p>\u2022 M\u0259hsul: Hikvision DS\u20112AE7232ITG\u2022 Kateqoriya: T\u0259hl\u00fck\u0259sizlik PTZ kamera\u2022 Tip: 2.0\u202fMP  [&#8230;]<\/p>","protected":false},"featured_media":12215,"comment_status":"open","ping_status":"closed","template":"","meta":[],"product_brand":[],"product_cat":[167],"product_tag":[],"class_list":{"0":"post-12214","1":"product","2":"type-product","3":"status-publish","4":"has-post-thumbnail","6":"product_cat-hikvision","7":"pa_mehsul-tipi-turbo-hd-products","9":"first","10":"instock","11":"sold-individually","12":"shipping-taxable","13":"purchasable","14":"product-type-simple"},"_links":{"self":[{"href":"https:\/\/engitech.az\/en\/wp-json\/wp\/v2\/product\/12214","targetHints":{"allow":["GET"]}}],"collection":[{"href":"https:\/\/engitech.az\/en\/wp-json\/wp\/v2\/product"}],"about":[{"href":"https:\/\/engitech.az\/en\/wp-json\/wp\/v2\/types\/product"}],"replies":[{"embeddable":true,"href":"https:\/\/engitech.az\/en\/wp-json\/wp\/v2\/comments?post=12214"}],"wp:featuredmedia":[{"embeddable":true,"href":"https:\/\/engitech.az\/en\/wp-json\/wp\/v2\/media\/12215"}],"wp:attachment":[{"href":"https:\/\/engitech.az\/en\/wp-json\/wp\/v2\/media?parent=12214"}],"wp:term":[{"taxonomy":"product_brand","embeddable":true,"href":"https:\/\/engitech.az\/en\/wp-json\/wp\/v2\/product_brand?post=12214"},{"taxonomy":"product_cat","embeddable":true,"href":"https:\/\/engitech.az\/en\/wp-json\/wp\/v2\/product_cat?post=12214"},{"taxonomy":"product_tag","embeddable":true,"href":"https:\/\/engitech.az\/en\/wp-json\/wp\/v2\/product_tag?post=12214"}],"curies":[{"name":"wp","href":"https:\/\/api.w.org\/{rel}","templated":true}]}}