{"id":12216,"date":"2026-04-02T10:28:13","date_gmt":"2026-04-02T10:28:13","guid":{"rendered":"https:\/\/engitech.az\/?post_type=product&#038;p=12216"},"modified":"2026-04-02T10:28:14","modified_gmt":"2026-04-02T10:28:14","slug":"ds-2ae5225itg","status":"publish","type":"product","link":"https:\/\/engitech.az\/en\/product\/ds-2ae5225itg\/","title":{"rendered":"DS-2AE5225ITG"},"content":{"rendered":"<p>\u2022 <strong data-start=\"2\" data-end=\"13\">M\u0259hsul:<\/strong> Hikvision DS-2AE5225ITG<br data-start=\"37\" data-end=\"40\" \/>\u2022 <strong data-start=\"42\" data-end=\"57\">Category:<\/strong> PTZ t\u0259hl\u00fck\u0259sizlik kameras\u0131<br data-start=\"84\" data-end=\"87\" \/>\u2022 <strong data-start=\"89\" data-end=\"97\">Type:<\/strong> 2\u202fMP Full HD PTZ dome kamera<br data-start=\"126\" data-end=\"129\" \/>\u2022 <strong data-start=\"131\" data-end=\"140\">Lens:<\/strong> 4.8\u2013120\u202fmm (25\u00d7 optik zoom, geni\u015f \u2192 uzaq fokus)<br data-start=\"188\" data-end=\"191\" \/>\u2022 <strong data-start=\"193\" data-end=\"209\">Gec\u0259 G\u00f6r\u00fc\u015f\u00fc:<\/strong> IR gec\u0259 g\u00f6r\u00fcnt\u00fcs\u00fc, t\u0259xmin\u0259n 150\u202fm<br data-start=\"243\" data-end=\"246\" \/>\u2022 <strong data-start=\"248\" data-end=\"261\">Korpziya:<\/strong> H\u0259r iqlim \u00fc\u00e7\u00fcn davaml\u0131 (IP66)<br data-start=\"291\" data-end=\"294\" \/>\u2022 <strong data-start=\"296\" data-end=\"306\">Contact:<\/strong> BNC\/TVI-AHD-CVI\/CVBS (switchable video output)<br data-start=\"353\" data-end=\"356\" \/>\u2022 <strong data-start=\"358\" data-end=\"372\">Qeydiyyat:<\/strong> 1080p Full HD standart\u0131nda<br data-start=\"399\" data-end=\"402\" \/>\u2022 <strong data-start=\"404\" data-end=\"417\">Usage:<\/strong> B\u00f6y\u00fck obyektl\u0259r v\u0259 a\u00e7\u0131q sah\u0259l\u0259r \u00fc\u00e7\u00fcn uzaq m\u0259saf\u0259li izl\u0259m\u0259 v\u0259 PTZ n\u0259zar\u0259ti.<\/p>","protected":false},"excerpt":{"rendered":"<p>\u2022 M\u0259hsul: Hikvision DS-2AE5225ITG\u2022 Kateqoriya: PTZ t\u0259hl\u00fck\u0259sizlik kameras\u0131\u2022 Tip: 2\u202fMP  [&#8230;]<\/p>","protected":false},"featured_media":12217,"comment_status":"open","ping_status":"closed","template":"","meta":[],"product_brand":[],"product_cat":[167],"product_tag":[],"class_list":{"0":"post-12216","1":"product","2":"type-product","3":"status-publish","4":"has-post-thumbnail","6":"product_cat-hikvision","7":"pa_mehsul-tipi-turbo-hd-products","9":"first","10":"instock","11":"sold-individually","12":"shipping-taxable","13":"purchasable","14":"product-type-simple"},"_links":{"self":[{"href":"https:\/\/engitech.az\/en\/wp-json\/wp\/v2\/product\/12216","targetHints":{"allow":["GET"]}}],"collection":[{"href":"https:\/\/engitech.az\/en\/wp-json\/wp\/v2\/product"}],"about":[{"href":"https:\/\/engitech.az\/en\/wp-json\/wp\/v2\/types\/product"}],"replies":[{"embeddable":true,"href":"https:\/\/engitech.az\/en\/wp-json\/wp\/v2\/comments?post=12216"}],"wp:featuredmedia":[{"embeddable":true,"href":"https:\/\/engitech.az\/en\/wp-json\/wp\/v2\/media\/12217"}],"wp:attachment":[{"href":"https:\/\/engitech.az\/en\/wp-json\/wp\/v2\/media?parent=12216"}],"wp:term":[{"taxonomy":"product_brand","embeddable":true,"href":"https:\/\/engitech.az\/en\/wp-json\/wp\/v2\/product_brand?post=12216"},{"taxonomy":"product_cat","embeddable":true,"href":"https:\/\/engitech.az\/en\/wp-json\/wp\/v2\/product_cat?post=12216"},{"taxonomy":"product_tag","embeddable":true,"href":"https:\/\/engitech.az\/en\/wp-json\/wp\/v2\/product_tag?post=12216"}],"curies":[{"name":"wp","href":"https:\/\/api.w.org\/{rel}","templated":true}]}}