{"id":12218,"date":"2026-04-02T10:31:48","date_gmt":"2026-04-02T10:31:48","guid":{"rendered":"https:\/\/engitech.az\/?post_type=product&#038;p=12218"},"modified":"2026-04-02T10:31:49","modified_gmt":"2026-04-02T10:31:49","slug":"ds-2ae5232tg","status":"publish","type":"product","link":"https:\/\/engitech.az\/en\/product\/ds-2ae5232tg\/","title":{"rendered":"DS-2AE5232TG"},"content":{"rendered":"<p>\u2022 <strong data-start=\"2\" data-end=\"13\">M\u0259hsul:<\/strong> Hikvision DS\u20112AE5232TG<br data-start=\"36\" data-end=\"39\" \/>\u2022 <strong data-start=\"41\" data-end=\"56\">Category:<\/strong> PTZ t\u0259hl\u00fck\u0259sizlik kameras\u0131<br data-start=\"83\" data-end=\"86\" \/>\u2022 <strong data-start=\"88\" data-end=\"96\">Type:<\/strong> 2\u202fMP Full HD PTZ dome kamera<br data-start=\"125\" data-end=\"128\" \/>\u2022 <strong data-start=\"130\" data-end=\"139\">Lens:<\/strong> 8.3\u2013266\u202fmm (32\u00d7 optik zoom)<br data-start=\"167\" data-end=\"170\" \/>\u2022 <strong data-start=\"172\" data-end=\"188\">Gec\u0259 G\u00f6r\u00fc\u015f\u00fc:<\/strong> IR gec\u0259 g\u00f6r\u00fcnt\u00fcs\u00fc (t\u0259xmin\u0259n 100\u2013120\u202fm)<br data-start=\"227\" data-end=\"230\" \/>\u2022 <strong data-start=\"232\" data-end=\"245\">Korpziya:<\/strong> H\u0259r iqlim \u00fc\u00e7\u00fcn davaml\u0131 (IP66)<br data-start=\"275\" data-end=\"278\" \/>\u2022 <strong data-start=\"280\" data-end=\"290\">Contact:<\/strong> Switchable video \u00e7\u0131x\u0131\u015f\u0131 (TVI\/AHD\/CVI\/CVBS)<br data-start=\"333\" data-end=\"336\" \/>\u2022 <strong data-start=\"338\" data-end=\"352\">Qeydiyyat:<\/strong> 1080p Full HD<br data-start=\"366\" data-end=\"369\" \/>\u2022 <strong data-start=\"371\" data-end=\"384\">Usage:<\/strong> Uzaq m\u0259saf\u0259li izl\u0259m\u0259 v\u0259 b\u00f6y\u00fck obyektl\u0259r \u00fc\u00e7\u00fcn PTZ n\u0259zar\u0259ti.<\/p>","protected":false},"excerpt":{"rendered":"<p>\u2022 M\u0259hsul: Hikvision DS\u20112AE5232TG\u2022 Kateqoriya: PTZ t\u0259hl\u00fck\u0259sizlik kameras\u0131\u2022 Tip: 2\u202fMP  [&#8230;]<\/p>","protected":false},"featured_media":12219,"comment_status":"open","ping_status":"closed","template":"","meta":[],"product_brand":[],"product_cat":[167],"product_tag":[],"class_list":{"0":"post-12218","1":"product","2":"type-product","3":"status-publish","4":"has-post-thumbnail","6":"product_cat-hikvision","7":"pa_mehsul-tipi-turbo-hd-products","9":"first","10":"instock","11":"sold-individually","12":"shipping-taxable","13":"purchasable","14":"product-type-simple"},"_links":{"self":[{"href":"https:\/\/engitech.az\/en\/wp-json\/wp\/v2\/product\/12218","targetHints":{"allow":["GET"]}}],"collection":[{"href":"https:\/\/engitech.az\/en\/wp-json\/wp\/v2\/product"}],"about":[{"href":"https:\/\/engitech.az\/en\/wp-json\/wp\/v2\/types\/product"}],"replies":[{"embeddable":true,"href":"https:\/\/engitech.az\/en\/wp-json\/wp\/v2\/comments?post=12218"}],"wp:featuredmedia":[{"embeddable":true,"href":"https:\/\/engitech.az\/en\/wp-json\/wp\/v2\/media\/12219"}],"wp:attachment":[{"href":"https:\/\/engitech.az\/en\/wp-json\/wp\/v2\/media?parent=12218"}],"wp:term":[{"taxonomy":"product_brand","embeddable":true,"href":"https:\/\/engitech.az\/en\/wp-json\/wp\/v2\/product_brand?post=12218"},{"taxonomy":"product_cat","embeddable":true,"href":"https:\/\/engitech.az\/en\/wp-json\/wp\/v2\/product_cat?post=12218"},{"taxonomy":"product_tag","embeddable":true,"href":"https:\/\/engitech.az\/en\/wp-json\/wp\/v2\/product_tag?post=12218"}],"curies":[{"name":"wp","href":"https:\/\/api.w.org\/{rel}","templated":true}]}}