{"id":12220,"date":"2026-04-02T10:56:00","date_gmt":"2026-04-02T10:56:00","guid":{"rendered":"https:\/\/engitech.az\/?post_type=product&#038;p=12220"},"modified":"2026-04-02T10:56:00","modified_gmt":"2026-04-02T10:56:00","slug":"ds-k1t502dbfwx-ce1","status":"publish","type":"product","link":"https:\/\/engitech.az\/en\/product\/ds-k1t502dbfwx-ce1\/","title":{"rendered":"DS-K1T502DBFWX-CE1"},"content":{"rendered":"<ul>\n<li data-start=\"0\" data-end=\"39\"><strong data-start=\"2\" data-end=\"13\" data-is-only-node=\"\">M\u0259hsul:<\/strong> Hikvision DS-2AE5225ITG<\/li>\n<li data-start=\"40\" data-end=\"99\"><strong data-start=\"42\" data-end=\"57\" data-is-only-node=\"\">Category:<\/strong> T\u0259hl\u00fck\u0259sizlik kameras\u0131 (PTZ Speed Dome)<\/li>\n<li data-start=\"100\" data-end=\"143\"><strong data-start=\"102\" data-end=\"110\" data-is-only-node=\"\">Type:<\/strong> 2 MP Full HD HD-TVI PTZ kamera<\/li>\n<li data-start=\"144\" data-end=\"179\"><strong data-start=\"146\" data-end=\"155\" data-is-only-node=\"\">Lens:<\/strong> 4.8\u2013120 mm (25x zoom)<\/li>\n<li data-start=\"180\" data-end=\"220\"><strong data-start=\"182\" data-end=\"198\" data-is-only-node=\"\">Gec\u0259 G\u00f6r\u00fc\u015f\u00fc:<\/strong> IR (t\u0259xmin\u0259n 150 m)<\/li>\n<li data-start=\"221\" data-end=\"264\"><strong data-start=\"223\" data-end=\"237\" data-is-only-node=\"\">Korpiziya:<\/strong> IP66 (xarici m\u00fchit \u00fc\u00e7\u00fcn)<\/li>\n<li data-start=\"265\" data-end=\"300\"><strong data-start=\"267\" data-end=\"277\" data-is-only-node=\"\">Contact:<\/strong> Koaksial kabel (BNC)<\/li>\n<li data-start=\"301\" data-end=\"333\"><strong data-start=\"303\" data-end=\"317\" data-is-only-node=\"\">Qeydiyyat:<\/strong> 1080p Full HD<\/li>\n<li data-start=\"334\" data-end=\"388\"><strong data-start=\"336\" data-end=\"351\" data-is-only-node=\"\">Feature:<\/strong> 360\u00b0 f\u0131rlanma, uzaqdan idar\u0259 (PTZ)<\/li>\n<li data-start=\"389\" data-end=\"454\" data-is-last-node=\"\"><strong data-start=\"391\" data-end=\"404\" data-is-only-node=\"\">Usage:<\/strong> B\u00f6y\u00fck \u0259razil\u0259r \u00fc\u00e7\u00fcn g\u00fcnd\u00fcz\/gec\u0259 m\u00fc\u015fahid\u0259 kameras\u0131<\/li>\n<\/ul>","protected":false},"excerpt":{"rendered":"<p>M\u0259hsul: Hikvision DS-2AE5225ITG Kateqoriya: T\u0259hl\u00fck\u0259sizlik kameras\u0131 (PTZ Speed Dome) Tip:  [&#8230;]<\/p>","protected":false},"featured_media":12226,"comment_status":"open","ping_status":"closed","template":"","meta":[],"product_brand":[],"product_cat":[167],"product_tag":[],"class_list":{"0":"post-12220","1":"product","2":"type-product","3":"status-publish","4":"has-post-thumbnail","6":"product_cat-hikvision","7":"pa_mehsul-tipi-hikvision-access-control","9":"first","10":"instock","11":"sold-individually","12":"shipping-taxable","13":"purchasable","14":"product-type-simple"},"_links":{"self":[{"href":"https:\/\/engitech.az\/en\/wp-json\/wp\/v2\/product\/12220","targetHints":{"allow":["GET"]}}],"collection":[{"href":"https:\/\/engitech.az\/en\/wp-json\/wp\/v2\/product"}],"about":[{"href":"https:\/\/engitech.az\/en\/wp-json\/wp\/v2\/types\/product"}],"replies":[{"embeddable":true,"href":"https:\/\/engitech.az\/en\/wp-json\/wp\/v2\/comments?post=12220"}],"wp:featuredmedia":[{"embeddable":true,"href":"https:\/\/engitech.az\/en\/wp-json\/wp\/v2\/media\/12226"}],"wp:attachment":[{"href":"https:\/\/engitech.az\/en\/wp-json\/wp\/v2\/media?parent=12220"}],"wp:term":[{"taxonomy":"product_brand","embeddable":true,"href":"https:\/\/engitech.az\/en\/wp-json\/wp\/v2\/product_brand?post=12220"},{"taxonomy":"product_cat","embeddable":true,"href":"https:\/\/engitech.az\/en\/wp-json\/wp\/v2\/product_cat?post=12220"},{"taxonomy":"product_tag","embeddable":true,"href":"https:\/\/engitech.az\/en\/wp-json\/wp\/v2\/product_tag?post=12220"}],"curies":[{"name":"wp","href":"https:\/\/api.w.org\/{rel}","templated":true}]}}