{"id":12227,"date":"2026-04-02T10:58:17","date_gmt":"2026-04-02T10:58:17","guid":{"rendered":"https:\/\/engitech.az\/?post_type=product&#038;p=12227"},"modified":"2026-04-02T10:58:17","modified_gmt":"2026-04-02T10:58:17","slug":"ds-k1t502dbwx-cqre1","status":"publish","type":"product","link":"https:\/\/engitech.az\/en\/product\/ds-k1t502dbwx-cqre1\/","title":{"rendered":"DS-K1T502DBWX-CQRE1"},"content":{"rendered":"<ul>\n<li data-start=\"0\" data-end=\"45\"><strong data-start=\"2\" data-end=\"13\">M\u0259hsul:<\/strong> Hikvision DS-K1T502DBWX-CQRE1<\/li>\n<li data-start=\"46\" data-end=\"118\"><strong data-start=\"48\" data-end=\"63\">Category:<\/strong> Giri\u015f\u0259 n\u0259zar\u0259t terminal\u0131 (Access Control + Interkom)<\/li>\n<li data-start=\"119\" data-end=\"171\"><strong data-start=\"121\" data-end=\"129\">Type:<\/strong> Kartl\u0131 \/ PIN \/ QR kodlu giri\u015f terminal\u0131<\/li>\n<li data-start=\"172\" data-end=\"252\"><strong data-start=\"174\" data-end=\"185\">Camera:<\/strong> 2 MP (video interkom \u00fc\u00e7\u00fcn)<\/li>\n<li data-start=\"253\" data-end=\"307\"><strong data-start=\"255\" data-end=\"271\">Gec\u0259 G\u00f6r\u00fc\u015f\u00fc:<\/strong> D\u0259st\u0259kl\u0259nir (interkom kamera il\u0259)<\/li>\n<li data-start=\"308\" data-end=\"403\"><strong data-start=\"310\" data-end=\"324\">Korpiziya:<\/strong> IP65, IK09 (xarici m\u00fchit \u00fc\u00e7\u00fcn davaml\u0131)<\/li>\n<li data-start=\"406\" data-end=\"485\"><strong data-start=\"406\" data-end=\"416\">Contact:<\/strong> LAN (RJ45), Wi-Fi, Bluetooth<\/li>\n<li data-start=\"488\" data-end=\"584\"><strong data-start=\"488\" data-end=\"502\">Qeydiyyat:<\/strong> Kart \/ PIN \/ QR \/ mobil telefon il\u0259 giri\u015f<\/li>\n<li data-start=\"587\" data-end=\"705\"><strong data-start=\"587\" data-end=\"602\">Feature:<\/strong> SIP interkom, 2 qap\u0131 idar\u0259si (dual relay), Hik-Connect d\u0259st\u0259yi<\/li>\n<li data-start=\"708\" data-end=\"782\"><strong data-start=\"708\" data-end=\"721\">Usage:<\/strong> Ofis, bina giri\u015fl\u0259ri v\u0259 obyektl\u0259r \u00fc\u00e7\u00fcn giri\u015f n\u0259zar\u0259t sistemi<\/li>\n<\/ul>","protected":false},"excerpt":{"rendered":"<p>M\u0259hsul: Hikvision DS-K1T502DBWX-CQRE1 Kateqoriya: Giri\u015f\u0259 n\u0259zar\u0259t terminal\u0131 (Access Control +  [&#8230;]<\/p>","protected":false},"featured_media":12228,"comment_status":"open","ping_status":"closed","template":"","meta":[],"product_brand":[],"product_cat":[167],"product_tag":[],"class_list":{"0":"post-12227","1":"product","2":"type-product","3":"status-publish","4":"has-post-thumbnail","6":"product_cat-hikvision","7":"pa_mehsul-tipi-hikvision-access-control","9":"first","10":"instock","11":"sold-individually","12":"shipping-taxable","13":"purchasable","14":"product-type-simple"},"_links":{"self":[{"href":"https:\/\/engitech.az\/en\/wp-json\/wp\/v2\/product\/12227","targetHints":{"allow":["GET"]}}],"collection":[{"href":"https:\/\/engitech.az\/en\/wp-json\/wp\/v2\/product"}],"about":[{"href":"https:\/\/engitech.az\/en\/wp-json\/wp\/v2\/types\/product"}],"replies":[{"embeddable":true,"href":"https:\/\/engitech.az\/en\/wp-json\/wp\/v2\/comments?post=12227"}],"wp:featuredmedia":[{"embeddable":true,"href":"https:\/\/engitech.az\/en\/wp-json\/wp\/v2\/media\/12228"}],"wp:attachment":[{"href":"https:\/\/engitech.az\/en\/wp-json\/wp\/v2\/media?parent=12227"}],"wp:term":[{"taxonomy":"product_brand","embeddable":true,"href":"https:\/\/engitech.az\/en\/wp-json\/wp\/v2\/product_brand?post=12227"},{"taxonomy":"product_cat","embeddable":true,"href":"https:\/\/engitech.az\/en\/wp-json\/wp\/v2\/product_cat?post=12227"},{"taxonomy":"product_tag","embeddable":true,"href":"https:\/\/engitech.az\/en\/wp-json\/wp\/v2\/product_tag?post=12227"}],"curies":[{"name":"wp","href":"https:\/\/api.w.org\/{rel}","templated":true}]}}