{"id":12229,"date":"2026-04-02T11:00:28","date_gmt":"2026-04-02T11:00:28","guid":{"rendered":"https:\/\/engitech.az\/?post_type=product&#038;p=12229"},"modified":"2026-04-02T11:00:28","modified_gmt":"2026-04-02T11:00:28","slug":"ds-k1a340fwx","status":"publish","type":"product","link":"https:\/\/engitech.az\/en\/product\/ds-k1a340fwx\/","title":{"rendered":"DS-K1A340FWX"},"content":{"rendered":"<ul>\n<li data-start=\"0\" data-end=\"38\"><strong data-start=\"2\" data-end=\"13\">M\u0259hsul:<\/strong> Hikvision DS-K1A340FWX<\/li>\n<li data-start=\"39\" data-end=\"116\"><strong data-start=\"41\" data-end=\"56\">Category:<\/strong> Giri\u015f\u0259 n\u0259zar\u0259t v\u0259 davamiyy\u0259t terminal\u0131 (Face Recognition)<\/li>\n<li data-start=\"117\" data-end=\"162\"><strong data-start=\"119\" data-end=\"127\">Type:<\/strong> \u00dcz tan\u0131ma + barmaq izi terminal\u0131<\/li>\n<li data-start=\"163\" data-end=\"196\"><strong data-start=\"165\" data-end=\"175\">Screen:<\/strong> 4.3\u201d toxunma ekran<\/li>\n<li data-start=\"197\" data-end=\"217\"><strong data-start=\"199\" data-end=\"210\">Camera:<\/strong> 2 MP<\/li>\n<li data-start=\"218\" data-end=\"301\"><strong data-start=\"220\" data-end=\"234\">\u00dcz tan\u0131ma:<\/strong> \u22640.2 saniy\u0259, \u226599% d\u0259qiqlik<\/li>\n<li data-start=\"304\" data-end=\"367\"><strong data-start=\"304\" data-end=\"315\">Distance:<\/strong> 0.3 \u2013 1.5 m<\/li>\n<li data-start=\"370\" data-end=\"460\"><strong data-start=\"370\" data-end=\"381\">Memory:<\/strong> 1500 \u00fcz, 3000 barmaq izi, 300.000 qeyd<\/li>\n<li data-start=\"461\" data-end=\"486\"><strong data-start=\"463\" data-end=\"473\">Contact:<\/strong> Wi-Fi, USB<\/li>\n<li data-start=\"487\" data-end=\"512\"><strong data-start=\"489\" data-end=\"503\">Nutrition:<\/strong> 12V DC<\/li>\n<li data-start=\"513\" data-end=\"590\"><strong data-start=\"515\" data-end=\"528\">Usage:<\/strong> Ofis v\u0259 obyektl\u0259rd\u0259 giri\u015f n\u0259zar\u0259ti v\u0259 i\u015f\u00e7i davamiyy\u0259t sistemi<\/li>\n<\/ul>","protected":false},"excerpt":{"rendered":"<p>M\u0259hsul: Hikvision DS-K1A340FWX Kateqoriya: Giri\u015f\u0259 n\u0259zar\u0259t v\u0259 davamiyy\u0259t terminal\u0131 (Face  [&#8230;]<\/p>","protected":false},"featured_media":12230,"comment_status":"open","ping_status":"closed","template":"","meta":[],"product_brand":[],"product_cat":[167],"product_tag":[],"class_list":{"0":"post-12229","1":"product","2":"type-product","3":"status-publish","4":"has-post-thumbnail","6":"product_cat-hikvision","7":"pa_mehsul-tipi-hikvision-access-control","9":"first","10":"instock","11":"sold-individually","12":"shipping-taxable","13":"purchasable","14":"product-type-simple"},"_links":{"self":[{"href":"https:\/\/engitech.az\/en\/wp-json\/wp\/v2\/product\/12229","targetHints":{"allow":["GET"]}}],"collection":[{"href":"https:\/\/engitech.az\/en\/wp-json\/wp\/v2\/product"}],"about":[{"href":"https:\/\/engitech.az\/en\/wp-json\/wp\/v2\/types\/product"}],"replies":[{"embeddable":true,"href":"https:\/\/engitech.az\/en\/wp-json\/wp\/v2\/comments?post=12229"}],"wp:featuredmedia":[{"embeddable":true,"href":"https:\/\/engitech.az\/en\/wp-json\/wp\/v2\/media\/12230"}],"wp:attachment":[{"href":"https:\/\/engitech.az\/en\/wp-json\/wp\/v2\/media?parent=12229"}],"wp:term":[{"taxonomy":"product_brand","embeddable":true,"href":"https:\/\/engitech.az\/en\/wp-json\/wp\/v2\/product_brand?post=12229"},{"taxonomy":"product_cat","embeddable":true,"href":"https:\/\/engitech.az\/en\/wp-json\/wp\/v2\/product_cat?post=12229"},{"taxonomy":"product_tag","embeddable":true,"href":"https:\/\/engitech.az\/en\/wp-json\/wp\/v2\/product_tag?post=12229"}],"curies":[{"name":"wp","href":"https:\/\/api.w.org\/{rel}","templated":true}]}}