{"id":12231,"date":"2026-04-02T11:02:56","date_gmt":"2026-04-02T11:02:56","guid":{"rendered":"https:\/\/engitech.az\/?post_type=product&#038;p=12231"},"modified":"2026-04-02T11:02:56","modified_gmt":"2026-04-02T11:02:56","slug":"ds-k1a340wx","status":"publish","type":"product","link":"https:\/\/engitech.az\/en\/product\/ds-k1a340wx\/","title":{"rendered":"DS-K1A340WX"},"content":{"rendered":"<ul>\n<li data-start=\"0\" data-end=\"37\"><strong data-start=\"2\" data-end=\"13\">M\u0259hsul:<\/strong> Hikvision DS-K1A340WX<\/li>\n<li data-start=\"38\" data-end=\"115\"><strong data-start=\"40\" data-end=\"55\">Category:<\/strong> Giri\u015f\u0259 n\u0259zar\u0259t v\u0259 davamiyy\u0259t terminal\u0131 (Face Recognition)<\/li>\n<li data-start=\"116\" data-end=\"148\"><strong data-start=\"118\" data-end=\"126\">Type:<\/strong> \u00dcz tan\u0131ma terminal\u0131<\/li>\n<li data-start=\"149\" data-end=\"219\"><strong data-start=\"151\" data-end=\"161\">Screen:<\/strong> 4.3\u201d touch screen<\/li>\n<li data-start=\"222\" data-end=\"278\"><strong data-start=\"222\" data-end=\"233\">Camera:<\/strong> 2 MP<\/li>\n<li data-start=\"281\" data-end=\"362\"><strong data-start=\"281\" data-end=\"295\">\u00dcz tan\u0131ma:<\/strong> \u22640.2 saniy\u0259, \u226599% d\u0259qiqlik<\/li>\n<li data-start=\"365\" data-end=\"428\"><strong data-start=\"365\" data-end=\"376\">Distance:<\/strong> 0.3 \u2013 1.5 m<\/li>\n<li data-start=\"431\" data-end=\"504\"><strong data-start=\"431\" data-end=\"442\">Memory:<\/strong> 1500 \u00fcz, 300.000 qeyd<\/li>\n<li data-start=\"507\" data-end=\"568\"><strong data-start=\"507\" data-end=\"517\">Contact:<\/strong> Wi-Fi, USB<\/li>\n<li data-start=\"571\" data-end=\"632\"><strong data-start=\"571\" data-end=\"585\">Nutrition:<\/strong> 12V DC<\/li>\n<li data-start=\"635\" data-end=\"710\"><strong data-start=\"635\" data-end=\"648\">Usage:<\/strong> Ofis v\u0259 obyektl\u0259rd\u0259 giri\u015f n\u0259zar\u0259ti v\u0259 i\u015f\u00e7i davamiyy\u0259t sistemi<\/li>\n<\/ul>","protected":false},"excerpt":{"rendered":"<p>M\u0259hsul: Hikvision DS-K1A340WX Kateqoriya: Giri\u015f\u0259 n\u0259zar\u0259t v\u0259 davamiyy\u0259t terminal\u0131 (Face  [&#8230;]<\/p>","protected":false},"featured_media":12232,"comment_status":"open","ping_status":"closed","template":"","meta":[],"product_brand":[],"product_cat":[167],"product_tag":[],"class_list":{"0":"post-12231","1":"product","2":"type-product","3":"status-publish","4":"has-post-thumbnail","6":"product_cat-hikvision","7":"pa_mehsul-tipi-hikvision-access-control","9":"first","10":"instock","11":"sold-individually","12":"shipping-taxable","13":"purchasable","14":"product-type-simple"},"_links":{"self":[{"href":"https:\/\/engitech.az\/en\/wp-json\/wp\/v2\/product\/12231","targetHints":{"allow":["GET"]}}],"collection":[{"href":"https:\/\/engitech.az\/en\/wp-json\/wp\/v2\/product"}],"about":[{"href":"https:\/\/engitech.az\/en\/wp-json\/wp\/v2\/types\/product"}],"replies":[{"embeddable":true,"href":"https:\/\/engitech.az\/en\/wp-json\/wp\/v2\/comments?post=12231"}],"wp:featuredmedia":[{"embeddable":true,"href":"https:\/\/engitech.az\/en\/wp-json\/wp\/v2\/media\/12232"}],"wp:attachment":[{"href":"https:\/\/engitech.az\/en\/wp-json\/wp\/v2\/media?parent=12231"}],"wp:term":[{"taxonomy":"product_brand","embeddable":true,"href":"https:\/\/engitech.az\/en\/wp-json\/wp\/v2\/product_brand?post=12231"},{"taxonomy":"product_cat","embeddable":true,"href":"https:\/\/engitech.az\/en\/wp-json\/wp\/v2\/product_cat?post=12231"},{"taxonomy":"product_tag","embeddable":true,"href":"https:\/\/engitech.az\/en\/wp-json\/wp\/v2\/product_tag?post=12231"}],"curies":[{"name":"wp","href":"https:\/\/api.w.org\/{rel}","templated":true}]}}