{"id":12239,"date":"2026-04-02T11:11:08","date_gmt":"2026-04-02T11:11:08","guid":{"rendered":"https:\/\/engitech.az\/?post_type=product&#038;p=12239"},"modified":"2026-04-02T11:11:08","modified_gmt":"2026-04-02T11:11:08","slug":"ds-k1t321mwx","status":"publish","type":"product","link":"https:\/\/engitech.az\/en\/product\/ds-k1t321mwx\/","title":{"rendered":"DS-K1T321MWX"},"content":{"rendered":"<ul>\n<li data-start=\"0\" data-end=\"38\"><strong data-start=\"2\" data-end=\"13\">M\u0259hsul:<\/strong> Hikvision DS\u2011K1T321MWX<\/li>\n<li data-start=\"39\" data-end=\"97\"><strong data-start=\"41\" data-end=\"56\">Category:<\/strong> Giri\u015f\u0259 n\u0259zar\u0259t v\u0259 davamiyy\u0259t terminal\u0131<\/li>\n<li data-start=\"98\" data-end=\"146\"><strong data-start=\"100\" data-end=\"108\">Type:<\/strong> \u00dcz tan\u0131ma + barmaq izi + kart + PIN<\/li>\n<li data-start=\"147\" data-end=\"170\"><strong data-start=\"149\" data-end=\"159\">Screen:<\/strong> 2.4\u201d LCD<\/li>\n<li data-start=\"171\" data-end=\"191\"><strong data-start=\"173\" data-end=\"184\">Camera:<\/strong> 2 MP<\/li>\n<li data-start=\"192\" data-end=\"236\"><strong data-start=\"194\" data-end=\"208\">\u00dcz tan\u0131ma:<\/strong> Tez v\u0259 etibarl\u0131 \u00fcz tan\u0131ma<\/li>\n<li data-start=\"237\" data-end=\"316\"><strong data-start=\"239\" data-end=\"250\">Memory:<\/strong> Y\u00fczl\u0259rl\u0259 \u00fcz, kart v\u0259 barmaq izi il\u0259 minl\u0259rl\u0259 qeyd saxlaya bilir<\/li>\n<li data-start=\"317\" data-end=\"349\"><strong data-start=\"319\" data-end=\"329\">Contact:<\/strong> LAN (RJ45), Wi\u2011Fi<\/li>\n<li data-start=\"350\" data-end=\"375\"><strong data-start=\"352\" data-end=\"366\">Nutrition:<\/strong> 12V DC<\/li>\n<li data-start=\"376\" data-end=\"448\"><strong data-start=\"378\" data-end=\"393\">Feature:<\/strong> Daxili access controller, i\u015f\u00e7i davamiyy\u0259t funksiyas\u0131<\/li>\n<li data-start=\"449\" data-end=\"528\"><strong data-start=\"451\" data-end=\"464\">Usage:<\/strong> Ofisl\u0259r, obyekt giri\u015fl\u0259ri v\u0259 i\u015f\u00e7i davamiyy\u0259t n\u0259zar\u0259ti sistemi<\/li>\n<\/ul>","protected":false},"excerpt":{"rendered":"<p>M\u0259hsul: Hikvision DS\u2011K1T321MWX Kateqoriya: Giri\u015f\u0259 n\u0259zar\u0259t v\u0259 davamiyy\u0259t terminal\u0131 Tip:  [&#8230;]<\/p>","protected":false},"featured_media":12240,"comment_status":"open","ping_status":"closed","template":"","meta":[],"product_brand":[],"product_cat":[167],"product_tag":[],"class_list":{"0":"post-12239","1":"product","2":"type-product","3":"status-publish","4":"has-post-thumbnail","6":"product_cat-hikvision","7":"pa_mehsul-tipi-hikvision-access-control","9":"first","10":"instock","11":"sold-individually","12":"shipping-taxable","13":"purchasable","14":"product-type-simple"},"_links":{"self":[{"href":"https:\/\/engitech.az\/en\/wp-json\/wp\/v2\/product\/12239","targetHints":{"allow":["GET"]}}],"collection":[{"href":"https:\/\/engitech.az\/en\/wp-json\/wp\/v2\/product"}],"about":[{"href":"https:\/\/engitech.az\/en\/wp-json\/wp\/v2\/types\/product"}],"replies":[{"embeddable":true,"href":"https:\/\/engitech.az\/en\/wp-json\/wp\/v2\/comments?post=12239"}],"wp:featuredmedia":[{"embeddable":true,"href":"https:\/\/engitech.az\/en\/wp-json\/wp\/v2\/media\/12240"}],"wp:attachment":[{"href":"https:\/\/engitech.az\/en\/wp-json\/wp\/v2\/media?parent=12239"}],"wp:term":[{"taxonomy":"product_brand","embeddable":true,"href":"https:\/\/engitech.az\/en\/wp-json\/wp\/v2\/product_brand?post=12239"},{"taxonomy":"product_cat","embeddable":true,"href":"https:\/\/engitech.az\/en\/wp-json\/wp\/v2\/product_cat?post=12239"},{"taxonomy":"product_tag","embeddable":true,"href":"https:\/\/engitech.az\/en\/wp-json\/wp\/v2\/product_tag?post=12239"}],"curies":[{"name":"wp","href":"https:\/\/api.w.org\/{rel}","templated":true}]}}