{"id":12241,"date":"2026-04-02T11:14:00","date_gmt":"2026-04-02T11:14:00","guid":{"rendered":"https:\/\/engitech.az\/?post_type=product&#038;p=12241"},"modified":"2026-04-02T11:14:01","modified_gmt":"2026-04-02T11:14:01","slug":"ds-k1t323ebfwx-e1","status":"publish","type":"product","link":"https:\/\/engitech.az\/en\/product\/ds-k1t323ebfwx-e1\/","title":{"rendered":"DS-K1T323EBFWX-E1"},"content":{"rendered":"<section class=\"text-token-text-primary w-full focus:outline-none [--shadow-height:45px] has-data-writing-block:pointer-events-none has-data-writing-block:-mt-(--shadow-height) has-data-writing-block:pt-(--shadow-height) [&amp;:has([data-writing-block])&gt;*]:pointer-events-auto scroll-mt-(--header-height)\" dir=\"auto\" data-turn-id=\"e3d61d19-845a-48b0-9916-d4ef289aaedd\" data-testid=\"conversation-turn-25\" data-scroll-anchor=\"false\" data-turn=\"user\"><\/section>\n<section class=\"text-token-text-primary w-full focus:outline-none [--shadow-height:45px] has-data-writing-block:pointer-events-none has-data-writing-block:-mt-(--shadow-height) has-data-writing-block:pt-(--shadow-height) [&amp;:has([data-writing-block])&gt;*]:pointer-events-auto scroll-mt-[calc(var(--header-height)+min(200px,max(70px,20svh)))]\" dir=\"auto\" data-turn-id=\"request-WEB:4c302b94-1c20-4495-99e8-be9737a44937-12\" data-testid=\"conversation-turn-26\" data-scroll-anchor=\"true\" data-turn=\"assistant\"><\/section>\n<div class=\"[--thread-content-max-width:40rem] @w-lg\/main:[--thread-content-max-width:48rem] mx-auto max-w-(--thread-content-max-width) flex-1 group\/turn-messages focus-visible:outline-hidden relative flex w-full min-w-0 flex-col agent-turn\">\n<div class=\"flex max-w-full flex-col gap-4 grow\">\n<div class=\"min-h-8 text-message relative flex w-full flex-col items-end gap-2 text-start break-words whitespace-normal outline-none keyboard-focused:focus-ring [.text-message+&amp;]:mt-1\" dir=\"auto\" tabindex=\"0\" data-message-author-role=\"assistant\" data-message-id=\"e85333c2-88f7-4741-93ef-f3cbe1bfea29\" data-turn-start-message=\"true\" data-message-model-slug=\"gpt-5-mini\">\n<div class=\"flex w-full flex-col gap-1 empty:hidden\">\n<div class=\"markdown prose dark:prose-invert w-full wrap-break-word dark markdown-new-styling\">\n<ul data-start=\"0\" data-end=\"625\">\n<li data-start=\"0\" data-end=\"43\"><strong data-start=\"2\" data-end=\"13\">M\u0259hsul:<\/strong> Hikvision DS\u2011K1T323EBFWX\u2011E1<\/li>\n<li data-start=\"44\" data-end=\"102\"><strong data-start=\"46\" data-end=\"61\">Category:<\/strong> Giri\u015f\u0259 n\u0259zar\u0259t v\u0259 davamiyy\u0259t terminal\u0131<\/li>\n<li data-start=\"103\" data-end=\"151\"><strong data-start=\"105\" data-end=\"113\">Type:<\/strong> \u00dcz tan\u0131ma + barmaq izi + kart + PIN<\/li>\n<li data-start=\"152\" data-end=\"175\"><strong data-start=\"154\" data-end=\"164\">Screen:<\/strong> 2.4\u201d LCD<\/li>\n<li data-start=\"176\" data-end=\"211\"><strong data-start=\"178\" data-end=\"189\">Camera:<\/strong> 2 MP frontal kamera<\/li>\n<li data-start=\"212\" data-end=\"256\"><strong data-start=\"214\" data-end=\"228\">\u00dcz tan\u0131ma:<\/strong> Tez v\u0259 etibarl\u0131 \u00fcz tan\u0131ma<\/li>\n<li data-start=\"257\" data-end=\"328\"><strong data-start=\"259\" data-end=\"270\">Memory:<\/strong> Y\u00fczl\u0259rl\u0259 \u00fcz, kart v\u0259 barmaq izi + minl\u0259rl\u0259 hadis\u0259 qeydi<\/li>\n<li data-start=\"329\" data-end=\"361\"><strong data-start=\"331\" data-end=\"341\">Contact:<\/strong> LAN (RJ45), Wi\u2011Fi<\/li>\n<li data-start=\"362\" data-end=\"387\"><strong data-start=\"364\" data-end=\"378\">Nutrition:<\/strong> 12V DC<\/li>\n<li data-start=\"388\" data-end=\"527\"><strong data-start=\"390\" data-end=\"405\">Feature:<\/strong>\n<ul data-start=\"410\" data-end=\"527\">\n<li data-start=\"410\" data-end=\"438\">Daxili access controller<\/li>\n<li data-start=\"441\" data-end=\"468\">\u0130\u015f\u00e7i davamiyy\u0259t sistemi<\/li>\n<li data-start=\"471\" data-end=\"527\">Anti\u2011spoofing texnologiyas\u0131 (saxta \u00fcz\u0259 qar\u015f\u0131 qoruma)<\/li>\n<\/ul>\n<\/li>\n<li data-start=\"528\" data-end=\"625\"><strong data-start=\"530\" data-end=\"543\">Usage:<\/strong> Ofisl\u0259r, i\u015f yerl\u0259ri, obyekt giri\u015fl\u0259ri v\u0259 davamiyy\u0259t n\u0259zar\u0259ti sistemi \u00fc\u00e7\u00fcn ideal<\/li>\n<\/ul>\n<\/div>\n<\/div>\n<\/div>\n<\/div>\n<\/div>","protected":false},"excerpt":{"rendered":"<p>M\u0259hsul: Hikvision DS\u2011K1T323EBFWX\u2011E1 Kateqoriya: Giri\u015f\u0259 n\u0259zar\u0259t v\u0259 davamiyy\u0259t terminal\u0131 Tip:  [&#8230;]<\/p>","protected":false},"featured_media":12242,"comment_status":"open","ping_status":"closed","template":"","meta":[],"product_brand":[],"product_cat":[167],"product_tag":[],"class_list":{"0":"post-12241","1":"product","2":"type-product","3":"status-publish","4":"has-post-thumbnail","6":"product_cat-hikvision","7":"pa_mehsul-tipi-hikvision-access-control","9":"first","10":"instock","11":"sold-individually","12":"shipping-taxable","13":"purchasable","14":"product-type-simple"},"_links":{"self":[{"href":"https:\/\/engitech.az\/en\/wp-json\/wp\/v2\/product\/12241","targetHints":{"allow":["GET"]}}],"collection":[{"href":"https:\/\/engitech.az\/en\/wp-json\/wp\/v2\/product"}],"about":[{"href":"https:\/\/engitech.az\/en\/wp-json\/wp\/v2\/types\/product"}],"replies":[{"embeddable":true,"href":"https:\/\/engitech.az\/en\/wp-json\/wp\/v2\/comments?post=12241"}],"wp:featuredmedia":[{"embeddable":true,"href":"https:\/\/engitech.az\/en\/wp-json\/wp\/v2\/media\/12242"}],"wp:attachment":[{"href":"https:\/\/engitech.az\/en\/wp-json\/wp\/v2\/media?parent=12241"}],"wp:term":[{"taxonomy":"product_brand","embeddable":true,"href":"https:\/\/engitech.az\/en\/wp-json\/wp\/v2\/product_brand?post=12241"},{"taxonomy":"product_cat","embeddable":true,"href":"https:\/\/engitech.az\/en\/wp-json\/wp\/v2\/product_cat?post=12241"},{"taxonomy":"product_tag","embeddable":true,"href":"https:\/\/engitech.az\/en\/wp-json\/wp\/v2\/product_tag?post=12241"}],"curies":[{"name":"wp","href":"https:\/\/api.w.org\/{rel}","templated":true}]}}