{"id":12243,"date":"2026-04-02T11:16:41","date_gmt":"2026-04-02T11:16:41","guid":{"rendered":"https:\/\/engitech.az\/?post_type=product&#038;p=12243"},"modified":"2026-04-02T11:16:42","modified_gmt":"2026-04-02T11:16:42","slug":"ds-k1t323ebwx-qre1","status":"publish","type":"product","link":"https:\/\/engitech.az\/en\/product\/ds-k1t323ebwx-qre1\/","title":{"rendered":"DS-K1T323EBWX-QRE1"},"content":{"rendered":"<ul>\n<li data-start=\"0\" data-end=\"44\"><strong data-start=\"2\" data-end=\"13\">M\u0259hsul:<\/strong> Hikvision DS\u2011K1T323EBWX\u2011QRE1<\/li>\n<li data-start=\"45\" data-end=\"117\"><strong data-start=\"47\" data-end=\"62\">Category:<\/strong> Giri\u015f\u0259 n\u0259zar\u0259t terminal\u0131 (Access Control + Interkom)<\/li>\n<li data-start=\"118\" data-end=\"183\"><strong data-start=\"120\" data-end=\"128\">Type:<\/strong> \u00dcz tan\u0131ma + barmaq izi + kart + PIN + video interkom<\/li>\n<li data-start=\"184\" data-end=\"207\"><strong data-start=\"186\" data-end=\"196\">Screen:<\/strong> 2.4\u201d LCD<\/li>\n<li data-start=\"208\" data-end=\"246\"><strong data-start=\"210\" data-end=\"221\">Camera:<\/strong> 2 MP interkom kamerasi<\/li>\n<li data-start=\"247\" data-end=\"292\"><strong data-start=\"249\" data-end=\"263\">\u00dcz tan\u0131ma:<\/strong> S\u00fcr\u0259tli v\u0259 d\u0259qiq \u00fcz tan\u0131ma<\/li>\n<li data-start=\"293\" data-end=\"374\"><strong data-start=\"295\" data-end=\"306\">Memory:<\/strong> \u00dcz, barmaq izi, kart \u00fc\u00e7\u00fcn b\u00f6y\u00fck tutum v\u0259 minl\u0259rl\u0259 access hadis\u0259si<\/li>\n<li data-start=\"375\" data-end=\"407\"><strong data-start=\"377\" data-end=\"387\">Contact:<\/strong> LAN (RJ45), Wi\u2011Fi<\/li>\n<li data-start=\"408\" data-end=\"433\"><strong data-start=\"410\" data-end=\"424\">Nutrition:<\/strong> 12V DC<\/li>\n<li data-start=\"434\" data-end=\"630\"><strong data-start=\"436\" data-end=\"454\">Features:<\/strong>\n<ul data-start=\"459\" data-end=\"630\">\n<li data-start=\"459\" data-end=\"510\">Video interkom d\u0259st\u0259yi (istifad\u0259\u00e7i il\u0259 dan\u0131\u015f\u0131q)<\/li>\n<li data-start=\"513\" data-end=\"541\">Daxili access controller<\/li>\n<li data-start=\"544\" data-end=\"600\">Anti\u2011spoofing texnologiyas\u0131 (saxta \u00fcz\u0259 qar\u015f\u0131 qoruma)<\/li>\n<li data-start=\"603\" data-end=\"630\">\u0130\u015f\u00e7i davamiyy\u0259t sistemi<\/li>\n<\/ul>\n<\/li>\n<li data-start=\"631\" data-end=\"727\"><strong data-start=\"633\" data-end=\"646\">Usage:<\/strong> Ofisl\u0259r, i\u015f yerl\u0259ri, obyekt giri\u015fl\u0259ri \u00fc\u00e7\u00fcn tam giri\u015f n\u0259zar\u0259t v\u0259 interkom h\u0259lli<\/li>\n<\/ul>","protected":false},"excerpt":{"rendered":"<p>M\u0259hsul: Hikvision DS\u2011K1T323EBWX\u2011QRE1 Kateqoriya: Giri\u015f\u0259 n\u0259zar\u0259t terminal\u0131 (Access Control +  [&#8230;]<\/p>","protected":false},"featured_media":12244,"comment_status":"open","ping_status":"closed","template":"","meta":[],"product_brand":[],"product_cat":[167],"product_tag":[],"class_list":{"0":"post-12243","1":"product","2":"type-product","3":"status-publish","4":"has-post-thumbnail","6":"product_cat-hikvision","7":"pa_mehsul-tipi-hikvision-access-control","9":"first","10":"instock","11":"sold-individually","12":"shipping-taxable","13":"purchasable","14":"product-type-simple"},"_links":{"self":[{"href":"https:\/\/engitech.az\/en\/wp-json\/wp\/v2\/product\/12243","targetHints":{"allow":["GET"]}}],"collection":[{"href":"https:\/\/engitech.az\/en\/wp-json\/wp\/v2\/product"}],"about":[{"href":"https:\/\/engitech.az\/en\/wp-json\/wp\/v2\/types\/product"}],"replies":[{"embeddable":true,"href":"https:\/\/engitech.az\/en\/wp-json\/wp\/v2\/comments?post=12243"}],"wp:featuredmedia":[{"embeddable":true,"href":"https:\/\/engitech.az\/en\/wp-json\/wp\/v2\/media\/12244"}],"wp:attachment":[{"href":"https:\/\/engitech.az\/en\/wp-json\/wp\/v2\/media?parent=12243"}],"wp:term":[{"taxonomy":"product_brand","embeddable":true,"href":"https:\/\/engitech.az\/en\/wp-json\/wp\/v2\/product_brand?post=12243"},{"taxonomy":"product_cat","embeddable":true,"href":"https:\/\/engitech.az\/en\/wp-json\/wp\/v2\/product_cat?post=12243"},{"taxonomy":"product_tag","embeddable":true,"href":"https:\/\/engitech.az\/en\/wp-json\/wp\/v2\/product_tag?post=12243"}],"curies":[{"name":"wp","href":"https:\/\/api.w.org\/{rel}","templated":true}]}}