{"id":12245,"date":"2026-04-02T11:22:31","date_gmt":"2026-04-02T11:22:31","guid":{"rendered":"https:\/\/engitech.az\/?post_type=product&#038;p=12245"},"modified":"2026-04-02T11:22:31","modified_gmt":"2026-04-02T11:22:31","slug":"ds-k1t331","status":"publish","type":"product","link":"https:\/\/engitech.az\/en\/product\/ds-k1t331\/","title":{"rendered":"DS-K1T331"},"content":{"rendered":"<ul>\n<li data-start=\"0\" data-end=\"35\"><strong data-start=\"2\" data-end=\"13\">M\u0259hsul:<\/strong> Hikvision DS\u2011K1T331<\/li>\n<li data-start=\"36\" data-end=\"94\"><strong data-start=\"38\" data-end=\"53\">Category:<\/strong> Giri\u015f\u0259 n\u0259zar\u0259t v\u0259 davamiyy\u0259t terminal\u0131<\/li>\n<li data-start=\"95\" data-end=\"143\"><strong data-start=\"97\" data-end=\"105\">Type:<\/strong> \u00dcz tan\u0131ma + barmaq izi + kart + PIN<\/li>\n<li data-start=\"144\" data-end=\"167\"><strong data-start=\"146\" data-end=\"156\">Screen:<\/strong> 3.5\u201d LCD<\/li>\n<li data-start=\"168\" data-end=\"188\"><strong data-start=\"170\" data-end=\"181\">Camera:<\/strong> 2 MP<\/li>\n<li data-start=\"189\" data-end=\"231\"><strong data-start=\"191\" data-end=\"205\">\u00dcz tan\u0131ma:<\/strong> S\u00fcr\u0259tli v\u0259 d\u0259qiq tan\u0131ma<\/li>\n<li data-start=\"232\" data-end=\"295\"><strong data-start=\"234\" data-end=\"245\">Memory:<\/strong> Y\u00fczl\u0259rl\u0259 \u00fcz, kart v\u0259 barmaq izi + minl\u0259rl\u0259 qeyd<\/li>\n<li data-start=\"296\" data-end=\"328\"><strong data-start=\"298\" data-end=\"308\">Contact:<\/strong> LAN (RJ45), Wi\u2011Fi<\/li>\n<li data-start=\"329\" data-end=\"354\"><strong data-start=\"331\" data-end=\"345\">Nutrition:<\/strong> 12V DC<\/li>\n<li data-start=\"355\" data-end=\"495\"><strong data-start=\"357\" data-end=\"375\">Features:<\/strong>\n<ul data-start=\"380\" data-end=\"495\">\n<li data-start=\"380\" data-end=\"408\">Daxili access controller<\/li>\n<li data-start=\"411\" data-end=\"438\">\u0130\u015f\u00e7i davamiyy\u0259t sistemi<\/li>\n<li data-start=\"441\" data-end=\"495\">Anti\u2011spoofing texnologiyas\u0131 (saxta tan\u0131maya qar\u015f\u0131)<\/li>\n<\/ul>\n<\/li>\n<li data-start=\"496\" data-end=\"577\"><strong data-start=\"498\" data-end=\"511\">Usage:<\/strong> Ofisl\u0259r, obyektl\u0259r v\u0259 bina giri\u015fl\u0259ri \u00fc\u00e7\u00fcn giri\u015f n\u0259zar\u0259t sistemi<\/li>\n<\/ul>","protected":false},"excerpt":{"rendered":"<p>M\u0259hsul: Hikvision DS\u2011K1T331 Kateqoriya: Giri\u015f\u0259 n\u0259zar\u0259t v\u0259 davamiyy\u0259t terminal\u0131 Tip:  [&#8230;]<\/p>","protected":false},"featured_media":12246,"comment_status":"open","ping_status":"closed","template":"","meta":[],"product_brand":[],"product_cat":[167],"product_tag":[],"class_list":{"0":"post-12245","1":"product","2":"type-product","3":"status-publish","4":"has-post-thumbnail","6":"product_cat-hikvision","7":"pa_mehsul-tipi-hikvision-access-control","9":"first","10":"instock","11":"sold-individually","12":"shipping-taxable","13":"purchasable","14":"product-type-simple"},"_links":{"self":[{"href":"https:\/\/engitech.az\/en\/wp-json\/wp\/v2\/product\/12245","targetHints":{"allow":["GET"]}}],"collection":[{"href":"https:\/\/engitech.az\/en\/wp-json\/wp\/v2\/product"}],"about":[{"href":"https:\/\/engitech.az\/en\/wp-json\/wp\/v2\/types\/product"}],"replies":[{"embeddable":true,"href":"https:\/\/engitech.az\/en\/wp-json\/wp\/v2\/comments?post=12245"}],"wp:featuredmedia":[{"embeddable":true,"href":"https:\/\/engitech.az\/en\/wp-json\/wp\/v2\/media\/12246"}],"wp:attachment":[{"href":"https:\/\/engitech.az\/en\/wp-json\/wp\/v2\/media?parent=12245"}],"wp:term":[{"taxonomy":"product_brand","embeddable":true,"href":"https:\/\/engitech.az\/en\/wp-json\/wp\/v2\/product_brand?post=12245"},{"taxonomy":"product_cat","embeddable":true,"href":"https:\/\/engitech.az\/en\/wp-json\/wp\/v2\/product_cat?post=12245"},{"taxonomy":"product_tag","embeddable":true,"href":"https:\/\/engitech.az\/en\/wp-json\/wp\/v2\/product_tag?post=12245"}],"curies":[{"name":"wp","href":"https:\/\/api.w.org\/{rel}","templated":true}]}}