{"id":12247,"date":"2026-04-02T11:25:19","date_gmt":"2026-04-02T11:25:19","guid":{"rendered":"https:\/\/engitech.az\/?post_type=product&#038;p=12247"},"modified":"2026-04-02T11:25:19","modified_gmt":"2026-04-02T11:25:19","slug":"ds-k1t344ebwx-e1","status":"publish","type":"product","link":"https:\/\/engitech.az\/en\/product\/ds-k1t344ebwx-e1\/","title":{"rendered":"DS-K1T344EBWX-E1"},"content":{"rendered":"<ul>\n<li data-start=\"0\" data-end=\"42\"><strong data-start=\"2\" data-end=\"13\">M\u0259hsul:<\/strong> Hikvision DS\u2011K1T344EBWX\u2011E1<\/li>\n<li data-start=\"43\" data-end=\"87\"><strong data-start=\"45\" data-end=\"60\">Category:<\/strong> Giri\u015f\u0259 n\u0259zar\u0259t terminal\u0131<\/li>\n<li data-start=\"88\" data-end=\"136\"><strong data-start=\"90\" data-end=\"98\">Type:<\/strong> \u00dcz tan\u0131ma + barmaq izi + kart + PIN<\/li>\n<li data-start=\"137\" data-end=\"160\"><strong data-start=\"139\" data-end=\"149\">Screen:<\/strong> 3.5\u201d LCD<\/li>\n<li data-start=\"161\" data-end=\"196\"><strong data-start=\"163\" data-end=\"174\">Camera:<\/strong> 2 MP frontal kamera<\/li>\n<li data-start=\"197\" data-end=\"239\"><strong data-start=\"199\" data-end=\"213\">\u00dcz tan\u0131ma:<\/strong> S\u00fcr\u0259tli v\u0259 d\u0259qiq tan\u0131ma<\/li>\n<li data-start=\"240\" data-end=\"311\"><strong data-start=\"242\" data-end=\"253\">Memory:<\/strong> Y\u00fczl\u0259rl\u0259 \u00fcz, kart v\u0259 barmaq izi + minl\u0259rl\u0259 access qeydi<\/li>\n<li data-start=\"312\" data-end=\"344\"><strong data-start=\"314\" data-end=\"324\">Contact:<\/strong> LAN (RJ45), Wi\u2011Fi<\/li>\n<li data-start=\"345\" data-end=\"370\"><strong data-start=\"347\" data-end=\"361\">Nutrition:<\/strong> 12V DC<\/li>\n<li data-start=\"371\" data-end=\"499\"><strong data-start=\"373\" data-end=\"391\">Features:<\/strong>\n<ul data-start=\"396\" data-end=\"499\">\n<li data-start=\"396\" data-end=\"424\">Daxili access controller<\/li>\n<li data-start=\"427\" data-end=\"454\">\u0130\u015f\u00e7i davamiyy\u0259t sistemi<\/li>\n<li data-start=\"457\" data-end=\"499\">Anti\u2011spoofing (saxta \u00fcz\u0259 qar\u015f\u0131 qoruma)<\/li>\n<\/ul>\n<\/li>\n<li data-start=\"500\" data-end=\"597\"><strong data-start=\"502\" data-end=\"515\">Usage:<\/strong> Ofisl\u0259r, bina giri\u015fl\u0259ri v\u0259 obyektl\u0259r \u00fc\u00e7\u00fcn giri\u015f n\u0259zar\u0259t v\u0259 davamiyy\u0259t terminal\u0131<\/li>\n<\/ul>","protected":false},"excerpt":{"rendered":"<p>M\u0259hsul: Hikvision DS\u2011K1T344EBWX\u2011E1 Kateqoriya: Giri\u015f\u0259 n\u0259zar\u0259t terminal\u0131 Tip: \u00dcz tan\u0131ma  [&#8230;]<\/p>","protected":false},"featured_media":12248,"comment_status":"open","ping_status":"closed","template":"","meta":[],"product_brand":[],"product_cat":[167],"product_tag":[],"class_list":{"0":"post-12247","1":"product","2":"type-product","3":"status-publish","4":"has-post-thumbnail","6":"product_cat-hikvision","7":"pa_mehsul-tipi-hikvision-access-control","9":"first","10":"instock","11":"sold-individually","12":"shipping-taxable","13":"purchasable","14":"product-type-simple"},"_links":{"self":[{"href":"https:\/\/engitech.az\/en\/wp-json\/wp\/v2\/product\/12247","targetHints":{"allow":["GET"]}}],"collection":[{"href":"https:\/\/engitech.az\/en\/wp-json\/wp\/v2\/product"}],"about":[{"href":"https:\/\/engitech.az\/en\/wp-json\/wp\/v2\/types\/product"}],"replies":[{"embeddable":true,"href":"https:\/\/engitech.az\/en\/wp-json\/wp\/v2\/comments?post=12247"}],"wp:featuredmedia":[{"embeddable":true,"href":"https:\/\/engitech.az\/en\/wp-json\/wp\/v2\/media\/12248"}],"wp:attachment":[{"href":"https:\/\/engitech.az\/en\/wp-json\/wp\/v2\/media?parent=12247"}],"wp:term":[{"taxonomy":"product_brand","embeddable":true,"href":"https:\/\/engitech.az\/en\/wp-json\/wp\/v2\/product_brand?post=12247"},{"taxonomy":"product_cat","embeddable":true,"href":"https:\/\/engitech.az\/en\/wp-json\/wp\/v2\/product_cat?post=12247"},{"taxonomy":"product_tag","embeddable":true,"href":"https:\/\/engitech.az\/en\/wp-json\/wp\/v2\/product_tag?post=12247"}],"curies":[{"name":"wp","href":"https:\/\/api.w.org\/{rel}","templated":true}]}}