{"id":12249,"date":"2026-04-02T11:27:45","date_gmt":"2026-04-02T11:27:45","guid":{"rendered":"https:\/\/engitech.az\/?post_type=product&#038;p=12249"},"modified":"2026-04-02T11:27:45","modified_gmt":"2026-04-02T11:27:45","slug":"ds-k1t8003ef","status":"publish","type":"product","link":"https:\/\/engitech.az\/en\/product\/ds-k1t8003ef\/","title":{"rendered":"DS-K1T8003EF"},"content":{"rendered":"<ul>\n<li data-start=\"0\" data-end=\"42\"><strong data-start=\"2\" data-end=\"13\">M\u0259hsul:<\/strong> Hikvision <strong data-start=\"24\" data-end=\"40\" data-is-only-node=\"\">DS\u2011K1T8003EF<\/strong><\/li>\n<li data-start=\"43\" data-end=\"110\"><strong data-start=\"45\" data-end=\"60\">Category:<\/strong> Giri\u015f\u0259 n\u0259zar\u0259t terminal\u0131 \/ davamiyy\u0259t terminal\u0131<\/li>\n<li data-start=\"111\" data-end=\"196\"><strong data-start=\"113\" data-end=\"121\">Type:<\/strong> \u00dcz tan\u0131ma + barmaq izi + kart + PIN d\u0259st\u0259kl\u0259y\u0259n access control terminal\u0131<\/li>\n<li data-start=\"197\" data-end=\"235\"><strong data-start=\"199\" data-end=\"209\">Screen:<\/strong> Orta \u00f6l\u00e7\u00fcl\u00fc LCD displey<\/li>\n<li data-start=\"236\" data-end=\"285\"><strong data-start=\"238\" data-end=\"249\">Camera:<\/strong> Y\u00fcks\u0259k keyfiyy\u0259tli frontal kamera<\/li>\n<li data-start=\"286\" data-end=\"338\"><strong data-start=\"288\" data-end=\"302\">\u00dcz tan\u0131ma:<\/strong> Tez v\u0259 d\u0259qiq \u00fcz tan\u0131ma funksiyas\u0131<\/li>\n<li data-start=\"339\" data-end=\"427\"><strong data-start=\"341\" data-end=\"352\">Memory:<\/strong> \u00dcz, kart v\u0259 barmaq izi \u00fc\u00e7\u00fcn kifay\u0259t q\u0259d\u0259r b\u00f6y\u00fck yadda\u015f + access qeydl\u0259ri<\/li>\n<li data-start=\"428\" data-end=\"468\"><strong data-start=\"430\" data-end=\"440\">Contact:<\/strong> LAN (RJ45), Wi\u2011Fi d\u0259st\u0259yi<\/li>\n<li data-start=\"469\" data-end=\"494\"><strong data-start=\"471\" data-end=\"485\">Nutrition:<\/strong> 12V DC<\/li>\n<li data-start=\"495\" data-end=\"619\"><strong data-start=\"497\" data-end=\"515\">Features:<\/strong>\n<ul data-start=\"520\" data-end=\"619\">\n<li data-start=\"520\" data-end=\"548\">Daxili access controller<\/li>\n<li data-start=\"551\" data-end=\"578\">\u0130\u015f\u00e7i davamiyy\u0259t sistemi<\/li>\n<li data-start=\"581\" data-end=\"619\">Anti\u2011spoofing (saxta tan\u0131ma qar\u015f\u0131)<\/li>\n<\/ul>\n<\/li>\n<li data-start=\"620\" data-end=\"713\"><strong data-start=\"622\" data-end=\"635\">Usage:<\/strong> Ofisl\u0259r, obyektl\u0259r, bina giri\u015fl\u0259ri v\u0259 \u0259m\u0259k davamiyy\u0259t sisteml\u0259ri \u00fc\u00e7\u00fcn uy\u011fun<\/li>\n<\/ul>","protected":false},"excerpt":{"rendered":"<p>M\u0259hsul: Hikvision DS\u2011K1T8003EF Kateqoriya: Giri\u015f\u0259 n\u0259zar\u0259t terminal\u0131 \/ davamiyy\u0259t terminal\u0131  [&#8230;]<\/p>","protected":false},"featured_media":12250,"comment_status":"open","ping_status":"closed","template":"","meta":[],"product_brand":[],"product_cat":[167],"product_tag":[],"class_list":{"0":"post-12249","1":"product","2":"type-product","3":"status-publish","4":"has-post-thumbnail","6":"product_cat-hikvision","7":"pa_mehsul-tipi-hikvision-access-control","9":"first","10":"instock","11":"sold-individually","12":"shipping-taxable","13":"purchasable","14":"product-type-simple"},"_links":{"self":[{"href":"https:\/\/engitech.az\/en\/wp-json\/wp\/v2\/product\/12249","targetHints":{"allow":["GET"]}}],"collection":[{"href":"https:\/\/engitech.az\/en\/wp-json\/wp\/v2\/product"}],"about":[{"href":"https:\/\/engitech.az\/en\/wp-json\/wp\/v2\/types\/product"}],"replies":[{"embeddable":true,"href":"https:\/\/engitech.az\/en\/wp-json\/wp\/v2\/comments?post=12249"}],"wp:featuredmedia":[{"embeddable":true,"href":"https:\/\/engitech.az\/en\/wp-json\/wp\/v2\/media\/12250"}],"wp:attachment":[{"href":"https:\/\/engitech.az\/en\/wp-json\/wp\/v2\/media?parent=12249"}],"wp:term":[{"taxonomy":"product_brand","embeddable":true,"href":"https:\/\/engitech.az\/en\/wp-json\/wp\/v2\/product_brand?post=12249"},{"taxonomy":"product_cat","embeddable":true,"href":"https:\/\/engitech.az\/en\/wp-json\/wp\/v2\/product_cat?post=12249"},{"taxonomy":"product_tag","embeddable":true,"href":"https:\/\/engitech.az\/en\/wp-json\/wp\/v2\/product_tag?post=12249"}],"curies":[{"name":"wp","href":"https:\/\/api.w.org\/{rel}","templated":true}]}}