{"id":12251,"date":"2026-04-02T11:32:25","date_gmt":"2026-04-02T11:32:25","guid":{"rendered":"https:\/\/engitech.az\/?post_type=product&#038;p=12251"},"modified":"2026-04-02T11:32:25","modified_gmt":"2026-04-02T11:32:25","slug":"ds-k1t805mbfwx","status":"publish","type":"product","link":"https:\/\/engitech.az\/en\/product\/ds-k1t805mbfwx\/","title":{"rendered":"DS-K1T805MBFWX"},"content":{"rendered":"<ul>\n<li data-start=\"0\" data-end=\"44\"><strong data-start=\"2\" data-end=\"13\">M\u0259hsul:<\/strong> Hikvision DS\u2011K1T805MBFWX<\/li>\n<li data-start=\"45\" data-end=\"103\"><strong data-start=\"47\" data-end=\"62\">Category:<\/strong> Giri\u015f\u0259 n\u0259zar\u0259t v\u0259 davamiyy\u0259t terminal\u0131<\/li>\n<li data-start=\"104\" data-end=\"162\"><strong data-start=\"106\" data-end=\"114\">Type:<\/strong> \u00dcz tan\u0131ma + barmaq izi + kart + PIN terminal\u0131<\/li>\n<li data-start=\"163\" data-end=\"202\"><strong data-start=\"165\" data-end=\"175\">Screen:<\/strong> B\u00f6y\u00fck, ayd\u0131n LCD displey<\/li>\n<li data-start=\"203\" data-end=\"266\"><strong data-start=\"205\" data-end=\"216\">Camera:<\/strong> Y\u00fcks\u0259k keyfiyy\u0259tli frontal kamera il\u0259 \u00fcz tan\u0131ma<\/li>\n<li data-start=\"267\" data-end=\"320\"><strong data-start=\"269\" data-end=\"283\">\u00dcz tan\u0131ma:<\/strong> S\u00fcr\u0259tli v\u0259 etibarl\u0131 tan\u0131ma sistemi<\/li>\n<li data-start=\"321\" data-end=\"352\"><strong data-start=\"323\" data-end=\"338\">Barmaq izi:<\/strong> Supported<\/li>\n<li data-start=\"353\" data-end=\"378\"><strong data-start=\"355\" data-end=\"364\">Kart:<\/strong> Supported<\/li>\n<li data-start=\"379\" data-end=\"416\"><strong data-start=\"381\" data-end=\"389\">PIN:<\/strong> Daxili PIN kod il\u0259 giri\u015f<\/li>\n<li data-start=\"417\" data-end=\"502\"><strong data-start=\"419\" data-end=\"430\">Memory:<\/strong> Kifay\u0259t q\u0259d\u0259r yadda\u015f tutumu (\u00fcz, barmaq izi, kart v\u0259 access qeydl\u0259ri)<\/li>\n<li data-start=\"503\" data-end=\"543\"><strong data-start=\"505\" data-end=\"515\">Contact:<\/strong> LAN (RJ45), Wi\u2011Fi d\u0259st\u0259yi<\/li>\n<li data-start=\"544\" data-end=\"569\"><strong data-start=\"546\" data-end=\"560\">Nutrition:<\/strong> 12V DC<\/li>\n<li data-start=\"570\" data-end=\"701\"><strong data-start=\"572\" data-end=\"590\">Features:<\/strong>\n<ul data-start=\"595\" data-end=\"701\">\n<li data-start=\"595\" data-end=\"623\">Daxili access controller<\/li>\n<li data-start=\"626\" data-end=\"656\">\u0130\u015f\u00e7i davamiyy\u0259t funksiyas\u0131<\/li>\n<li data-start=\"659\" data-end=\"701\">Anti\u2011spoofing (saxta \u00fcz\u0259 qar\u015f\u0131 qoruma)<\/li>\n<\/ul>\n<\/li>\n<li data-start=\"702\" data-end=\"823\"><strong data-start=\"704\" data-end=\"717\">Usage:<\/strong> Ofisl\u0259r, m\u00fc\u0259ssis\u0259l\u0259r, obyekt giri\u015fl\u0259ri v\u0259 \u0259m\u0259k davamiyy\u0259t idar\u0259\u00e7il\u0259ri \u00fc\u00e7\u00fcn tam access n\u0259zar\u0259t terminal\u0131<\/li>\n<\/ul>","protected":false},"excerpt":{"rendered":"<p>M\u0259hsul: Hikvision DS\u2011K1T805MBFWX Kateqoriya: Giri\u015f\u0259 n\u0259zar\u0259t v\u0259 davamiyy\u0259t terminal\u0131 Tip:  [&#8230;]<\/p>","protected":false},"featured_media":12252,"comment_status":"open","ping_status":"closed","template":"","meta":[],"product_brand":[],"product_cat":[167],"product_tag":[],"class_list":{"0":"post-12251","1":"product","2":"type-product","3":"status-publish","4":"has-post-thumbnail","6":"product_cat-hikvision","7":"pa_mehsul-tipi-hikvision-access-control","9":"first","10":"instock","11":"sold-individually","12":"shipping-taxable","13":"purchasable","14":"product-type-simple"},"_links":{"self":[{"href":"https:\/\/engitech.az\/en\/wp-json\/wp\/v2\/product\/12251","targetHints":{"allow":["GET"]}}],"collection":[{"href":"https:\/\/engitech.az\/en\/wp-json\/wp\/v2\/product"}],"about":[{"href":"https:\/\/engitech.az\/en\/wp-json\/wp\/v2\/types\/product"}],"replies":[{"embeddable":true,"href":"https:\/\/engitech.az\/en\/wp-json\/wp\/v2\/comments?post=12251"}],"wp:featuredmedia":[{"embeddable":true,"href":"https:\/\/engitech.az\/en\/wp-json\/wp\/v2\/media\/12252"}],"wp:attachment":[{"href":"https:\/\/engitech.az\/en\/wp-json\/wp\/v2\/media?parent=12251"}],"wp:term":[{"taxonomy":"product_brand","embeddable":true,"href":"https:\/\/engitech.az\/en\/wp-json\/wp\/v2\/product_brand?post=12251"},{"taxonomy":"product_cat","embeddable":true,"href":"https:\/\/engitech.az\/en\/wp-json\/wp\/v2\/product_cat?post=12251"},{"taxonomy":"product_tag","embeddable":true,"href":"https:\/\/engitech.az\/en\/wp-json\/wp\/v2\/product_tag?post=12251"}],"curies":[{"name":"wp","href":"https:\/\/api.w.org\/{rel}","templated":true}]}}