{"id":12253,"date":"2026-04-02T11:35:15","date_gmt":"2026-04-02T11:35:15","guid":{"rendered":"https:\/\/engitech.az\/?post_type=product&#038;p=12253"},"modified":"2026-04-02T11:35:15","modified_gmt":"2026-04-02T11:35:15","slug":"ds-k1t8005efwx","status":"publish","type":"product","link":"https:\/\/engitech.az\/en\/product\/ds-k1t8005efwx\/","title":{"rendered":"DS-K1T8005EFWX"},"content":{"rendered":"<ul>\n<li data-start=\"0\" data-end=\"44\"><strong data-start=\"2\" data-end=\"13\">M\u0259hsul:<\/strong> Hikvision <strong data-start=\"24\" data-end=\"42\" data-is-only-node=\"\">DS\u2011K1T8005EFWX<\/strong><\/li>\n<li data-start=\"45\" data-end=\"103\"><strong data-start=\"47\" data-end=\"62\">Category:<\/strong> Giri\u015f\u0259 n\u0259zar\u0259t v\u0259 davamiyy\u0259t terminal\u0131<\/li>\n<li data-start=\"104\" data-end=\"162\"><strong data-start=\"106\" data-end=\"114\">Type:<\/strong> \u00dcz tan\u0131ma + barmaq izi + kart + PIN terminal\u0131<\/li>\n<li data-start=\"163\" data-end=\"195\"><strong data-start=\"165\" data-end=\"175\">Screen:<\/strong> Ayd\u0131n LCD displey<\/li>\n<li data-start=\"196\" data-end=\"252\"><strong data-start=\"198\" data-end=\"209\">Camera:<\/strong> Keyfiyy\u0259tli frontal kamera il\u0259 \u00fcz tan\u0131ma<\/li>\n<li data-start=\"253\" data-end=\"306\"><strong data-start=\"255\" data-end=\"269\">\u00dcz tan\u0131ma:<\/strong> S\u00fcr\u0259tli v\u0259 etibarl\u0131 tan\u0131ma sistemi<\/li>\n<li data-start=\"307\" data-end=\"338\"><strong data-start=\"309\" data-end=\"324\">Barmaq izi:<\/strong> Supported<\/li>\n<li data-start=\"339\" data-end=\"364\"><strong data-start=\"341\" data-end=\"350\">Kart:<\/strong> Supported<\/li>\n<li data-start=\"365\" data-end=\"402\"><strong data-start=\"367\" data-end=\"375\">PIN:<\/strong> Daxili PIN kod il\u0259 giri\u015f<\/li>\n<li data-start=\"403\" data-end=\"488\"><strong data-start=\"405\" data-end=\"416\">Memory:<\/strong> Kifay\u0259t q\u0259d\u0259r yadda\u015f tutumu (\u00fcz, barmaq izi, kart v\u0259 access qeydl\u0259ri)<\/li>\n<li data-start=\"489\" data-end=\"529\"><strong data-start=\"491\" data-end=\"501\">Contact:<\/strong> LAN (RJ45), Wi\u2011Fi d\u0259st\u0259yi<\/li>\n<li data-start=\"530\" data-end=\"555\"><strong data-start=\"532\" data-end=\"546\">Nutrition:<\/strong> 12V DC<\/li>\n<li data-start=\"556\" data-end=\"687\"><strong data-start=\"558\" data-end=\"576\">Features:<\/strong>\n<ul data-start=\"581\" data-end=\"687\">\n<li data-start=\"581\" data-end=\"609\">Daxili access controller<\/li>\n<li data-start=\"612\" data-end=\"642\">\u0130\u015f\u00e7i davamiyy\u0259t funksiyas\u0131<\/li>\n<li data-start=\"645\" data-end=\"687\">Anti\u2011spoofing (saxta \u00fcz\u0259 qar\u015f\u0131 qoruma)<\/li>\n<\/ul>\n<\/li>\n<li data-start=\"688\" data-end=\"776\"><strong data-start=\"690\" data-end=\"703\">Usage:<\/strong> Ofisl\u0259r, obyektl\u0259r, bina giri\u015fl\u0259ri v\u0259 davamiyy\u0259t sisteml\u0259ri \u00fc\u00e7\u00fcn uy\u011fun<\/li>\n<\/ul>","protected":false},"excerpt":{"rendered":"<p>M\u0259hsul: Hikvision DS\u2011K1T8005EFWX Kateqoriya: Giri\u015f\u0259 n\u0259zar\u0259t v\u0259 davamiyy\u0259t terminal\u0131 Tip:  [&#8230;]<\/p>","protected":false},"featured_media":12254,"comment_status":"open","ping_status":"closed","template":"","meta":[],"product_brand":[],"product_cat":[167],"product_tag":[],"class_list":{"0":"post-12253","1":"product","2":"type-product","3":"status-publish","4":"has-post-thumbnail","6":"product_cat-hikvision","7":"pa_mehsul-tipi-hikvision-access-control","9":"first","10":"instock","11":"sold-individually","12":"shipping-taxable","13":"purchasable","14":"product-type-simple"},"_links":{"self":[{"href":"https:\/\/engitech.az\/en\/wp-json\/wp\/v2\/product\/12253","targetHints":{"allow":["GET"]}}],"collection":[{"href":"https:\/\/engitech.az\/en\/wp-json\/wp\/v2\/product"}],"about":[{"href":"https:\/\/engitech.az\/en\/wp-json\/wp\/v2\/types\/product"}],"replies":[{"embeddable":true,"href":"https:\/\/engitech.az\/en\/wp-json\/wp\/v2\/comments?post=12253"}],"wp:featuredmedia":[{"embeddable":true,"href":"https:\/\/engitech.az\/en\/wp-json\/wp\/v2\/media\/12254"}],"wp:attachment":[{"href":"https:\/\/engitech.az\/en\/wp-json\/wp\/v2\/media?parent=12253"}],"wp:term":[{"taxonomy":"product_brand","embeddable":true,"href":"https:\/\/engitech.az\/en\/wp-json\/wp\/v2\/product_brand?post=12253"},{"taxonomy":"product_cat","embeddable":true,"href":"https:\/\/engitech.az\/en\/wp-json\/wp\/v2\/product_cat?post=12253"},{"taxonomy":"product_tag","embeddable":true,"href":"https:\/\/engitech.az\/en\/wp-json\/wp\/v2\/product_tag?post=12253"}],"curies":[{"name":"wp","href":"https:\/\/api.w.org\/{rel}","templated":true}]}}