{"id":12255,"date":"2026-04-02T11:38:27","date_gmt":"2026-04-02T11:38:27","guid":{"rendered":"https:\/\/engitech.az\/?post_type=product&#038;p=12255"},"modified":"2026-04-02T11:38:27","modified_gmt":"2026-04-02T11:38:27","slug":"ds-k1t804amf","status":"publish","type":"product","link":"https:\/\/engitech.az\/en\/product\/ds-k1t804amf\/","title":{"rendered":"DS-K1T804AMF"},"content":{"rendered":"<ul>\n<li data-start=\"0\" data-end=\"42\"><strong data-start=\"2\" data-end=\"13\">M\u0259hsul:<\/strong> Hikvision <strong data-start=\"24\" data-end=\"40\" data-is-only-node=\"\">DS\u2011K1T804AMF<\/strong><\/li>\n<li data-start=\"43\" data-end=\"101\"><strong data-start=\"45\" data-end=\"60\">Category:<\/strong> Giri\u015f\u0259 n\u0259zar\u0259t v\u0259 davamiyy\u0259t terminal\u0131<\/li>\n<li data-start=\"102\" data-end=\"150\"><strong data-start=\"104\" data-end=\"112\">Type:<\/strong> \u00dcz tan\u0131ma + barmaq izi + kart + PIN<\/li>\n<li data-start=\"151\" data-end=\"183\"><strong data-start=\"153\" data-end=\"163\">Screen:<\/strong> Ayd\u0131n LCD displey<\/li>\n<li data-start=\"184\" data-end=\"235\"><strong data-start=\"186\" data-end=\"197\">Camera:<\/strong> Keyfiyy\u0259tli \u00f6n kamera il\u0259 \u00fcz tan\u0131ma<\/li>\n<li data-start=\"236\" data-end=\"289\"><strong data-start=\"238\" data-end=\"252\">\u00dcz tan\u0131ma:<\/strong> S\u00fcr\u0259tli v\u0259 etibarl\u0131 tan\u0131ma sistemi<\/li>\n<li data-start=\"290\" data-end=\"321\"><strong data-start=\"292\" data-end=\"307\">Barmaq izi:<\/strong> Supported<\/li>\n<li data-start=\"322\" data-end=\"347\"><strong data-start=\"324\" data-end=\"333\">Kart:<\/strong> Supported<\/li>\n<li data-start=\"348\" data-end=\"385\"><strong data-start=\"350\" data-end=\"358\">PIN:<\/strong> Daxili PIN kod il\u0259 giri\u015f<\/li>\n<li data-start=\"386\" data-end=\"471\"><strong data-start=\"388\" data-end=\"399\">Memory:<\/strong> Kifay\u0259t q\u0259d\u0259r yadda\u015f tutumu (\u00fcz, barmaq izi, kart v\u0259 access qeydl\u0259ri)<\/li>\n<li data-start=\"472\" data-end=\"512\"><strong data-start=\"474\" data-end=\"484\">Contact:<\/strong> LAN (RJ45), Wi\u2011Fi d\u0259st\u0259yi<\/li>\n<li data-start=\"513\" data-end=\"538\"><strong data-start=\"515\" data-end=\"529\">Nutrition:<\/strong> 12V DC<\/li>\n<li data-start=\"539\" data-end=\"670\"><strong data-start=\"541\" data-end=\"559\">Features:<\/strong>\n<ul data-start=\"564\" data-end=\"670\">\n<li data-start=\"564\" data-end=\"592\">Daxili access controller<\/li>\n<li data-start=\"595\" data-end=\"625\">\u0130\u015f\u00e7i davamiyy\u0259t funksiyas\u0131<\/li>\n<li data-start=\"628\" data-end=\"670\">Anti\u2011spoofing (saxta \u00fcz\u0259 qar\u015f\u0131 qoruma)<\/li>\n<\/ul>\n<\/li>\n<li data-start=\"671\" data-end=\"762\"><strong data-start=\"673\" data-end=\"686\">Usage:<\/strong> Ofis, obyekt v\u0259 bina giri\u015fl\u0259rind\u0259 tam giri\u015f n\u0259zar\u0259t v\u0259 davamiyy\u0259t sistemi<\/li>\n<\/ul>","protected":false},"excerpt":{"rendered":"<p>M\u0259hsul: Hikvision DS\u2011K1T804AMF Kateqoriya: Giri\u015f\u0259 n\u0259zar\u0259t v\u0259 davamiyy\u0259t terminal\u0131 Tip:  [&#8230;]<\/p>","protected":false},"featured_media":12256,"comment_status":"open","ping_status":"closed","template":"","meta":[],"product_brand":[],"product_cat":[167],"product_tag":[],"class_list":{"0":"post-12255","1":"product","2":"type-product","3":"status-publish","4":"has-post-thumbnail","6":"product_cat-hikvision","7":"pa_mehsul-tipi-hikvision-access-control","9":"first","10":"instock","11":"sold-individually","12":"shipping-taxable","13":"purchasable","14":"product-type-simple"},"_links":{"self":[{"href":"https:\/\/engitech.az\/en\/wp-json\/wp\/v2\/product\/12255","targetHints":{"allow":["GET"]}}],"collection":[{"href":"https:\/\/engitech.az\/en\/wp-json\/wp\/v2\/product"}],"about":[{"href":"https:\/\/engitech.az\/en\/wp-json\/wp\/v2\/types\/product"}],"replies":[{"embeddable":true,"href":"https:\/\/engitech.az\/en\/wp-json\/wp\/v2\/comments?post=12255"}],"wp:featuredmedia":[{"embeddable":true,"href":"https:\/\/engitech.az\/en\/wp-json\/wp\/v2\/media\/12256"}],"wp:attachment":[{"href":"https:\/\/engitech.az\/en\/wp-json\/wp\/v2\/media?parent=12255"}],"wp:term":[{"taxonomy":"product_brand","embeddable":true,"href":"https:\/\/engitech.az\/en\/wp-json\/wp\/v2\/product_brand?post=12255"},{"taxonomy":"product_cat","embeddable":true,"href":"https:\/\/engitech.az\/en\/wp-json\/wp\/v2\/product_cat?post=12255"},{"taxonomy":"product_tag","embeddable":true,"href":"https:\/\/engitech.az\/en\/wp-json\/wp\/v2\/product_tag?post=12255"}],"curies":[{"name":"wp","href":"https:\/\/api.w.org\/{rel}","templated":true}]}}