{"id":12257,"date":"2026-04-02T11:40:54","date_gmt":"2026-04-02T11:40:54","guid":{"rendered":"https:\/\/engitech.az\/?post_type=product&#038;p=12257"},"modified":"2026-04-02T11:45:04","modified_gmt":"2026-04-02T11:45:04","slug":"ds-k1t807ebfwx-e1","status":"publish","type":"product","link":"https:\/\/engitech.az\/en\/product\/ds-k1t807ebfwx-e1\/","title":{"rendered":"DS-K1T807EBFWX-E1"},"content":{"rendered":"<ul>\n<li data-start=\"0\" data-end=\"47\"><strong data-start=\"2\" data-end=\"13\">M\u0259hsul:<\/strong> Hikvision <strong data-start=\"24\" data-end=\"45\" data-is-only-node=\"\">DS\u2011K1T807EBFWX\u2011E1<\/strong><\/li>\n<li data-start=\"48\" data-end=\"106\"><strong data-start=\"50\" data-end=\"65\">Category:<\/strong> Giri\u015f\u0259 n\u0259zar\u0259t v\u0259 davamiyy\u0259t terminal\u0131<\/li>\n<li data-start=\"107\" data-end=\"172\"><strong data-start=\"109\" data-end=\"117\">Type:<\/strong> Giri\u015f n\u0259zar\u0259ti \u2013 \u00dcz tan\u0131ma + barmaq izi + kart + PIN<\/li>\n<li data-start=\"173\" data-end=\"205\"><strong data-start=\"175\" data-end=\"185\">Screen:<\/strong> Ayd\u0131n LCD displey<\/li>\n<li data-start=\"206\" data-end=\"262\"><strong data-start=\"208\" data-end=\"219\">Camera:<\/strong> Keyfiyy\u0259tli frontal kamera il\u0259 \u00fcz tan\u0131ma<\/li>\n<li data-start=\"263\" data-end=\"316\"><strong data-start=\"265\" data-end=\"279\">\u00dcz tan\u0131ma:<\/strong> S\u00fcr\u0259tli v\u0259 etibarl\u0131 tan\u0131ma sistemi<\/li>\n<li data-start=\"317\" data-end=\"348\"><strong data-start=\"319\" data-end=\"334\">Barmaq izi:<\/strong> Supported<\/li>\n<li data-start=\"349\" data-end=\"374\"><strong data-start=\"351\" data-end=\"360\">Kart:<\/strong> Supported<\/li>\n<li data-start=\"375\" data-end=\"415\"><strong data-start=\"377\" data-end=\"385\">PIN:<\/strong> Daxili PIN kod giri\u015f imkan\u0131<\/li>\n<li data-start=\"416\" data-end=\"494\"><strong data-start=\"418\" data-end=\"429\">Memory:<\/strong> Kifay\u0259t q\u0259d\u0259r yadda\u015f (\u00fcz, barmaq izi, kart v\u0259 access qeydl\u0259ri)<\/li>\n<li data-start=\"495\" data-end=\"535\"><strong data-start=\"497\" data-end=\"507\">Contact:<\/strong> LAN (RJ45), Wi\u2011Fi d\u0259st\u0259yi<\/li>\n<li data-start=\"536\" data-end=\"561\"><strong data-start=\"538\" data-end=\"552\">Nutrition:<\/strong> 12V DC<\/li>\n<li data-start=\"562\" data-end=\"693\"><strong data-start=\"564\" data-end=\"582\">Features:<\/strong>\n<ul data-start=\"587\" data-end=\"693\">\n<li data-start=\"587\" data-end=\"615\">Daxili access controller<\/li>\n<li data-start=\"618\" data-end=\"645\">\u0130\u015f\u00e7i davamiyy\u0259t sistemi<\/li>\n<li data-start=\"648\" data-end=\"693\">Anti\u2011spoofing (saxta tan\u0131ma qar\u015f\u0131 qoruma)<\/li>\n<\/ul>\n<\/li>\n<li data-start=\"694\" data-end=\"774\"><strong data-start=\"696\" data-end=\"709\">Usage:<\/strong> Ofisl\u0259r, obyektl\u0259r v\u0259 bina giri\u015f n\u0259zar\u0259t sisteml\u0259ri \u00fc\u00e7\u00fcn uy\u011fun<\/li>\n<\/ul>","protected":false},"excerpt":{"rendered":"<p>M\u0259hsul: Hikvision DS\u2011K1T807EBFWX\u2011E1 Kateqoriya: Giri\u015f\u0259 n\u0259zar\u0259t v\u0259 davamiyy\u0259t terminal\u0131 Tip:  [&#8230;]<\/p>","protected":false},"featured_media":12258,"comment_status":"open","ping_status":"closed","template":"","meta":[],"product_brand":[],"product_cat":[167],"product_tag":[],"class_list":{"0":"post-12257","1":"product","2":"type-product","3":"status-publish","4":"has-post-thumbnail","6":"product_cat-hikvision","7":"pa_mehsul-tipi-hikvision-access-control","9":"first","10":"instock","11":"sold-individually","12":"shipping-taxable","13":"purchasable","14":"product-type-simple"},"_links":{"self":[{"href":"https:\/\/engitech.az\/en\/wp-json\/wp\/v2\/product\/12257","targetHints":{"allow":["GET"]}}],"collection":[{"href":"https:\/\/engitech.az\/en\/wp-json\/wp\/v2\/product"}],"about":[{"href":"https:\/\/engitech.az\/en\/wp-json\/wp\/v2\/types\/product"}],"replies":[{"embeddable":true,"href":"https:\/\/engitech.az\/en\/wp-json\/wp\/v2\/comments?post=12257"}],"wp:featuredmedia":[{"embeddable":true,"href":"https:\/\/engitech.az\/en\/wp-json\/wp\/v2\/media\/12258"}],"wp:attachment":[{"href":"https:\/\/engitech.az\/en\/wp-json\/wp\/v2\/media?parent=12257"}],"wp:term":[{"taxonomy":"product_brand","embeddable":true,"href":"https:\/\/engitech.az\/en\/wp-json\/wp\/v2\/product_brand?post=12257"},{"taxonomy":"product_cat","embeddable":true,"href":"https:\/\/engitech.az\/en\/wp-json\/wp\/v2\/product_cat?post=12257"},{"taxonomy":"product_tag","embeddable":true,"href":"https:\/\/engitech.az\/en\/wp-json\/wp\/v2\/product_tag?post=12257"}],"curies":[{"name":"wp","href":"https:\/\/api.w.org\/{rel}","templated":true}]}}