{"id":12259,"date":"2026-04-02T11:43:33","date_gmt":"2026-04-02T11:43:33","guid":{"rendered":"https:\/\/engitech.az\/?post_type=product&#038;p=12259"},"modified":"2026-04-02T11:43:34","modified_gmt":"2026-04-02T11:43:34","slug":"ds-k1a802af","status":"publish","type":"product","link":"https:\/\/engitech.az\/en\/product\/ds-k1a802af\/","title":{"rendered":"DS-K1A802AF"},"content":{"rendered":"<ul>\n<li data-start=\"0\" data-end=\"41\"><strong data-start=\"2\" data-end=\"13\">M\u0259hsul:<\/strong> Hikvision <strong data-start=\"24\" data-end=\"39\" data-is-only-node=\"\">DS\u2011K1A802AF<\/strong><\/li>\n<li data-start=\"42\" data-end=\"100\"><strong data-start=\"44\" data-end=\"59\">Category:<\/strong> Giri\u015f\u0259 n\u0259zar\u0259t v\u0259 davamiyy\u0259t terminal\u0131<\/li>\n<li data-start=\"101\" data-end=\"146\"><strong data-start=\"103\" data-end=\"111\">Type:<\/strong> \u00dcz tan\u0131ma + kart + PIN terminal\u0131<\/li>\n<li data-start=\"147\" data-end=\"179\"><strong data-start=\"149\" data-end=\"159\">Screen:<\/strong> Ayd\u0131n LCD displey<\/li>\n<li data-start=\"180\" data-end=\"231\"><strong data-start=\"182\" data-end=\"193\">Camera:<\/strong> Keyfiyy\u0259tli \u00f6n kamera il\u0259 \u00fcz tan\u0131ma<\/li>\n<li data-start=\"232\" data-end=\"285\"><strong data-start=\"234\" data-end=\"248\">\u00dcz tan\u0131ma:<\/strong> S\u00fcr\u0259tli v\u0259 etibarl\u0131 tan\u0131ma sistemi<\/li>\n<li data-start=\"286\" data-end=\"311\"><strong data-start=\"288\" data-end=\"297\">Kart:<\/strong> Supported<\/li>\n<li data-start=\"312\" data-end=\"349\"><strong data-start=\"314\" data-end=\"322\">PIN:<\/strong> Daxili PIN kod il\u0259 giri\u015f<\/li>\n<li data-start=\"350\" data-end=\"415\"><strong data-start=\"352\" data-end=\"363\">Memory:<\/strong> Kifay\u0259t q\u0259d\u0259r yadda\u015f (\u00fcz, kart v\u0259 giri\u015f qeydl\u0259ri)<\/li>\n<li data-start=\"416\" data-end=\"456\"><strong data-start=\"418\" data-end=\"428\">Contact:<\/strong> LAN (RJ45), Wi\u2011Fi d\u0259st\u0259yi<\/li>\n<li data-start=\"457\" data-end=\"482\"><strong data-start=\"459\" data-end=\"473\">Nutrition:<\/strong> 12V DC<\/li>\n<li data-start=\"483\" data-end=\"614\"><strong data-start=\"485\" data-end=\"503\">Features:<\/strong>\n<ul data-start=\"508\" data-end=\"614\">\n<li data-start=\"508\" data-end=\"536\">Daxili access controller<\/li>\n<li data-start=\"539\" data-end=\"569\">\u0130\u015f\u00e7i davamiyy\u0259t funksiyas\u0131<\/li>\n<li data-start=\"572\" data-end=\"614\">Anti\u2011spoofing (saxta \u00fcz\u0259 qar\u015f\u0131 qoruma)<\/li>\n<\/ul>\n<\/li>\n<li data-start=\"615\" data-end=\"714\"><strong data-start=\"617\" data-end=\"630\">Usage:<\/strong> Ofisl\u0259r, obyektl\u0259r v\u0259 bina giri\u015fl\u0259ri \u00fc\u00e7\u00fcn tam giri\u015f n\u0259zar\u0259t v\u0259 davamiyy\u0259t sistemi<\/li>\n<\/ul>","protected":false},"excerpt":{"rendered":"<p>M\u0259hsul: Hikvision DS\u2011K1A802AF Kateqoriya: Giri\u015f\u0259 n\u0259zar\u0259t v\u0259 davamiyy\u0259t terminal\u0131 Tip:  [&#8230;]<\/p>","protected":false},"featured_media":12260,"comment_status":"open","ping_status":"closed","template":"","meta":[],"product_brand":[],"product_cat":[167],"product_tag":[],"class_list":{"0":"post-12259","1":"product","2":"type-product","3":"status-publish","4":"has-post-thumbnail","6":"product_cat-hikvision","7":"pa_mehsul-tipi-hikvision-access-control","9":"first","10":"instock","11":"sold-individually","12":"shipping-taxable","13":"purchasable","14":"product-type-simple"},"_links":{"self":[{"href":"https:\/\/engitech.az\/en\/wp-json\/wp\/v2\/product\/12259","targetHints":{"allow":["GET"]}}],"collection":[{"href":"https:\/\/engitech.az\/en\/wp-json\/wp\/v2\/product"}],"about":[{"href":"https:\/\/engitech.az\/en\/wp-json\/wp\/v2\/types\/product"}],"replies":[{"embeddable":true,"href":"https:\/\/engitech.az\/en\/wp-json\/wp\/v2\/comments?post=12259"}],"wp:featuredmedia":[{"embeddable":true,"href":"https:\/\/engitech.az\/en\/wp-json\/wp\/v2\/media\/12260"}],"wp:attachment":[{"href":"https:\/\/engitech.az\/en\/wp-json\/wp\/v2\/media?parent=12259"}],"wp:term":[{"taxonomy":"product_brand","embeddable":true,"href":"https:\/\/engitech.az\/en\/wp-json\/wp\/v2\/product_brand?post=12259"},{"taxonomy":"product_cat","embeddable":true,"href":"https:\/\/engitech.az\/en\/wp-json\/wp\/v2\/product_cat?post=12259"},{"taxonomy":"product_tag","embeddable":true,"href":"https:\/\/engitech.az\/en\/wp-json\/wp\/v2\/product_tag?post=12259"}],"curies":[{"name":"wp","href":"https:\/\/api.w.org\/{rel}","templated":true}]}}