{"id":12262,"date":"2026-04-02T11:57:16","date_gmt":"2026-04-02T11:57:16","guid":{"rendered":"https:\/\/engitech.az\/?post_type=product&#038;p=12262"},"modified":"2026-04-02T11:57:17","modified_gmt":"2026-04-02T11:57:17","slug":"ds-k1t201amf","status":"publish","type":"product","link":"https:\/\/engitech.az\/en\/product\/ds-k1t201amf\/","title":{"rendered":"DS-K1T201AMF"},"content":{"rendered":"<ul>\n<li data-start=\"0\" data-end=\"42\"><strong data-start=\"2\" data-end=\"13\">M\u0259hsul:<\/strong> Hikvision <strong data-start=\"24\" data-end=\"40\" data-is-only-node=\"\">DS\u2011K1T201AMF<\/strong><\/li>\n<li data-start=\"43\" data-end=\"101\"><strong data-start=\"45\" data-end=\"60\">Category:<\/strong> Giri\u015f\u0259 n\u0259zar\u0259t v\u0259 davamiyy\u0259t terminal\u0131<\/li>\n<li data-start=\"102\" data-end=\"160\"><strong data-start=\"104\" data-end=\"112\">Type:<\/strong> \u00dcz tan\u0131ma + barmaq izi + kart + PIN terminal\u0131<\/li>\n<li data-start=\"161\" data-end=\"187\"><strong data-start=\"163\" data-end=\"173\">Screen:<\/strong> LCD displey<\/li>\n<li data-start=\"188\" data-end=\"227\"><strong data-start=\"190\" data-end=\"201\">Camera:<\/strong> \u00d6n kamera il\u0259 \u00fcz tan\u0131ma<\/li>\n<li data-start=\"228\" data-end=\"281\"><strong data-start=\"230\" data-end=\"244\">\u00dcz tan\u0131ma:<\/strong> S\u00fcr\u0259tli v\u0259 d\u0259qiq tan\u0131ma funksiyas\u0131<\/li>\n<li data-start=\"282\" data-end=\"313\"><strong data-start=\"284\" data-end=\"299\">Barmaq izi:<\/strong> Supported<\/li>\n<li data-start=\"314\" data-end=\"339\"><strong data-start=\"316\" data-end=\"325\">Kart:<\/strong> Supported<\/li>\n<li data-start=\"340\" data-end=\"377\"><strong data-start=\"342\" data-end=\"350\">PIN:<\/strong> Daxili PIN kod il\u0259 giri\u015f<\/li>\n<li data-start=\"378\" data-end=\"445\"><strong data-start=\"380\" data-end=\"391\">Memory:<\/strong> \u00dcz, barmaq izi, kart v\u0259 access qeydl\u0259ri \u00fc\u00e7\u00fcn yadda\u015f<\/li>\n<li data-start=\"446\" data-end=\"486\"><strong data-start=\"448\" data-end=\"458\">Contact:<\/strong> LAN (RJ45), Wi\u2011Fi d\u0259st\u0259yi<\/li>\n<li data-start=\"487\" data-end=\"512\"><strong data-start=\"489\" data-end=\"503\">Nutrition:<\/strong> 12V DC<\/li>\n<li data-start=\"513\" data-end=\"644\"><strong data-start=\"515\" data-end=\"533\">Features:<\/strong>\n<ul data-start=\"538\" data-end=\"644\">\n<li data-start=\"538\" data-end=\"566\">Daxili access controller<\/li>\n<li data-start=\"569\" data-end=\"596\">\u0130\u015f\u00e7i davamiyy\u0259t sistemi<\/li>\n<li data-start=\"599\" data-end=\"644\">Anti\u2011spoofing (saxta tan\u0131ma qar\u015f\u0131 qoruma)<\/li>\n<\/ul>\n<\/li>\n<li data-start=\"645\" data-end=\"744\"><strong data-start=\"647\" data-end=\"660\">Usage:<\/strong> Ofisl\u0259r, m\u00fc\u0259ssis\u0259l\u0259r v\u0259 obyekt giri\u015fl\u0259ri \u00fc\u00e7\u00fcn giri\u015f n\u0259zar\u0259t v\u0259 davamiyy\u0259t sistemi<\/li>\n<\/ul>","protected":false},"excerpt":{"rendered":"<p>M\u0259hsul: Hikvision DS\u2011K1T201AMF Kateqoriya: Giri\u015f\u0259 n\u0259zar\u0259t v\u0259 davamiyy\u0259t terminal\u0131 Tip:  [&#8230;]<\/p>","protected":false},"featured_media":12263,"comment_status":"open","ping_status":"closed","template":"","meta":[],"product_brand":[],"product_cat":[167],"product_tag":[],"class_list":{"0":"post-12262","1":"product","2":"type-product","3":"status-publish","4":"has-post-thumbnail","6":"product_cat-hikvision","7":"pa_mehsul-tipi-hikvision-access-control","9":"first","10":"instock","11":"sold-individually","12":"shipping-taxable","13":"purchasable","14":"product-type-simple"},"_links":{"self":[{"href":"https:\/\/engitech.az\/en\/wp-json\/wp\/v2\/product\/12262","targetHints":{"allow":["GET"]}}],"collection":[{"href":"https:\/\/engitech.az\/en\/wp-json\/wp\/v2\/product"}],"about":[{"href":"https:\/\/engitech.az\/en\/wp-json\/wp\/v2\/types\/product"}],"replies":[{"embeddable":true,"href":"https:\/\/engitech.az\/en\/wp-json\/wp\/v2\/comments?post=12262"}],"wp:featuredmedia":[{"embeddable":true,"href":"https:\/\/engitech.az\/en\/wp-json\/wp\/v2\/media\/12263"}],"wp:attachment":[{"href":"https:\/\/engitech.az\/en\/wp-json\/wp\/v2\/media?parent=12262"}],"wp:term":[{"taxonomy":"product_brand","embeddable":true,"href":"https:\/\/engitech.az\/en\/wp-json\/wp\/v2\/product_brand?post=12262"},{"taxonomy":"product_cat","embeddable":true,"href":"https:\/\/engitech.az\/en\/wp-json\/wp\/v2\/product_cat?post=12262"},{"taxonomy":"product_tag","embeddable":true,"href":"https:\/\/engitech.az\/en\/wp-json\/wp\/v2\/product_tag?post=12262"}],"curies":[{"name":"wp","href":"https:\/\/api.w.org\/{rel}","templated":true}]}}