{"id":12264,"date":"2026-04-02T12:02:19","date_gmt":"2026-04-02T12:02:19","guid":{"rendered":"https:\/\/engitech.az\/?post_type=product&#038;p=12264"},"modified":"2026-04-02T12:02:20","modified_gmt":"2026-04-02T12:02:20","slug":"ds-k2601-g","status":"publish","type":"product","link":"https:\/\/engitech.az\/en\/product\/ds-k2601-g\/","title":{"rendered":"DS-K2601-G"},"content":{"rendered":"<ul>\n<li data-start=\"0\" data-end=\"40\"><strong data-start=\"2\" data-end=\"13\">M\u0259hsul:<\/strong> Hikvision <strong data-start=\"24\" data-end=\"38\" data-is-only-node=\"\">DS\u2011K2601\u2011G<\/strong><\/li>\n<li data-start=\"41\" data-end=\"108\"><strong data-start=\"43\" data-end=\"58\">Category:<\/strong> Elektron qap\u0131 z\u0259ngi \/ video interkom stansiyas\u0131<\/li>\n<li data-start=\"109\" data-end=\"165\"><strong data-start=\"111\" data-end=\"119\">Type:<\/strong> A\u011f\u0131ll\u0131 door station (kamera + z\u0259ng + audio)<\/li>\n<li data-start=\"166\" data-end=\"205\"><strong data-start=\"168\" data-end=\"179\">Camera:<\/strong> Geni\u015f bucaql\u0131 \u00f6n kamera<\/li>\n<li data-start=\"206\" data-end=\"257\"><strong data-start=\"208\" data-end=\"224\">Gec\u0259 G\u00f6r\u00fc\u015f\u00fc:<\/strong> IR gec\u0259 i\u015f\u0131\u011f\u0131 il\u0259 g\u00f6r\u00fc\u015f imkan\u0131<\/li>\n<li data-start=\"258\" data-end=\"300\"><strong data-start=\"260\" data-end=\"270\">Audio:<\/strong> \u0130ki t\u0259r\u0259fli s\u0259s il\u0259 dan\u0131\u015f\u0131q<\/li>\n<li data-start=\"301\" data-end=\"343\"><strong data-start=\"303\" data-end=\"315\">Qurulu\u015f:<\/strong> Divar \u00fcz\u0259rind\u0259 qura\u015fd\u0131rma<\/li>\n<li data-start=\"344\" data-end=\"411\"><strong data-start=\"346\" data-end=\"360\">Korpiziya:<\/strong> Xarici m\u00fchit \u00fc\u00e7\u00fcn uy\u011fun (hava \u015f\u0259raitin\u0259 davaml\u0131)<\/li>\n<li data-start=\"412\" data-end=\"454\"><strong data-start=\"414\" data-end=\"424\">Contact:<\/strong> LAN (Ethernet), PoE d\u0259st\u0259yi<\/li>\n<li data-start=\"455\" data-end=\"586\"><strong data-start=\"457\" data-end=\"475\">Features:<\/strong>\n<ul data-start=\"480\" data-end=\"586\">\n<li data-start=\"480\" data-end=\"515\">Z\u0259ng d\u00fcym\u0259si il\u0259 qonaq \u00e7a\u011f\u0131r\u0131\u015f\u0131<\/li>\n<li data-start=\"518\" data-end=\"544\">Videolu v\u0259 s\u0259sli \u0259laq\u0259<\/li>\n<li data-start=\"547\" data-end=\"586\">Smart app d\u0259st\u0259yi il\u0259 mobil dan\u0131\u015f\u0131q<\/li>\n<\/ul>\n<\/li>\n<li data-start=\"587\" data-end=\"691\"><strong data-start=\"589\" data-end=\"602\">Usage:<\/strong> Ev, m\u0259nzil, villa v\u0259 obyekt giri\u015find\u0259 qonaq z\u0259ngi v\u0259 video interkom sistemi \u00fc\u00e7\u00fcn ideal<\/li>\n<\/ul>","protected":false},"excerpt":{"rendered":"<p>M\u0259hsul: Hikvision DS\u2011K2601\u2011G Kateqoriya: Elektron qap\u0131 z\u0259ngi \/ video interkom  [&#8230;]<\/p>","protected":false},"featured_media":12265,"comment_status":"open","ping_status":"closed","template":"","meta":[],"product_brand":[],"product_cat":[167],"product_tag":[],"class_list":{"0":"post-12264","1":"product","2":"type-product","3":"status-publish","4":"has-post-thumbnail","6":"product_cat-hikvision","7":"pa_mehsul-tipi-hikvision-access-control","9":"first","10":"instock","11":"sold-individually","12":"shipping-taxable","13":"purchasable","14":"product-type-simple"},"_links":{"self":[{"href":"https:\/\/engitech.az\/en\/wp-json\/wp\/v2\/product\/12264","targetHints":{"allow":["GET"]}}],"collection":[{"href":"https:\/\/engitech.az\/en\/wp-json\/wp\/v2\/product"}],"about":[{"href":"https:\/\/engitech.az\/en\/wp-json\/wp\/v2\/types\/product"}],"replies":[{"embeddable":true,"href":"https:\/\/engitech.az\/en\/wp-json\/wp\/v2\/comments?post=12264"}],"wp:featuredmedia":[{"embeddable":true,"href":"https:\/\/engitech.az\/en\/wp-json\/wp\/v2\/media\/12265"}],"wp:attachment":[{"href":"https:\/\/engitech.az\/en\/wp-json\/wp\/v2\/media?parent=12264"}],"wp:term":[{"taxonomy":"product_brand","embeddable":true,"href":"https:\/\/engitech.az\/en\/wp-json\/wp\/v2\/product_brand?post=12264"},{"taxonomy":"product_cat","embeddable":true,"href":"https:\/\/engitech.az\/en\/wp-json\/wp\/v2\/product_cat?post=12264"},{"taxonomy":"product_tag","embeddable":true,"href":"https:\/\/engitech.az\/en\/wp-json\/wp\/v2\/product_tag?post=12264"}],"curies":[{"name":"wp","href":"https:\/\/api.w.org\/{rel}","templated":true}]}}