{"id":12266,"date":"2026-04-02T12:09:40","date_gmt":"2026-04-02T12:09:40","guid":{"rendered":"https:\/\/engitech.az\/?post_type=product&#038;p=12266"},"modified":"2026-04-02T12:09:41","modified_gmt":"2026-04-02T12:09:41","slug":"ds-k2812","status":"publish","type":"product","link":"https:\/\/engitech.az\/en\/product\/ds-k2812\/","title":{"rendered":"DS-K2812"},"content":{"rendered":"<ul>\n<li data-start=\"0\" data-end=\"38\"><strong data-start=\"2\" data-end=\"13\">M\u0259hsul:<\/strong> Hikvision <strong data-start=\"24\" data-end=\"36\" data-is-only-node=\"\">DS\u2011K2812<\/strong><\/li>\n<li data-start=\"39\" data-end=\"103\"><strong data-start=\"41\" data-end=\"56\">Category:<\/strong> Video interkom idar\u0259 paneli \/ indoor monitor<\/li>\n<li data-start=\"104\" data-end=\"163\"><strong data-start=\"106\" data-end=\"114\">Type:<\/strong> A\u011f\u0131ll\u0131 daxili displey (video interkom monitor)<\/li>\n<li data-start=\"164\" data-end=\"197\"><strong data-start=\"166\" data-end=\"176\">Screen:<\/strong> R\u0259ngli LCD displey<\/li>\n<li data-start=\"198\" data-end=\"284\"><strong data-start=\"200\" data-end=\"222\">Kamera \u0130stifad\u0259si:<\/strong> Qo\u015fulmu\u015f qap\u0131 stansiyas\u0131ndan g\u0259l\u0259n video g\u00f6r\u00fcnt\u00fcn\u00fc g\u00f6st\u0259rir<\/li>\n<li data-start=\"285\" data-end=\"325\"><strong data-start=\"287\" data-end=\"297\">Audio:<\/strong> \u0130ki t\u0259r\u0259fli s\u0259sli dan\u0131\u015f\u0131q<\/li>\n<li data-start=\"326\" data-end=\"407\"><strong data-start=\"328\" data-end=\"338\">Contact:<\/strong> LAN (RJ45), daxili \u015f\u0259b\u0259k\u0259 il\u0259 dig\u0259r interkom elementl\u0259rin\u0259 qo\u015fulma<\/li>\n<li data-start=\"408\" data-end=\"569\"><strong data-start=\"410\" data-end=\"428\">Features:<\/strong>\n<ul data-start=\"433\" data-end=\"569\">\n<li data-start=\"433\" data-end=\"478\">Qap\u0131 stansiyas\u0131 il\u0259 g\u00f6r\u00fcnt\u00fcl\u00fc z\u0259ng\u0259 cavab<\/li>\n<li data-start=\"481\" data-end=\"523\">Ev \/ obyekt daxilind\u0259 z\u0259ng idar\u0259etm\u0259si<\/li>\n<li data-start=\"526\" data-end=\"569\">Smart app d\u0259st\u0259yi il\u0259 m\u00fc\u015fahid\u0259 v\u0259 cavab<\/li>\n<\/ul>\n<\/li>\n<li data-start=\"570\" data-end=\"661\"><strong data-start=\"572\" data-end=\"585\">Usage:<\/strong> Ev, m\u0259nzil, ofis daxilind\u0259 qonaq z\u0259ngi v\u0259 g\u00f6r\u00fcnt\u00fcl\u00fc interkom \u00fc\u00e7\u00fcn monitor<\/li>\n<\/ul>","protected":false},"excerpt":{"rendered":"<p>M\u0259hsul: Hikvision DS\u2011K2812 Kateqoriya: Video interkom idar\u0259 paneli \/ indoor  [&#8230;]<\/p>","protected":false},"featured_media":12267,"comment_status":"open","ping_status":"closed","template":"","meta":[],"product_brand":[],"product_cat":[167],"product_tag":[],"class_list":{"0":"post-12266","1":"product","2":"type-product","3":"status-publish","4":"has-post-thumbnail","6":"product_cat-hikvision","7":"pa_mehsul-tipi-hikvision-access-control","9":"first","10":"instock","11":"sold-individually","12":"shipping-taxable","13":"purchasable","14":"product-type-simple"},"_links":{"self":[{"href":"https:\/\/engitech.az\/en\/wp-json\/wp\/v2\/product\/12266","targetHints":{"allow":["GET"]}}],"collection":[{"href":"https:\/\/engitech.az\/en\/wp-json\/wp\/v2\/product"}],"about":[{"href":"https:\/\/engitech.az\/en\/wp-json\/wp\/v2\/types\/product"}],"replies":[{"embeddable":true,"href":"https:\/\/engitech.az\/en\/wp-json\/wp\/v2\/comments?post=12266"}],"wp:featuredmedia":[{"embeddable":true,"href":"https:\/\/engitech.az\/en\/wp-json\/wp\/v2\/media\/12267"}],"wp:attachment":[{"href":"https:\/\/engitech.az\/en\/wp-json\/wp\/v2\/media?parent=12266"}],"wp:term":[{"taxonomy":"product_brand","embeddable":true,"href":"https:\/\/engitech.az\/en\/wp-json\/wp\/v2\/product_brand?post=12266"},{"taxonomy":"product_cat","embeddable":true,"href":"https:\/\/engitech.az\/en\/wp-json\/wp\/v2\/product_cat?post=12266"},{"taxonomy":"product_tag","embeddable":true,"href":"https:\/\/engitech.az\/en\/wp-json\/wp\/v2\/product_tag?post=12266"}],"curies":[{"name":"wp","href":"https:\/\/api.w.org\/{rel}","templated":true}]}}