{"id":12268,"date":"2026-04-02T12:19:01","date_gmt":"2026-04-02T12:19:01","guid":{"rendered":"https:\/\/engitech.az\/?post_type=product&#038;p=12268"},"modified":"2026-04-02T12:19:01","modified_gmt":"2026-04-02T12:19:01","slug":"ds-k2801","status":"publish","type":"product","link":"https:\/\/engitech.az\/en\/product\/ds-k2801\/","title":{"rendered":"DS-K2801"},"content":{"rendered":"<ul>\n<li data-start=\"0\" data-end=\"38\"><strong data-start=\"2\" data-end=\"13\">M\u0259hsul:<\/strong> Hikvision <strong data-start=\"24\" data-end=\"36\" data-is-only-node=\"\">DS\u2011K2801<\/strong><\/li>\n<li data-start=\"39\" data-end=\"88\"><strong data-start=\"41\" data-end=\"56\">Category:<\/strong> Video interkom indoor monitor<\/li>\n<li data-start=\"89\" data-end=\"133\"><strong data-start=\"91\" data-end=\"99\">Type:<\/strong> A\u011f\u0131ll\u0131 daxili g\u00f6r\u00fcnt\u00fcl\u00fc monitor<\/li>\n<li data-start=\"134\" data-end=\"167\"><strong data-start=\"136\" data-end=\"146\">Screen:<\/strong> R\u0259ngli LCD displey<\/li>\n<li data-start=\"168\" data-end=\"223\"><strong data-start=\"170\" data-end=\"180\">Audio:<\/strong> \u0130ki t\u0259r\u0259fli s\u0259s (z\u0259ng\u0259 cavab v\u0259 dan\u0131\u015f\u0131q)<\/li>\n<li data-start=\"224\" data-end=\"277\"><strong data-start=\"226\" data-end=\"236\">Contact:<\/strong> LAN (RJ45) v\u0259 daxili \u015f\u0259b\u0259k\u0259 ba\u011flant\u0131s\u0131<\/li>\n<li data-start=\"278\" data-end=\"441\"><strong data-start=\"280\" data-end=\"298\">Features:<\/strong>\n<ul data-start=\"303\" data-end=\"441\">\n<li data-start=\"303\" data-end=\"354\">Qap\u0131 stansiyas\u0131 z\u0259ngi v\u0259 g\u00f6r\u00fcnt\u00fcs\u00fcn\u00fc q\u0259bul edir<\/li>\n<li data-start=\"357\" data-end=\"403\">Daxili s\u0259sli cavab v\u0259 qap\u0131 a\u00e7ma funksiyas\u0131<\/li>\n<li data-start=\"406\" data-end=\"441\">Smart app d\u0259st\u0259yi (ist\u0259y\u0259 g\u00f6r\u0259)<\/li>\n<\/ul>\n<\/li>\n<li data-start=\"442\" data-end=\"525\"><strong data-start=\"444\" data-end=\"457\">Usage:<\/strong> Ev, m\u0259nzil, ofis daxilind\u0259 qonaq z\u0259ngi v\u0259 video interkom monitoru<\/li>\n<\/ul>","protected":false},"excerpt":{"rendered":"<p>M\u0259hsul: Hikvision DS\u2011K2801 Kateqoriya: Video interkom indoor monitor Tip: A\u011f\u0131ll\u0131  [&#8230;]<\/p>","protected":false},"featured_media":12270,"comment_status":"open","ping_status":"closed","template":"","meta":[],"product_brand":[],"product_cat":[167],"product_tag":[],"class_list":{"0":"post-12268","1":"product","2":"type-product","3":"status-publish","4":"has-post-thumbnail","6":"product_cat-hikvision","7":"pa_mehsul-tipi-hikvision-access-control","9":"first","10":"instock","11":"sold-individually","12":"shipping-taxable","13":"purchasable","14":"product-type-simple"},"_links":{"self":[{"href":"https:\/\/engitech.az\/en\/wp-json\/wp\/v2\/product\/12268","targetHints":{"allow":["GET"]}}],"collection":[{"href":"https:\/\/engitech.az\/en\/wp-json\/wp\/v2\/product"}],"about":[{"href":"https:\/\/engitech.az\/en\/wp-json\/wp\/v2\/types\/product"}],"replies":[{"embeddable":true,"href":"https:\/\/engitech.az\/en\/wp-json\/wp\/v2\/comments?post=12268"}],"wp:featuredmedia":[{"embeddable":true,"href":"https:\/\/engitech.az\/en\/wp-json\/wp\/v2\/media\/12270"}],"wp:attachment":[{"href":"https:\/\/engitech.az\/en\/wp-json\/wp\/v2\/media?parent=12268"}],"wp:term":[{"taxonomy":"product_brand","embeddable":true,"href":"https:\/\/engitech.az\/en\/wp-json\/wp\/v2\/product_brand?post=12268"},{"taxonomy":"product_cat","embeddable":true,"href":"https:\/\/engitech.az\/en\/wp-json\/wp\/v2\/product_cat?post=12268"},{"taxonomy":"product_tag","embeddable":true,"href":"https:\/\/engitech.az\/en\/wp-json\/wp\/v2\/product_tag?post=12268"}],"curies":[{"name":"wp","href":"https:\/\/api.w.org\/{rel}","templated":true}]}}