{"id":12271,"date":"2026-04-02T12:21:14","date_gmt":"2026-04-02T12:21:14","guid":{"rendered":"https:\/\/engitech.az\/?post_type=product&#038;p=12271"},"modified":"2026-04-02T12:21:15","modified_gmt":"2026-04-02T12:21:15","slug":"ds-k2621x","status":"publish","type":"product","link":"https:\/\/engitech.az\/en\/product\/ds-k2621x\/","title":{"rendered":"DS-K2621X"},"content":{"rendered":"<ul>\n<li data-start=\"0\" data-end=\"39\"><strong data-start=\"2\" data-end=\"13\">M\u0259hsul:<\/strong> Hikvision <strong data-start=\"24\" data-end=\"37\" data-is-only-node=\"\">DS\u2011K2621X<\/strong><\/li>\n<li data-start=\"40\" data-end=\"89\"><strong data-start=\"42\" data-end=\"57\">Category:<\/strong> Video interkom indoor monitor<\/li>\n<li data-start=\"90\" data-end=\"154\"><strong data-start=\"92\" data-end=\"100\">Type:<\/strong> A\u011f\u0131ll\u0131 daxili g\u00f6r\u00fcnt\u00fcl\u00fc monitor (IP video interkom)<\/li>\n<li data-start=\"155\" data-end=\"188\"><strong data-start=\"157\" data-end=\"167\">Screen:<\/strong> R\u0259ngli LCD displey<\/li>\n<li data-start=\"189\" data-end=\"254\"><strong data-start=\"191\" data-end=\"201\">Audio:<\/strong> \u0130ki t\u0259r\u0259fli s\u0259sli dan\u0131\u015f\u0131q (z\u0259ng\u0259 cavab v\u0259 dan\u0131\u015f\u0131q)<\/li>\n<li data-start=\"255\" data-end=\"316\"><strong data-start=\"257\" data-end=\"267\">Contact:<\/strong> IP\/LAN sistemi il\u0259 qap\u0131 stansiyalar\u0131na qo\u015fulma<\/li>\n<li data-start=\"317\" data-end=\"495\"><strong data-start=\"319\" data-end=\"337\">Features:<\/strong>\n<ul data-start=\"342\" data-end=\"495\">\n<li data-start=\"342\" data-end=\"393\">Qap\u0131 stansiyas\u0131 z\u0259ngi v\u0259 g\u00f6r\u00fcnt\u00fcs\u00fcn\u00fc q\u0259bul edir<\/li>\n<li data-start=\"396\" data-end=\"429\">Daxili s\u0259sli cavab funksiyas\u0131<\/li>\n<li data-start=\"432\" data-end=\"453\">Qap\u0131 a\u00e7ma d\u0259st\u0259yi<\/li>\n<li data-start=\"456\" data-end=\"495\">Smart app il\u0259 inteqrasiya ola bil\u0259r<\/li>\n<\/ul>\n<\/li>\n<li data-start=\"496\" data-end=\"572\"><strong data-start=\"498\" data-end=\"511\">Usage:<\/strong> Ev, m\u0259nzil, ofis daxilind\u0259 video z\u0259ng v\u0259 interkom monitoru<\/li>\n<\/ul>","protected":false},"excerpt":{"rendered":"<p>M\u0259hsul: Hikvision DS\u2011K2621X Kateqoriya: Video interkom indoor monitor Tip: A\u011f\u0131ll\u0131  [&#8230;]<\/p>","protected":false},"featured_media":12272,"comment_status":"open","ping_status":"closed","template":"","meta":[],"product_brand":[],"product_cat":[167],"product_tag":[],"class_list":{"0":"post-12271","1":"product","2":"type-product","3":"status-publish","4":"has-post-thumbnail","6":"product_cat-hikvision","7":"pa_mehsul-tipi-hikvision-access-control","9":"first","10":"instock","11":"sold-individually","12":"shipping-taxable","13":"purchasable","14":"product-type-simple"},"_links":{"self":[{"href":"https:\/\/engitech.az\/en\/wp-json\/wp\/v2\/product\/12271","targetHints":{"allow":["GET"]}}],"collection":[{"href":"https:\/\/engitech.az\/en\/wp-json\/wp\/v2\/product"}],"about":[{"href":"https:\/\/engitech.az\/en\/wp-json\/wp\/v2\/types\/product"}],"replies":[{"embeddable":true,"href":"https:\/\/engitech.az\/en\/wp-json\/wp\/v2\/comments?post=12271"}],"wp:featuredmedia":[{"embeddable":true,"href":"https:\/\/engitech.az\/en\/wp-json\/wp\/v2\/media\/12272"}],"wp:attachment":[{"href":"https:\/\/engitech.az\/en\/wp-json\/wp\/v2\/media?parent=12271"}],"wp:term":[{"taxonomy":"product_brand","embeddable":true,"href":"https:\/\/engitech.az\/en\/wp-json\/wp\/v2\/product_brand?post=12271"},{"taxonomy":"product_cat","embeddable":true,"href":"https:\/\/engitech.az\/en\/wp-json\/wp\/v2\/product_cat?post=12271"},{"taxonomy":"product_tag","embeddable":true,"href":"https:\/\/engitech.az\/en\/wp-json\/wp\/v2\/product_tag?post=12271"}],"curies":[{"name":"wp","href":"https:\/\/api.w.org\/{rel}","templated":true}]}}