{"id":12273,"date":"2026-04-02T12:22:54","date_gmt":"2026-04-02T12:22:54","guid":{"rendered":"https:\/\/engitech.az\/?post_type=product&#038;p=12273"},"modified":"2026-04-02T12:22:55","modified_gmt":"2026-04-02T12:22:55","slug":"ds-k2220x","status":"publish","type":"product","link":"https:\/\/engitech.az\/en\/product\/ds-k2220x\/","title":{"rendered":"DS-K2220X"},"content":{"rendered":"<ul>\n<li data-start=\"0\" data-end=\"39\"><strong data-start=\"2\" data-end=\"13\">M\u0259hsul:<\/strong> Hikvision <strong data-start=\"24\" data-end=\"37\" data-is-only-node=\"\">DS\u2011K2220X<\/strong><\/li>\n<li data-start=\"40\" data-end=\"102\"><strong data-start=\"42\" data-end=\"57\">Category:<\/strong> Video interkom indoor monitor \/ IP monitor<\/li>\n<li data-start=\"103\" data-end=\"150\"><strong data-start=\"105\" data-end=\"113\">Type:<\/strong> Daxili g\u00f6r\u00fcnt\u00fcl\u00fc interkom monitoru<\/li>\n<li data-start=\"151\" data-end=\"184\"><strong data-start=\"153\" data-end=\"163\">Screen:<\/strong> R\u0259ngli LCD displey<\/li>\n<li data-start=\"185\" data-end=\"250\"><strong data-start=\"187\" data-end=\"197\">Audio:<\/strong> \u0130ki t\u0259r\u0259fli s\u0259sli dan\u0131\u015f\u0131q (z\u0259ng\u0259 cavab v\u0259 dan\u0131\u015f\u0131q)<\/li>\n<li data-start=\"251\" data-end=\"309\"><strong data-start=\"253\" data-end=\"263\">Contact:<\/strong> IP\/LAN vasit\u0259sil\u0259 qap\u0131 stansiyas\u0131na qo\u015fulma<\/li>\n<li data-start=\"310\" data-end=\"501\"><strong data-start=\"312\" data-end=\"330\">Features:<\/strong>\n<ul data-start=\"335\" data-end=\"501\">\n<li data-start=\"335\" data-end=\"385\">Qap\u0131 z\u0259nginin g\u00f6r\u00fcnt\u00fcs\u00fcn\u00fc v\u0259 s\u0259sini q\u0259bul edir<\/li>\n<li data-start=\"388\" data-end=\"421\">Daxili s\u0259sli cavab funksiyas\u0131<\/li>\n<li data-start=\"424\" data-end=\"445\">Qap\u0131 a\u00e7ma d\u0259st\u0259yi<\/li>\n<li data-start=\"448\" data-end=\"501\">Smart app il\u0259 inteqrasiya (\u0259g\u0259r sistemd\u0259 qo\u015fulub)<\/li>\n<\/ul>\n<\/li>\n<li data-start=\"502\" data-end=\"588\"><strong data-start=\"504\" data-end=\"517\">Usage:<\/strong> Ev, m\u0259nzil, ofis v\u0259 obyekt daxilind\u0259 video z\u0259ng v\u0259 interkom monitoru<\/li>\n<\/ul>","protected":false},"excerpt":{"rendered":"<p>M\u0259hsul: Hikvision DS\u2011K2220X Kateqoriya: Video interkom indoor monitor \/ IP  [&#8230;]<\/p>","protected":false},"featured_media":12274,"comment_status":"open","ping_status":"closed","template":"","meta":[],"product_brand":[],"product_cat":[167],"product_tag":[],"class_list":{"0":"post-12273","1":"product","2":"type-product","3":"status-publish","4":"has-post-thumbnail","6":"product_cat-hikvision","7":"pa_mehsul-tipi-hikvision-access-control","9":"first","10":"instock","11":"sold-individually","12":"shipping-taxable","13":"purchasable","14":"product-type-simple"},"_links":{"self":[{"href":"https:\/\/engitech.az\/en\/wp-json\/wp\/v2\/product\/12273","targetHints":{"allow":["GET"]}}],"collection":[{"href":"https:\/\/engitech.az\/en\/wp-json\/wp\/v2\/product"}],"about":[{"href":"https:\/\/engitech.az\/en\/wp-json\/wp\/v2\/types\/product"}],"replies":[{"embeddable":true,"href":"https:\/\/engitech.az\/en\/wp-json\/wp\/v2\/comments?post=12273"}],"wp:featuredmedia":[{"embeddable":true,"href":"https:\/\/engitech.az\/en\/wp-json\/wp\/v2\/media\/12274"}],"wp:attachment":[{"href":"https:\/\/engitech.az\/en\/wp-json\/wp\/v2\/media?parent=12273"}],"wp:term":[{"taxonomy":"product_brand","embeddable":true,"href":"https:\/\/engitech.az\/en\/wp-json\/wp\/v2\/product_brand?post=12273"},{"taxonomy":"product_cat","embeddable":true,"href":"https:\/\/engitech.az\/en\/wp-json\/wp\/v2\/product_cat?post=12273"},{"taxonomy":"product_tag","embeddable":true,"href":"https:\/\/engitech.az\/en\/wp-json\/wp\/v2\/product_tag?post=12273"}],"curies":[{"name":"wp","href":"https:\/\/api.w.org\/{rel}","templated":true}]}}