{"id":12288,"date":"2026-04-03T05:23:11","date_gmt":"2026-04-03T05:23:11","guid":{"rendered":"https:\/\/engitech.az\/?post_type=product&#038;p=12288"},"modified":"2026-04-03T05:23:11","modified_gmt":"2026-04-03T05:23:11","slug":"ds-3e1106p-ei","status":"publish","type":"product","link":"https:\/\/engitech.az\/en\/product\/ds-3e1106p-ei\/","title":{"rendered":"DS-3E1106P-EI"},"content":{"rendered":"<p><strong data-start=\"0\" data-end=\"13\" data-is-only-node=\"\">\u2022 M\u0259hsul:<\/strong> Hikvision DS-3E1106P-EI<br data-start=\"37\" data-end=\"40\" \/><strong data-start=\"40\" data-end=\"57\">\u2022 Kateqoriya:<\/strong> PoE network switch<br data-start=\"76\" data-end=\"79\" \/><strong data-start=\"79\" data-end=\"89\">\u2022 Tip:<\/strong> 6 portlu Smart Managed switch<br data-start=\"119\" data-end=\"122\" \/><strong data-start=\"122\" data-end=\"136\">\u2022 Portlar:<\/strong> 4\u00d7 PoE + 2\u00d7 RJ45 (10\/100 Mbps)<br data-start=\"167\" data-end=\"170\" \/><strong data-start=\"170\" data-end=\"180\">\u2022 PoE:<\/strong> 802.3af\/at, \u00fcmumi 60W<br data-start=\"202\" data-end=\"205\" \/><strong data-start=\"205\" data-end=\"218\">\u2022 M\u0259saf\u0259:<\/strong> 300 m (Long Range)<br data-start=\"237\" data-end=\"240\" \/><strong data-start=\"240\" data-end=\"258\">\u2022 Funksiyalar:<\/strong> VLAN, PoE Watchdog, port isolation<br data-start=\"293\" data-end=\"296\" \/><strong data-start=\"296\" data-end=\"316\">\u2022 T\u0259hl\u00fck\u0259sizlik:<\/strong> 6KV surge protection<br data-start=\"337\" data-end=\"340\" \/><strong data-start=\"340\" data-end=\"356\">\u2022 \u0130dar\u0259etm\u0259:<\/strong> Web interfeys<br data-start=\"370\" data-end=\"373\" \/><strong data-start=\"373\" data-end=\"388\">\u2022 \u0130stifad\u0259:<\/strong> IP kameralar v\u0259 CCTV sisteml\u0259ri \u00fc\u00e7\u00fcn ideal<\/p>","protected":false},"excerpt":{"rendered":"<p>\u2022 M\u0259hsul: Hikvision DS-3E1106P-EI\u2022 Kateqoriya: PoE network switch\u2022 Tip: 6  [&#8230;]<\/p>","protected":false},"featured_media":12289,"comment_status":"open","ping_status":"closed","template":"","meta":[],"product_brand":[],"product_cat":[167],"product_tag":[],"class_list":{"0":"post-12288","1":"product","2":"type-product","3":"status-publish","4":"has-post-thumbnail","6":"product_cat-hikvision","7":"pa_mehsul-tipi-networking","9":"first","10":"instock","11":"sold-individually","12":"shipping-taxable","13":"purchasable","14":"product-type-simple"},"_links":{"self":[{"href":"https:\/\/engitech.az\/en\/wp-json\/wp\/v2\/product\/12288","targetHints":{"allow":["GET"]}}],"collection":[{"href":"https:\/\/engitech.az\/en\/wp-json\/wp\/v2\/product"}],"about":[{"href":"https:\/\/engitech.az\/en\/wp-json\/wp\/v2\/types\/product"}],"replies":[{"embeddable":true,"href":"https:\/\/engitech.az\/en\/wp-json\/wp\/v2\/comments?post=12288"}],"wp:featuredmedia":[{"embeddable":true,"href":"https:\/\/engitech.az\/en\/wp-json\/wp\/v2\/media\/12289"}],"wp:attachment":[{"href":"https:\/\/engitech.az\/en\/wp-json\/wp\/v2\/media?parent=12288"}],"wp:term":[{"taxonomy":"product_brand","embeddable":true,"href":"https:\/\/engitech.az\/en\/wp-json\/wp\/v2\/product_brand?post=12288"},{"taxonomy":"product_cat","embeddable":true,"href":"https:\/\/engitech.az\/en\/wp-json\/wp\/v2\/product_cat?post=12288"},{"taxonomy":"product_tag","embeddable":true,"href":"https:\/\/engitech.az\/en\/wp-json\/wp\/v2\/product_tag?post=12288"}],"curies":[{"name":"wp","href":"https:\/\/api.w.org\/{rel}","templated":true}]}}