{"id":12290,"date":"2026-04-03T05:25:04","date_gmt":"2026-04-03T05:25:04","guid":{"rendered":"https:\/\/engitech.az\/?post_type=product&#038;p=12290"},"modified":"2026-04-03T05:25:04","modified_gmt":"2026-04-03T05:25:04","slug":"ds-3e1309p-ei","status":"publish","type":"product","link":"https:\/\/engitech.az\/en\/product\/ds-3e1309p-ei\/","title":{"rendered":"DS-3E1309P-EI"},"content":{"rendered":"<p><strong data-start=\"0\" data-end=\"13\">\u2022 M\u0259hsul:<\/strong> Hikvision DS-3E1309P-EI<br data-start=\"37\" data-end=\"40\" data-is-only-node=\"\" \/><strong data-start=\"40\" data-end=\"57\">\u2022 Kateqoriya:<\/strong> PoE network switch<br data-start=\"76\" data-end=\"79\" \/><strong data-start=\"79\" data-end=\"89\">\u2022 Tip:<\/strong> 9 portlu Smart Managed switch<br data-start=\"119\" data-end=\"122\" \/><strong data-start=\"122\" data-end=\"136\">\u2022 Portlar:<\/strong> 8\u00d7 PoE (10\/100 Mbps) + 1\u00d7 Gigabit uplink <br data-start=\"215\" data-end=\"218\" \/><strong data-start=\"218\" data-end=\"228\">\u2022 PoE:<\/strong> IEEE 802.3af\/at, \u00fcmumi ~110W <br data-start=\"295\" data-end=\"298\" \/><strong data-start=\"298\" data-end=\"311\">\u2022 M\u0259saf\u0259:<\/strong> 300 m (Long Range) <br data-start=\"368\" data-end=\"371\" \/><strong data-start=\"371\" data-end=\"389\">\u2022 Funksiyalar:<\/strong> VLAN, PoE Watchdog, STP\/RSTP, kabel diaqnostikas\u0131 <br data-start=\"477\" data-end=\"480\" \/><strong data-start=\"480\" data-end=\"500\">\u2022 T\u0259hl\u00fck\u0259sizlik:<\/strong> 6KV surge protection <br data-start=\"559\" data-end=\"562\" \/><strong data-start=\"562\" data-end=\"576\">\u2022 Qurulu\u015f:<\/strong> Metal korpus, fans\u0131z dizayn <br data-start=\"642\" data-end=\"645\" \/><strong data-start=\"645\" data-end=\"660\">\u2022 \u0130stifad\u0259:<\/strong> IP kameralar v\u0259 CCTV sisteml\u0259ri \u00fc\u00e7\u00fcn ideal<\/p>","protected":false},"excerpt":{"rendered":"<p>\u2022 M\u0259hsul: Hikvision DS-3E1309P-EI\u2022 Kateqoriya: PoE network switch\u2022 Tip: 9  [&#8230;]<\/p>","protected":false},"featured_media":12291,"comment_status":"open","ping_status":"closed","template":"","meta":[],"product_brand":[],"product_cat":[167],"product_tag":[],"class_list":{"0":"post-12290","1":"product","2":"type-product","3":"status-publish","4":"has-post-thumbnail","6":"product_cat-hikvision","7":"pa_mehsul-tipi-networking","9":"first","10":"instock","11":"sold-individually","12":"shipping-taxable","13":"purchasable","14":"product-type-simple"},"_links":{"self":[{"href":"https:\/\/engitech.az\/en\/wp-json\/wp\/v2\/product\/12290","targetHints":{"allow":["GET"]}}],"collection":[{"href":"https:\/\/engitech.az\/en\/wp-json\/wp\/v2\/product"}],"about":[{"href":"https:\/\/engitech.az\/en\/wp-json\/wp\/v2\/types\/product"}],"replies":[{"embeddable":true,"href":"https:\/\/engitech.az\/en\/wp-json\/wp\/v2\/comments?post=12290"}],"wp:featuredmedia":[{"embeddable":true,"href":"https:\/\/engitech.az\/en\/wp-json\/wp\/v2\/media\/12291"}],"wp:attachment":[{"href":"https:\/\/engitech.az\/en\/wp-json\/wp\/v2\/media?parent=12290"}],"wp:term":[{"taxonomy":"product_brand","embeddable":true,"href":"https:\/\/engitech.az\/en\/wp-json\/wp\/v2\/product_brand?post=12290"},{"taxonomy":"product_cat","embeddable":true,"href":"https:\/\/engitech.az\/en\/wp-json\/wp\/v2\/product_cat?post=12290"},{"taxonomy":"product_tag","embeddable":true,"href":"https:\/\/engitech.az\/en\/wp-json\/wp\/v2\/product_tag?post=12290"}],"curies":[{"name":"wp","href":"https:\/\/api.w.org\/{rel}","templated":true}]}}