{"id":12292,"date":"2026-04-03T05:26:47","date_gmt":"2026-04-03T05:26:47","guid":{"rendered":"https:\/\/engitech.az\/?post_type=product&#038;p=12292"},"modified":"2026-04-03T05:26:47","modified_gmt":"2026-04-03T05:26:47","slug":"ds-3e1318p-ei-b","status":"publish","type":"product","link":"https:\/\/engitech.az\/en\/product\/ds-3e1318p-ei-b\/","title":{"rendered":"DS-3E1318P-EI (B)"},"content":{"rendered":"<p><strong data-start=\"0\" data-end=\"13\">\u2022 M\u0259hsul:<\/strong> Hikvision DS-3E1318P-EI (B)<br data-start=\"41\" data-end=\"44\" data-is-only-node=\"\" \/><strong data-start=\"44\" data-end=\"61\">\u2022 Kateqoriya:<\/strong> PoE network switch<br data-start=\"80\" data-end=\"83\" \/><strong data-start=\"83\" data-end=\"93\">\u2022 Tip:<\/strong> 18 portlu Smart Managed switch (16 PoE)<br data-start=\"133\" data-end=\"136\" \/><strong data-start=\"136\" data-end=\"150\">\u2022 Portlar:<\/strong> 16\u00d7 PoE (10\/100 Mbps) + 2\u00d7 Gigabit combo <br data-start=\"229\" data-end=\"232\" \/><strong data-start=\"232\" data-end=\"242\">\u2022 PoE:<\/strong> IEEE 802.3af\/at, \u00fcmumi 230W <br data-start=\"308\" data-end=\"311\" \/><strong data-start=\"311\" data-end=\"324\">\u2022 M\u0259saf\u0259:<\/strong> 300 m (Long Range) <br data-start=\"381\" data-end=\"384\" \/><strong data-start=\"384\" data-end=\"402\">\u2022 Funksiyalar:<\/strong> VLAN, PoE Watchdog, STP\/RSTP, kabel diaqnostikas\u0131 <br data-start=\"490\" data-end=\"493\" \/><strong data-start=\"493\" data-end=\"513\">\u2022 T\u0259hl\u00fck\u0259sizlik:<\/strong> 6KV surge protection <br data-start=\"572\" data-end=\"575\" \/><strong data-start=\"575\" data-end=\"589\">\u2022 Qurulu\u015f:<\/strong> Metal korpus, rack montaj (19&#8243;) <br data-start=\"659\" data-end=\"662\" \/><strong data-start=\"662\" data-end=\"678\">\u2022 \u0130dar\u0259etm\u0259:<\/strong> Web v\u0259 uzaqdan idar\u0259etm\u0259 (Hikvision platformalar\u0131) <br data-start=\"767\" data-end=\"770\" \/><strong data-start=\"770\" data-end=\"785\">\u2022 \u0130stifad\u0259:<\/strong> B\u00f6y\u00fck CCTV sisteml\u0259ri v\u0259 \u00e7oxsayl\u0131 IP kameralar \u00fc\u00e7\u00fcn ideal<\/p>","protected":false},"excerpt":{"rendered":"<p>\u2022 M\u0259hsul: Hikvision DS-3E1318P-EI (B)\u2022 Kateqoriya: PoE network switch\u2022 Tip:  [&#8230;]<\/p>","protected":false},"featured_media":12294,"comment_status":"open","ping_status":"closed","template":"","meta":[],"product_brand":[],"product_cat":[167],"product_tag":[],"class_list":{"0":"post-12292","1":"product","2":"type-product","3":"status-publish","4":"has-post-thumbnail","6":"product_cat-hikvision","7":"pa_mehsul-tipi-networking","9":"first","10":"instock","11":"sold-individually","12":"shipping-taxable","13":"purchasable","14":"product-type-simple"},"_links":{"self":[{"href":"https:\/\/engitech.az\/en\/wp-json\/wp\/v2\/product\/12292","targetHints":{"allow":["GET"]}}],"collection":[{"href":"https:\/\/engitech.az\/en\/wp-json\/wp\/v2\/product"}],"about":[{"href":"https:\/\/engitech.az\/en\/wp-json\/wp\/v2\/types\/product"}],"replies":[{"embeddable":true,"href":"https:\/\/engitech.az\/en\/wp-json\/wp\/v2\/comments?post=12292"}],"wp:featuredmedia":[{"embeddable":true,"href":"https:\/\/engitech.az\/en\/wp-json\/wp\/v2\/media\/12294"}],"wp:attachment":[{"href":"https:\/\/engitech.az\/en\/wp-json\/wp\/v2\/media?parent=12292"}],"wp:term":[{"taxonomy":"product_brand","embeddable":true,"href":"https:\/\/engitech.az\/en\/wp-json\/wp\/v2\/product_brand?post=12292"},{"taxonomy":"product_cat","embeddable":true,"href":"https:\/\/engitech.az\/en\/wp-json\/wp\/v2\/product_cat?post=12292"},{"taxonomy":"product_tag","embeddable":true,"href":"https:\/\/engitech.az\/en\/wp-json\/wp\/v2\/product_tag?post=12292"}],"curies":[{"name":"wp","href":"https:\/\/api.w.org\/{rel}","templated":true}]}}