{"id":12301,"date":"2026-04-03T05:55:39","date_gmt":"2026-04-03T05:55:39","guid":{"rendered":"https:\/\/engitech.az\/?post_type=product&#038;p=12301"},"modified":"2026-04-03T05:55:39","modified_gmt":"2026-04-03T05:55:39","slug":"ds-3e1505p-ei","status":"publish","type":"product","link":"https:\/\/engitech.az\/en\/product\/ds-3e1505p-ei\/","title":{"rendered":"DS-3E1505P-EI"},"content":{"rendered":"<p><strong data-start=\"0\" data-end=\"13\" data-is-only-node=\"\">\u2022 M\u0259hsul:<\/strong> Hikvision DS\u20113E1505P\u2011EI<br data-start=\"37\" data-end=\"40\" \/><strong data-start=\"40\" data-end=\"57\">\u2022 Kateqoriya:<\/strong> PoE switch<br data-start=\"68\" data-end=\"71\" \/><strong data-start=\"71\" data-end=\"85\">\u2022 Portlar:<\/strong> 5\u00d7 10\/100\/1000\u202fMbps (4\u00d7 PoE + 1\u00d7 uplink)<br data-start=\"126\" data-end=\"129\" \/><strong data-start=\"129\" data-end=\"139\">\u2022 PoE:<\/strong> 802.3af\/at, \u00fcmumi PoE g\u00fcc\u00fc (~60\u202fW)<br data-start=\"174\" data-end=\"177\" \/><strong data-start=\"177\" data-end=\"195\">\u2022 Funksiyalar:<\/strong> Plug\u2011and\u2011Play PoE, PoE Watchdog, long\u2011range port d\u0259st\u0259yi<br data-start=\"252\" data-end=\"255\" \/><strong data-start=\"255\" data-end=\"275\">\u2022 T\u0259hl\u00fck\u0259sizlik:<\/strong> 6\u202fkV surge protection<br data-start=\"297\" data-end=\"300\" \/><strong data-start=\"300\" data-end=\"314\">\u2022 Qurulu\u015f:<\/strong> Kompakt, masa\u00fcst\u00fc metal korpus<br data-start=\"345\" data-end=\"348\" \/><strong data-start=\"348\" data-end=\"363\">\u2022 \u0130stifad\u0259:<\/strong> Ki\u00e7ik CCTV\/IP kamera sisteml\u0259ri \u00fc\u00e7\u00fcn ideal<\/p>","protected":false},"excerpt":{"rendered":"<p>\u2022 M\u0259hsul: Hikvision DS\u20113E1505P\u2011EI\u2022 Kateqoriya: PoE switch\u2022 Portlar: 5\u00d7 10\/100\/1000\u202fMbps  [&#8230;]<\/p>","protected":false},"featured_media":12302,"comment_status":"open","ping_status":"closed","template":"","meta":[],"product_brand":[],"product_cat":[167],"product_tag":[],"class_list":{"0":"post-12301","1":"product","2":"type-product","3":"status-publish","4":"has-post-thumbnail","6":"product_cat-hikvision","7":"pa_mehsul-tipi-networking","9":"first","10":"instock","11":"sold-individually","12":"shipping-taxable","13":"purchasable","14":"product-type-simple"},"_links":{"self":[{"href":"https:\/\/engitech.az\/en\/wp-json\/wp\/v2\/product\/12301","targetHints":{"allow":["GET"]}}],"collection":[{"href":"https:\/\/engitech.az\/en\/wp-json\/wp\/v2\/product"}],"about":[{"href":"https:\/\/engitech.az\/en\/wp-json\/wp\/v2\/types\/product"}],"replies":[{"embeddable":true,"href":"https:\/\/engitech.az\/en\/wp-json\/wp\/v2\/comments?post=12301"}],"wp:featuredmedia":[{"embeddable":true,"href":"https:\/\/engitech.az\/en\/wp-json\/wp\/v2\/media\/12302"}],"wp:attachment":[{"href":"https:\/\/engitech.az\/en\/wp-json\/wp\/v2\/media?parent=12301"}],"wp:term":[{"taxonomy":"product_brand","embeddable":true,"href":"https:\/\/engitech.az\/en\/wp-json\/wp\/v2\/product_brand?post=12301"},{"taxonomy":"product_cat","embeddable":true,"href":"https:\/\/engitech.az\/en\/wp-json\/wp\/v2\/product_cat?post=12301"},{"taxonomy":"product_tag","embeddable":true,"href":"https:\/\/engitech.az\/en\/wp-json\/wp\/v2\/product_tag?post=12301"}],"curies":[{"name":"wp","href":"https:\/\/api.w.org\/{rel}","templated":true}]}}