{"id":12309,"date":"2026-04-03T06:10:59","date_gmt":"2026-04-03T06:10:59","guid":{"rendered":"https:\/\/engitech.az\/?post_type=product&#038;p=12309"},"modified":"2026-04-03T06:10:59","modified_gmt":"2026-04-03T06:10:59","slug":"ds-3e0106p-e-m","status":"publish","type":"product","link":"https:\/\/engitech.az\/en\/product\/ds-3e0106p-e-m\/","title":{"rendered":"DS-3E0106P-E\/M"},"content":{"rendered":"<p><strong data-start=\"0\" data-end=\"13\" data-is-only-node=\"\">\u2022 M\u0259hsul:<\/strong> Hikvision DS\u20113E0106P\u2011E\/M<br data-start=\"38\" data-end=\"41\" \/><strong data-start=\"41\" data-end=\"58\">\u2022 Kateqoriya:<\/strong> PoE network switch<br data-start=\"77\" data-end=\"80\" \/><strong data-start=\"80\" data-end=\"94\">\u2022 Portlar:<\/strong> 6\u00d7 10\/100\u202fMbps (4\u00d7 PoE + 2\u00d7 uplink)<br data-start=\"130\" data-end=\"133\" \/><strong data-start=\"133\" data-end=\"143\">\u2022 PoE:<\/strong> IEEE 802.3af\/at, PoE Watchdog<br data-start=\"173\" data-end=\"176\" \/><strong data-start=\"176\" data-end=\"194\">\u2022 Funksiyalar:<\/strong> Plug\u2011and\u2011Play PoE, long\u2011range (\u2248300\u202fm) port d\u0259st\u0259yi<br data-start=\"246\" data-end=\"249\" \/><strong data-start=\"249\" data-end=\"269\">\u2022 T\u0259hl\u00fck\u0259sizlik:<\/strong> 6\u202fkV surge protection<br data-start=\"291\" data-end=\"294\" \/><strong data-start=\"294\" data-end=\"308\">\u2022 Qurulu\u015f:<\/strong> Kompakt metal korpus<br data-start=\"329\" data-end=\"332\" \/><strong data-start=\"332\" data-end=\"347\">\u2022 \u0130stifad\u0259:<\/strong> Ki\u00e7ik IP kamera (CCTV) sisteml\u0259ri \u00fc\u00e7\u00fcn ideal<\/p>","protected":false},"excerpt":{"rendered":"<p>\u2022 M\u0259hsul: Hikvision DS\u20113E0106P\u2011E\/M\u2022 Kateqoriya: PoE network switch\u2022 Portlar: 6\u00d7  [&#8230;]<\/p>","protected":false},"featured_media":12310,"comment_status":"open","ping_status":"closed","template":"","meta":[],"product_brand":[],"product_cat":[167],"product_tag":[],"class_list":{"0":"post-12309","1":"product","2":"type-product","3":"status-publish","4":"has-post-thumbnail","6":"product_cat-hikvision","7":"pa_mehsul-tipi-networking","9":"first","10":"instock","11":"sold-individually","12":"shipping-taxable","13":"purchasable","14":"product-type-simple"},"_links":{"self":[{"href":"https:\/\/engitech.az\/en\/wp-json\/wp\/v2\/product\/12309","targetHints":{"allow":["GET"]}}],"collection":[{"href":"https:\/\/engitech.az\/en\/wp-json\/wp\/v2\/product"}],"about":[{"href":"https:\/\/engitech.az\/en\/wp-json\/wp\/v2\/types\/product"}],"replies":[{"embeddable":true,"href":"https:\/\/engitech.az\/en\/wp-json\/wp\/v2\/comments?post=12309"}],"wp:featuredmedia":[{"embeddable":true,"href":"https:\/\/engitech.az\/en\/wp-json\/wp\/v2\/media\/12310"}],"wp:attachment":[{"href":"https:\/\/engitech.az\/en\/wp-json\/wp\/v2\/media?parent=12309"}],"wp:term":[{"taxonomy":"product_brand","embeddable":true,"href":"https:\/\/engitech.az\/en\/wp-json\/wp\/v2\/product_brand?post=12309"},{"taxonomy":"product_cat","embeddable":true,"href":"https:\/\/engitech.az\/en\/wp-json\/wp\/v2\/product_cat?post=12309"},{"taxonomy":"product_tag","embeddable":true,"href":"https:\/\/engitech.az\/en\/wp-json\/wp\/v2\/product_tag?post=12309"}],"curies":[{"name":"wp","href":"https:\/\/api.w.org\/{rel}","templated":true}]}}