{"id":12311,"date":"2026-04-03T06:18:39","date_gmt":"2026-04-03T06:18:39","guid":{"rendered":"https:\/\/engitech.az\/?post_type=product&#038;p=12311"},"modified":"2026-04-03T06:18:39","modified_gmt":"2026-04-03T06:18:39","slug":"ds-3wf0fa-2n-o","status":"publish","type":"product","link":"https:\/\/engitech.az\/en\/product\/ds-3wf0fa-2n-o\/","title":{"rendered":"DS-3WF0FA-2N\/O"},"content":{"rendered":"<p><strong data-start=\"0\" data-end=\"13\" data-is-only-node=\"\">\u2022 M\u0259hsul:<\/strong> Hikvision DS\u20113WF0FA\u20112N\/O<br data-start=\"38\" data-end=\"41\" \/><strong data-start=\"41\" data-end=\"58\">\u2022 Kateqoriya:<\/strong> Outdoor wireless bridge \/ AP<br data-start=\"87\" data-end=\"90\" \/><strong data-start=\"90\" data-end=\"102\">\u2022 S\u00fcr\u0259t:<\/strong> 2.4\u202fGHz, 300\u202fMbps<br data-start=\"120\" data-end=\"123\" \/><strong data-start=\"123\" data-end=\"137\">\u2022 Portlar:<\/strong> 2\u00d7 10\/100\u202fMbps RJ45<br data-start=\"157\" data-end=\"160\" \/><strong data-start=\"160\" data-end=\"172\">\u2022 Anten:<\/strong> 7\u202fdBi 2\u00d72 MIMO<br data-start=\"187\" data-end=\"190\" \/><strong data-start=\"190\" data-end=\"207\">\u2022 Qura\u015fd\u0131rma:<\/strong> Pole mount, IP55 qoruma<br data-start=\"231\" data-end=\"234\" \/><strong data-start=\"234\" data-end=\"254\">\u2022 T\u0259hl\u00fck\u0259sizlik:<\/strong> WPA2\u2011PSK<br data-start=\"263\" data-end=\"266\" \/><strong data-start=\"266\" data-end=\"281\">\u2022 \u0130stifad\u0259:<\/strong> Uzaq n\u00f6qt\u0259l\u0259r aras\u0131nda simsiz \u015f\u0259b\u0259k\u0259 k\u00f6rp\u00fcs\u00fc yaratmaq \u00fc\u00e7\u00fcn ideal<\/p>","protected":false},"excerpt":{"rendered":"<p>\u2022 M\u0259hsul: Hikvision DS\u20113WF0FA\u20112N\/O\u2022 Kateqoriya: Outdoor wireless bridge \/ AP\u2022  [&#8230;]<\/p>","protected":false},"featured_media":12312,"comment_status":"open","ping_status":"closed","template":"","meta":[],"product_brand":[],"product_cat":[167],"product_tag":[],"class_list":{"0":"post-12311","1":"product","2":"type-product","3":"status-publish","4":"has-post-thumbnail","6":"product_cat-hikvision","7":"pa_mehsul-tipi-networking","9":"first","10":"instock","11":"sold-individually","12":"shipping-taxable","13":"purchasable","14":"product-type-simple"},"_links":{"self":[{"href":"https:\/\/engitech.az\/en\/wp-json\/wp\/v2\/product\/12311","targetHints":{"allow":["GET"]}}],"collection":[{"href":"https:\/\/engitech.az\/en\/wp-json\/wp\/v2\/product"}],"about":[{"href":"https:\/\/engitech.az\/en\/wp-json\/wp\/v2\/types\/product"}],"replies":[{"embeddable":true,"href":"https:\/\/engitech.az\/en\/wp-json\/wp\/v2\/comments?post=12311"}],"wp:featuredmedia":[{"embeddable":true,"href":"https:\/\/engitech.az\/en\/wp-json\/wp\/v2\/media\/12312"}],"wp:attachment":[{"href":"https:\/\/engitech.az\/en\/wp-json\/wp\/v2\/media?parent=12311"}],"wp:term":[{"taxonomy":"product_brand","embeddable":true,"href":"https:\/\/engitech.az\/en\/wp-json\/wp\/v2\/product_brand?post=12311"},{"taxonomy":"product_cat","embeddable":true,"href":"https:\/\/engitech.az\/en\/wp-json\/wp\/v2\/product_cat?post=12311"},{"taxonomy":"product_tag","embeddable":true,"href":"https:\/\/engitech.az\/en\/wp-json\/wp\/v2\/product_tag?post=12311"}],"curies":[{"name":"wp","href":"https:\/\/api.w.org\/{rel}","templated":true}]}}