{"id":12313,"date":"2026-04-03T09:31:55","date_gmt":"2026-04-03T09:31:55","guid":{"rendered":"https:\/\/engitech.az\/?post_type=product&#038;p=12313"},"modified":"2026-04-03T09:31:55","modified_gmt":"2026-04-03T09:31:55","slug":"ds-3wf1000s-ei-2n-p","status":"publish","type":"product","link":"https:\/\/engitech.az\/en\/product\/ds-3wf1000s-ei-2n-p\/","title":{"rendered":"DS-3WF1000S-EI-2N\/P"},"content":{"rendered":"<p><strong data-start=\"0\" data-end=\"13\" data-is-only-node=\"\">\u2022 M\u0259hsul:<\/strong> Hikvision DS\u20113WF1000S\u2011EI\u20112N\/P<br data-start=\"43\" data-end=\"46\" \/><strong data-start=\"46\" data-end=\"63\">\u2022 Kateqoriya:<\/strong> Outdoor wireless bridge \/ AP<br data-start=\"92\" data-end=\"95\" \/><strong data-start=\"95\" data-end=\"105\">\u2022 Tip:<\/strong> 2.4\u202fGHz 300\u202fMbps simsiz k\u00f6rp\u00fc (Wireless Bridge)<br data-start=\"153\" data-end=\"156\" \/><strong data-start=\"156\" data-end=\"168\">\u2022 S\u00fcr\u0259t:<\/strong> \u2264 300\u202fMbps (802.11b\/g\/n)<br data-start=\"193\" data-end=\"196\" \/><strong data-start=\"196\" data-end=\"208\">\u2022 Anten:<\/strong> Daxili y\u00fcks\u0259k qazanc anten<br data-start=\"235\" data-end=\"238\" \/><strong data-start=\"238\" data-end=\"252\">\u2022 Portlar:<\/strong> 2\u00d7 10\/100\u202fMbps RJ45<br data-start=\"272\" data-end=\"275\" \/><strong data-start=\"275\" data-end=\"292\">\u2022 Qura\u015fd\u0131rma:<\/strong> Outdoor pole mount, <strong data-start=\"313\" data-end=\"321\">IP55<\/strong> havaya davaml\u0131l\u0131q<br data-start=\"339\" data-end=\"342\" \/><strong data-start=\"342\" data-end=\"362\">\u2022 T\u0259hl\u00fck\u0259sizlik:<\/strong> WPA\/WPA2 \u015fifr\u0259l\u0259m\u0259<br data-start=\"381\" data-end=\"384\" \/><strong data-start=\"384\" data-end=\"399\">\u2022 \u0130stifad\u0259:<\/strong> Uzaq obyektl\u0259r aras\u0131nda sabit simsiz data \u00f6t\u00fcrm\u0259si \u00fc\u00e7\u00fcn ideal<\/p>","protected":false},"excerpt":{"rendered":"<p>\u2022 M\u0259hsul: Hikvision DS\u20113WF1000S\u2011EI\u20112N\/P\u2022 Kateqoriya: Outdoor wireless bridge \/ AP\u2022  [&#8230;]<\/p>","protected":false},"featured_media":12348,"comment_status":"open","ping_status":"closed","template":"","meta":[],"product_brand":[],"product_cat":[167],"product_tag":[],"class_list":{"0":"post-12313","1":"product","2":"type-product","3":"status-publish","4":"has-post-thumbnail","6":"product_cat-hikvision","7":"pa_mehsul-tipi-networking","9":"first","10":"instock","11":"sold-individually","12":"shipping-taxable","13":"purchasable","14":"product-type-simple"},"_links":{"self":[{"href":"https:\/\/engitech.az\/en\/wp-json\/wp\/v2\/product\/12313","targetHints":{"allow":["GET"]}}],"collection":[{"href":"https:\/\/engitech.az\/en\/wp-json\/wp\/v2\/product"}],"about":[{"href":"https:\/\/engitech.az\/en\/wp-json\/wp\/v2\/types\/product"}],"replies":[{"embeddable":true,"href":"https:\/\/engitech.az\/en\/wp-json\/wp\/v2\/comments?post=12313"}],"wp:featuredmedia":[{"embeddable":true,"href":"https:\/\/engitech.az\/en\/wp-json\/wp\/v2\/media\/12348"}],"wp:attachment":[{"href":"https:\/\/engitech.az\/en\/wp-json\/wp\/v2\/media?parent=12313"}],"wp:term":[{"taxonomy":"product_brand","embeddable":true,"href":"https:\/\/engitech.az\/en\/wp-json\/wp\/v2\/product_brand?post=12313"},{"taxonomy":"product_cat","embeddable":true,"href":"https:\/\/engitech.az\/en\/wp-json\/wp\/v2\/product_cat?post=12313"},{"taxonomy":"product_tag","embeddable":true,"href":"https:\/\/engitech.az\/en\/wp-json\/wp\/v2\/product_tag?post=12313"}],"curies":[{"name":"wp","href":"https:\/\/api.w.org\/{rel}","templated":true}]}}