{"id":12349,"date":"2026-04-03T09:33:48","date_gmt":"2026-04-03T09:33:48","guid":{"rendered":"https:\/\/engitech.az\/?post_type=product&#038;p=12349"},"modified":"2026-04-03T09:33:48","modified_gmt":"2026-04-03T09:33:48","slug":"ds-3wf1000-ei-2n","status":"publish","type":"product","link":"https:\/\/engitech.az\/en\/product\/ds-3wf1000-ei-2n\/","title":{"rendered":"DS-3WF1000-EI-2N"},"content":{"rendered":"<section class=\"text-token-text-primary w-full focus:outline-none [--shadow-height:45px] has-data-writing-block:pointer-events-none has-data-writing-block:-mt-(--shadow-height) has-data-writing-block:pt-(--shadow-height) [&amp;:has([data-writing-block])&gt;*]:pointer-events-auto scroll-mt-(--header-height)\" dir=\"auto\" data-turn-id=\"69c0fdc7-5b92-4ac3-916e-ed9a6cb2e0b8\" data-testid=\"conversation-turn-49\" data-scroll-anchor=\"false\" data-turn=\"user\"><\/section>\n<section class=\"text-token-text-primary w-full focus:outline-none [--shadow-height:45px] has-data-writing-block:pointer-events-none has-data-writing-block:-mt-(--shadow-height) has-data-writing-block:pt-(--shadow-height) [&amp;:has([data-writing-block])&gt;*]:pointer-events-auto scroll-mt-[calc(var(--header-height)+min(200px,max(70px,20svh)))]\" dir=\"auto\" data-turn-id=\"request-WEB:a4ab4bfb-4761-4741-8f8a-e50a6cacb0e0-24\" data-testid=\"conversation-turn-50\" data-scroll-anchor=\"true\" data-turn=\"assistant\">\n<div class=\"text-base my-auto mx-auto pb-10 [--thread-content-margin:var(--thread-content-margin-xs,calc(var(--spacing)*4))] @w-sm\/main:[--thread-content-margin:var(--thread-content-margin-sm,calc(var(--spacing)*6))] @w-lg\/main:[--thread-content-margin:var(--thread-content-margin-lg,calc(var(--spacing)*16))] px-(--thread-content-margin)\">\n<div class=\"[--thread-content-max-width:40rem] @w-lg\/main:[--thread-content-max-width:48rem] mx-auto max-w-(--thread-content-max-width) flex-1 group\/turn-messages focus-visible:outline-hidden relative flex w-full min-w-0 flex-col agent-turn\">\n<div class=\"flex max-w-full flex-col gap-4 grow\">\n<div class=\"min-h-8 text-message relative flex w-full flex-col items-end gap-2 text-start break-words whitespace-normal outline-none keyboard-focused:focus-ring [.text-message+&amp;]:mt-1\" dir=\"auto\" tabindex=\"0\" data-message-author-role=\"assistant\" data-message-id=\"cc556752-d317-4370-8de3-4a8f9ce449f0\" data-turn-start-message=\"true\" data-message-model-slug=\"gpt-5-mini\">\n<div class=\"flex w-full flex-col gap-1 empty:hidden\">\n<div class=\"markdown prose dark:prose-invert w-full wrap-break-word dark markdown-new-styling\">\n<p data-start=\"0\" data-end=\"485\" data-is-last-node=\"\" data-is-only-node=\"\"><strong data-start=\"0\" data-end=\"13\" data-is-only-node=\"\">\u2022 M\u0259hsul:<\/strong> Hikvision DS\u20113WF1000\u2011EI\u20112N<br data-start=\"40\" data-end=\"43\" \/><strong data-start=\"43\" data-end=\"60\">\u2022 Kateqoriya:<\/strong> Outdoor wireless bridge \/ Access Point<br data-start=\"99\" data-end=\"102\" \/><strong data-start=\"102\" data-end=\"112\">\u2022 Tip:<\/strong> 2.4\u202fGHz simsiz k\u00f6rp\u00fc (Wireless Bridge)<br data-start=\"151\" data-end=\"154\" \/><strong data-start=\"154\" data-end=\"166\">\u2022 S\u00fcr\u0259t:<\/strong> \u2264 300\u202fMbps (802.11b\/g\/n)<br data-start=\"191\" data-end=\"194\" \/><strong data-start=\"194\" data-end=\"208\">\u2022 Portlar:<\/strong> 2\u00d7 10\/100\u202fMbps RJ45<br data-start=\"228\" data-end=\"231\" \/><strong data-start=\"231\" data-end=\"243\">\u2022 Anten:<\/strong> Daxili y\u00fcks\u0259k qazanc anten<br data-start=\"270\" data-end=\"273\" \/><strong data-start=\"273\" data-end=\"290\">\u2022 Qura\u015fd\u0131rma:<\/strong> Outdoor pole mount, <strong data-start=\"311\" data-end=\"319\">IP55<\/strong> hava \u015f\u0259raitin\u0259 davaml\u0131<br data-start=\"342\" data-end=\"345\" \/><strong data-start=\"345\" data-end=\"365\">\u2022 T\u0259hl\u00fck\u0259sizlik:<\/strong> WPA\/WPA2 \u015fifr\u0259l\u0259m\u0259<br data-start=\"384\" data-end=\"387\" \/><strong data-start=\"387\" data-end=\"402\">\u2022 \u0130stifad\u0259:<\/strong> Uzaq obyektl\u0259r v\u0259 binalar aras\u0131nda simsiz \u015f\u0259b\u0259k\u0259 ba\u011flant\u0131s\u0131 yaratmaq \u00fc\u00e7\u00fcn ideal<\/p>\n<\/div>\n<\/div>\n<\/div>\n<\/div>\n<\/div>\n<\/div>\n<\/section>","protected":false},"excerpt":{"rendered":"<p>\u2022 M\u0259hsul: Hikvision DS\u20113WF1000\u2011EI\u20112N\u2022 Kateqoriya: Outdoor wireless bridge \/ Access  [&#8230;]<\/p>","protected":false},"featured_media":12350,"comment_status":"open","ping_status":"closed","template":"","meta":[],"product_brand":[],"product_cat":[167],"product_tag":[],"class_list":{"0":"post-12349","1":"product","2":"type-product","3":"status-publish","4":"has-post-thumbnail","6":"product_cat-hikvision","7":"pa_mehsul-tipi-networking","9":"first","10":"instock","11":"sold-individually","12":"shipping-taxable","13":"purchasable","14":"product-type-simple"},"_links":{"self":[{"href":"https:\/\/engitech.az\/en\/wp-json\/wp\/v2\/product\/12349","targetHints":{"allow":["GET"]}}],"collection":[{"href":"https:\/\/engitech.az\/en\/wp-json\/wp\/v2\/product"}],"about":[{"href":"https:\/\/engitech.az\/en\/wp-json\/wp\/v2\/types\/product"}],"replies":[{"embeddable":true,"href":"https:\/\/engitech.az\/en\/wp-json\/wp\/v2\/comments?post=12349"}],"wp:featuredmedia":[{"embeddable":true,"href":"https:\/\/engitech.az\/en\/wp-json\/wp\/v2\/media\/12350"}],"wp:attachment":[{"href":"https:\/\/engitech.az\/en\/wp-json\/wp\/v2\/media?parent=12349"}],"wp:term":[{"taxonomy":"product_brand","embeddable":true,"href":"https:\/\/engitech.az\/en\/wp-json\/wp\/v2\/product_brand?post=12349"},{"taxonomy":"product_cat","embeddable":true,"href":"https:\/\/engitech.az\/en\/wp-json\/wp\/v2\/product_cat?post=12349"},{"taxonomy":"product_tag","embeddable":true,"href":"https:\/\/engitech.az\/en\/wp-json\/wp\/v2\/product_tag?post=12349"}],"curies":[{"name":"wp","href":"https:\/\/api.w.org\/{rel}","templated":true}]}}