{"id":12351,"date":"2026-04-03T09:36:15","date_gmt":"2026-04-03T09:36:15","guid":{"rendered":"https:\/\/engitech.az\/?post_type=product&#038;p=12351"},"modified":"2026-04-03T09:36:15","modified_gmt":"2026-04-03T09:36:15","slug":"ds-3wf500t-ei-2n-p","status":"publish","type":"product","link":"https:\/\/engitech.az\/en\/product\/ds-3wf500t-ei-2n-p\/","title":{"rendered":"DS-3WF500T-EI-2N\/P"},"content":{"rendered":"<p><strong data-start=\"0\" data-end=\"13\" data-is-only-node=\"\">\u2022 M\u0259hsul:<\/strong> Hikvision DS\u20113WF500T\u2011EI\u20112N\/P<br data-start=\"42\" data-end=\"45\" \/><strong data-start=\"45\" data-end=\"62\">\u2022 Kateqoriya:<\/strong> Outdoor wireless bridge \/ AP<br data-start=\"91\" data-end=\"94\" \/><strong data-start=\"94\" data-end=\"104\">\u2022 Tip:<\/strong> 2.4\u202fGHz simsiz k\u00f6rp\u00fc (Wireless Bridge)<br data-start=\"143\" data-end=\"146\" \/><strong data-start=\"146\" data-end=\"158\">\u2022 S\u00fcr\u0259t:<\/strong> \u2264 150\u202fMbps (802.11b\/g\/n)<br data-start=\"183\" data-end=\"186\" \/><strong data-start=\"186\" data-end=\"200\">\u2022 Portlar:<\/strong> 2\u00d7 10\/100\u202fMbps RJ45<br data-start=\"220\" data-end=\"223\" \/><strong data-start=\"223\" data-end=\"235\">\u2022 Anten:<\/strong> Daxili y\u00f6nl\u00fc anten<br data-start=\"254\" data-end=\"257\" \/><strong data-start=\"257\" data-end=\"274\">\u2022 Qura\u015fd\u0131rma:<\/strong> Outdoor pole mount, <strong data-start=\"295\" data-end=\"303\">IP55<\/strong> hava \u015f\u0259raitin\u0259 davaml\u0131<br data-start=\"326\" data-end=\"329\" \/><strong data-start=\"329\" data-end=\"349\">\u2022 T\u0259hl\u00fck\u0259sizlik:<\/strong> WPA\/WPA2 \u015fifr\u0259l\u0259m\u0259<br data-start=\"368\" data-end=\"371\" \/><strong data-start=\"371\" data-end=\"386\">\u2022 \u0130stifad\u0259:<\/strong> Q\u0131sa v\u0259 orta m\u0259saf\u0259d\u0259 simsiz \u015f\u0259b\u0259k\u0259 ba\u011flant\u0131s\u0131 yaratmaq \u00fc\u00e7\u00fcn ideal<\/p>","protected":false},"excerpt":{"rendered":"<p>\u2022 M\u0259hsul: Hikvision DS\u20113WF500T\u2011EI\u20112N\/P\u2022 Kateqoriya: Outdoor wireless bridge \/ AP\u2022  [&#8230;]<\/p>","protected":false},"featured_media":12352,"comment_status":"open","ping_status":"closed","template":"","meta":[],"product_brand":[],"product_cat":[167],"product_tag":[],"class_list":{"0":"post-12351","1":"product","2":"type-product","3":"status-publish","4":"has-post-thumbnail","6":"product_cat-hikvision","7":"pa_mehsul-tipi-networking","9":"first","10":"instock","11":"sold-individually","12":"shipping-taxable","13":"purchasable","14":"product-type-simple"},"_links":{"self":[{"href":"https:\/\/engitech.az\/en\/wp-json\/wp\/v2\/product\/12351","targetHints":{"allow":["GET"]}}],"collection":[{"href":"https:\/\/engitech.az\/en\/wp-json\/wp\/v2\/product"}],"about":[{"href":"https:\/\/engitech.az\/en\/wp-json\/wp\/v2\/types\/product"}],"replies":[{"embeddable":true,"href":"https:\/\/engitech.az\/en\/wp-json\/wp\/v2\/comments?post=12351"}],"wp:featuredmedia":[{"embeddable":true,"href":"https:\/\/engitech.az\/en\/wp-json\/wp\/v2\/media\/12352"}],"wp:attachment":[{"href":"https:\/\/engitech.az\/en\/wp-json\/wp\/v2\/media?parent=12351"}],"wp:term":[{"taxonomy":"product_brand","embeddable":true,"href":"https:\/\/engitech.az\/en\/wp-json\/wp\/v2\/product_brand?post=12351"},{"taxonomy":"product_cat","embeddable":true,"href":"https:\/\/engitech.az\/en\/wp-json\/wp\/v2\/product_cat?post=12351"},{"taxonomy":"product_tag","embeddable":true,"href":"https:\/\/engitech.az\/en\/wp-json\/wp\/v2\/product_tag?post=12351"}],"curies":[{"name":"wp","href":"https:\/\/api.w.org\/{rel}","templated":true}]}}