{"id":12357,"date":"2026-04-03T09:45:14","date_gmt":"2026-04-03T09:45:14","guid":{"rendered":"https:\/\/engitech.az\/?post_type=product&#038;p=12357"},"modified":"2026-04-03T09:45:14","modified_gmt":"2026-04-03T09:45:14","slug":"ds-3wr60x","status":"publish","type":"product","link":"https:\/\/engitech.az\/en\/product\/ds-3wr60x\/","title":{"rendered":"DS-3WR60X"},"content":{"rendered":"<section class=\"text-token-text-primary w-full focus:outline-none [--shadow-height:45px] has-data-writing-block:pointer-events-none has-data-writing-block:-mt-(--shadow-height) has-data-writing-block:pt-(--shadow-height) [&amp;:has([data-writing-block])&gt;*]:pointer-events-auto scroll-mt-(--header-height)\" dir=\"auto\" data-turn-id=\"cab7b701-76a4-4064-b3b3-c471962d79ca\" data-testid=\"conversation-turn-57\" data-scroll-anchor=\"false\" data-turn=\"user\"><\/section>\n<section class=\"text-token-text-primary w-full focus:outline-none [--shadow-height:45px] has-data-writing-block:pointer-events-none has-data-writing-block:-mt-(--shadow-height) has-data-writing-block:pt-(--shadow-height) [&amp;:has([data-writing-block])&gt;*]:pointer-events-auto scroll-mt-[calc(var(--header-height)+min(200px,max(70px,20svh)))]\" dir=\"auto\" data-turn-id=\"request-WEB:a4ab4bfb-4761-4741-8f8a-e50a6cacb0e0-28\" data-testid=\"conversation-turn-58\" data-scroll-anchor=\"true\" data-turn=\"assistant\">\n<div class=\"text-base my-auto mx-auto pb-10 [--thread-content-margin:var(--thread-content-margin-xs,calc(var(--spacing)*4))] @w-sm\/main:[--thread-content-margin:var(--thread-content-margin-sm,calc(var(--spacing)*6))] @w-lg\/main:[--thread-content-margin:var(--thread-content-margin-lg,calc(var(--spacing)*16))] px-(--thread-content-margin)\">\n<div class=\"[--thread-content-max-width:40rem] @w-lg\/main:[--thread-content-max-width:48rem] mx-auto max-w-(--thread-content-max-width) flex-1 group\/turn-messages focus-visible:outline-hidden relative flex w-full min-w-0 flex-col agent-turn\">\n<div class=\"flex max-w-full flex-col gap-4 grow\">\n<div class=\"min-h-8 text-message relative flex w-full flex-col items-end gap-2 text-start break-words whitespace-normal outline-none keyboard-focused:focus-ring [.text-message+&amp;]:mt-1\" dir=\"auto\" tabindex=\"0\" data-message-author-role=\"assistant\" data-message-id=\"ed0d8d32-7d60-4eab-8938-2233663e4602\" data-turn-start-message=\"true\" data-message-model-slug=\"gpt-5-mini\">\n<div class=\"flex w-full flex-col gap-1 empty:hidden\">\n<div class=\"markdown prose dark:prose-invert w-full wrap-break-word dark markdown-new-styling\">\n<p data-start=\"0\" data-end=\"468\"><strong data-start=\"0\" data-end=\"13\">\u2022 M\u0259hsul:<\/strong> Hikvision DS\u20113WR60X<br data-start=\"33\" data-end=\"36\" data-is-only-node=\"\" \/><strong data-start=\"36\" data-end=\"53\">\u2022 Kateqoriya:<\/strong> Wi\u2011Fi router \/ access point<br data-start=\"81\" data-end=\"84\" \/><strong data-start=\"84\" data-end=\"94\">\u2022 Tip:<\/strong> <strong data-start=\"95\" data-end=\"144\">High\u2011Performance Dual\u2011Band Wi\u2011Fi 6 (802.11ax)<\/strong> router<br data-start=\"151\" data-end=\"154\" \/><strong data-start=\"154\" data-end=\"166\">\u2022 S\u00fcr\u0259t:<\/strong> Y\u00fcks\u0259k s\u00fcr\u0259tli simsiz ba\u011flant\u0131 (Wi\u2011Fi 6) \u2014 2.4\u202fGHz + 5\u202fGHz<br data-start=\"225\" data-end=\"228\" \/><strong data-start=\"228\" data-end=\"242\">\u2022 Portlar:<\/strong> 1\u00d7 WAN + 4\u00d7 LAN (Gigabit)<br data-start=\"268\" data-end=\"271\" \/><strong data-start=\"271\" data-end=\"289\">\u2022 Funksiyalar:<\/strong> Router, Access Point v\u0259 Repeater rejiml\u0259ri<br data-start=\"332\" data-end=\"335\" \/><strong data-start=\"335\" data-end=\"355\">\u2022 T\u0259hl\u00fck\u0259sizlik:<\/strong> WPA3 \/ WPA2 \u015fifr\u0259l\u0259m\u0259 d\u0259st\u0259yi<br data-start=\"385\" data-end=\"388\" \/><strong data-start=\"388\" data-end=\"403\">\u2022 \u0130stifad\u0259:<\/strong> Ev v\u0259 ofisl\u0259r \u00fc\u00e7\u00fcn s\u00fcr\u0259tli v\u0259 geni\u015f \u0259hat\u0259li Wi\u2011Fi\u20116 ba\u011flant\u0131s\u0131<\/p>\n<\/div>\n<\/div>\n<\/div>\n<\/div>\n<\/div>\n<\/div>\n<\/section>","protected":false},"excerpt":{"rendered":"<p>\u2022 M\u0259hsul: Hikvision DS\u20113WR60X\u2022 Kateqoriya: Wi\u2011Fi router \/ access point\u2022  [&#8230;]<\/p>","protected":false},"featured_media":12359,"comment_status":"open","ping_status":"closed","template":"","meta":[],"product_brand":[],"product_cat":[167],"product_tag":[],"class_list":{"0":"post-12357","1":"product","2":"type-product","3":"status-publish","4":"has-post-thumbnail","6":"product_cat-hikvision","7":"pa_mehsul-tipi-networking","9":"first","10":"instock","11":"sold-individually","12":"shipping-taxable","13":"purchasable","14":"product-type-simple"},"_links":{"self":[{"href":"https:\/\/engitech.az\/en\/wp-json\/wp\/v2\/product\/12357","targetHints":{"allow":["GET"]}}],"collection":[{"href":"https:\/\/engitech.az\/en\/wp-json\/wp\/v2\/product"}],"about":[{"href":"https:\/\/engitech.az\/en\/wp-json\/wp\/v2\/types\/product"}],"replies":[{"embeddable":true,"href":"https:\/\/engitech.az\/en\/wp-json\/wp\/v2\/comments?post=12357"}],"wp:featuredmedia":[{"embeddable":true,"href":"https:\/\/engitech.az\/en\/wp-json\/wp\/v2\/media\/12359"}],"wp:attachment":[{"href":"https:\/\/engitech.az\/en\/wp-json\/wp\/v2\/media?parent=12357"}],"wp:term":[{"taxonomy":"product_brand","embeddable":true,"href":"https:\/\/engitech.az\/en\/wp-json\/wp\/v2\/product_brand?post=12357"},{"taxonomy":"product_cat","embeddable":true,"href":"https:\/\/engitech.az\/en\/wp-json\/wp\/v2\/product_cat?post=12357"},{"taxonomy":"product_tag","embeddable":true,"href":"https:\/\/engitech.az\/en\/wp-json\/wp\/v2\/product_tag?post=12357"}],"curies":[{"name":"wp","href":"https:\/\/api.w.org\/{rel}","templated":true}]}}