{"id":12360,"date":"2026-04-03T09:47:36","date_gmt":"2026-04-03T09:47:36","guid":{"rendered":"https:\/\/engitech.az\/?post_type=product&#038;p=12360"},"modified":"2026-04-03T09:47:36","modified_gmt":"2026-04-03T09:47:36","slug":"ds-3wre3n","status":"publish","type":"product","link":"https:\/\/engitech.az\/en\/product\/ds-3wre3n\/","title":{"rendered":"DS-3WRE3N"},"content":{"rendered":"<section class=\"text-token-text-primary w-full focus:outline-none [--shadow-height:45px] has-data-writing-block:pointer-events-none has-data-writing-block:-mt-(--shadow-height) has-data-writing-block:pt-(--shadow-height) [&amp;:has([data-writing-block])&gt;*]:pointer-events-auto scroll-mt-(--header-height)\" dir=\"auto\" data-turn-id=\"6d6816cc-f9d7-432b-8f53-2e07c3feb3d0\" data-testid=\"conversation-turn-59\" data-scroll-anchor=\"false\" data-turn=\"user\"><\/section>\n<section class=\"text-token-text-primary w-full focus:outline-none [--shadow-height:45px] has-data-writing-block:pointer-events-none has-data-writing-block:-mt-(--shadow-height) has-data-writing-block:pt-(--shadow-height) [&amp;:has([data-writing-block])&gt;*]:pointer-events-auto scroll-mt-[calc(var(--header-height)+min(200px,max(70px,20svh)))]\" dir=\"auto\" data-turn-id=\"request-WEB:a4ab4bfb-4761-4741-8f8a-e50a6cacb0e0-29\" data-testid=\"conversation-turn-60\" data-scroll-anchor=\"true\" data-turn=\"assistant\">\n<div class=\"text-base my-auto mx-auto pb-10 [--thread-content-margin:var(--thread-content-margin-xs,calc(var(--spacing)*4))] @w-sm\/main:[--thread-content-margin:var(--thread-content-margin-sm,calc(var(--spacing)*6))] @w-lg\/main:[--thread-content-margin:var(--thread-content-margin-lg,calc(var(--spacing)*16))] px-(--thread-content-margin)\">\n<div class=\"[--thread-content-max-width:40rem] @w-lg\/main:[--thread-content-max-width:48rem] mx-auto max-w-(--thread-content-max-width) flex-1 group\/turn-messages focus-visible:outline-hidden relative flex w-full min-w-0 flex-col agent-turn\">\n<div class=\"flex max-w-full flex-col gap-4 grow\">\n<div class=\"min-h-8 text-message relative flex w-full flex-col items-end gap-2 text-start break-words whitespace-normal outline-none keyboard-focused:focus-ring [.text-message+&amp;]:mt-1\" dir=\"auto\" tabindex=\"0\" data-message-author-role=\"assistant\" data-message-id=\"db4d7e90-362f-4a33-a88b-15bfd9956f21\" data-turn-start-message=\"true\" data-message-model-slug=\"gpt-5-mini\">\n<div class=\"flex w-full flex-col gap-1 empty:hidden\">\n<div class=\"markdown prose dark:prose-invert w-full wrap-break-word dark markdown-new-styling\">\n<p data-start=\"0\" data-end=\"464\" data-is-last-node=\"\" data-is-only-node=\"\"><strong data-start=\"0\" data-end=\"13\" data-is-only-node=\"\">\u2022 M\u0259hsul:<\/strong> Hikvision DS\u20113WRE3N<br data-start=\"33\" data-end=\"36\" \/><strong data-start=\"36\" data-end=\"53\">\u2022 Kateqoriya:<\/strong> Wi\u2011Fi Range Extender \/ Access Point<br data-start=\"89\" data-end=\"92\" \/><strong data-start=\"92\" data-end=\"102\">\u2022 Tip:<\/strong> Dual\u2011band simsiz siqnal g\u00fccl\u0259ndirici<br data-start=\"139\" data-end=\"142\" \/><strong data-start=\"142\" data-end=\"154\">\u2022 S\u00fcr\u0259t:<\/strong> 2.4\u202fGHz + 5\u202fGHz simsiz d\u0259st\u0259k<br data-start=\"184\" data-end=\"187\" \/><strong data-start=\"187\" data-end=\"201\">\u2022 Portlar:<\/strong> 1\u00d7 RJ45 LAN (Gigabit)<br data-start=\"223\" data-end=\"226\" \/><strong data-start=\"226\" data-end=\"244\">\u2022 Funksiyalar:<\/strong> Range Extender, Access Point, Router rejiml\u0259ri<br data-start=\"291\" data-end=\"294\" \/><strong data-start=\"294\" data-end=\"314\">\u2022 T\u0259hl\u00fck\u0259sizlik:<\/strong> WPA\/WPA2 \u015fifr\u0259l\u0259m\u0259<br data-start=\"333\" data-end=\"336\" \/><strong data-start=\"336\" data-end=\"353\">\u2022 Qura\u015fd\u0131rma:<\/strong> Kompakt dizayn, asan qura\u015fd\u0131rma<br data-start=\"385\" data-end=\"388\" \/><strong data-start=\"388\" data-end=\"403\">\u2022 \u0130stifad\u0259:<\/strong> Ev v\u0259 ofisl\u0259rd\u0259 Wi\u2011Fi siqnal\u0131n\u0131 geni\u015fl\u0259ndirm\u0259k \u00fc\u00e7\u00fcn ideal<\/p>\n<\/div>\n<\/div>\n<\/div>\n<\/div>\n<\/div>\n<\/div>\n<\/section>","protected":false},"excerpt":{"rendered":"<p>\u2022 M\u0259hsul: Hikvision DS\u20113WRE3N\u2022 Kateqoriya: Wi\u2011Fi Range Extender \/ Access  [&#8230;]<\/p>","protected":false},"featured_media":12361,"comment_status":"open","ping_status":"closed","template":"","meta":[],"product_brand":[],"product_cat":[167],"product_tag":[],"class_list":{"0":"post-12360","1":"product","2":"type-product","3":"status-publish","4":"has-post-thumbnail","6":"product_cat-hikvision","7":"pa_mehsul-tipi-networking","9":"first","10":"instock","11":"sold-individually","12":"shipping-taxable","13":"purchasable","14":"product-type-simple"},"_links":{"self":[{"href":"https:\/\/engitech.az\/en\/wp-json\/wp\/v2\/product\/12360","targetHints":{"allow":["GET"]}}],"collection":[{"href":"https:\/\/engitech.az\/en\/wp-json\/wp\/v2\/product"}],"about":[{"href":"https:\/\/engitech.az\/en\/wp-json\/wp\/v2\/types\/product"}],"replies":[{"embeddable":true,"href":"https:\/\/engitech.az\/en\/wp-json\/wp\/v2\/comments?post=12360"}],"wp:featuredmedia":[{"embeddable":true,"href":"https:\/\/engitech.az\/en\/wp-json\/wp\/v2\/media\/12361"}],"wp:attachment":[{"href":"https:\/\/engitech.az\/en\/wp-json\/wp\/v2\/media?parent=12360"}],"wp:term":[{"taxonomy":"product_brand","embeddable":true,"href":"https:\/\/engitech.az\/en\/wp-json\/wp\/v2\/product_brand?post=12360"},{"taxonomy":"product_cat","embeddable":true,"href":"https:\/\/engitech.az\/en\/wp-json\/wp\/v2\/product_cat?post=12360"},{"taxonomy":"product_tag","embeddable":true,"href":"https:\/\/engitech.az\/en\/wp-json\/wp\/v2\/product_tag?post=12360"}],"curies":[{"name":"wp","href":"https:\/\/api.w.org\/{rel}","templated":true}]}}