{"id":12362,"date":"2026-04-03T09:50:15","date_gmt":"2026-04-03T09:50:15","guid":{"rendered":"https:\/\/engitech.az\/?post_type=product&#038;p=12362"},"modified":"2026-04-03T09:50:15","modified_gmt":"2026-04-03T09:50:15","slug":"ds-3e2510p-h","status":"publish","type":"product","link":"https:\/\/engitech.az\/en\/product\/ds-3e2510p-h\/","title":{"rendered":"DS-3E2510P-H"},"content":{"rendered":"<p><strong data-start=\"0\" data-end=\"13\" data-is-only-node=\"\">\u2022 M\u0259hsul:<\/strong> Hikvision DS\u20113E2510P\u2011H<br data-start=\"36\" data-end=\"39\" \/><strong data-start=\"39\" data-end=\"56\">\u2022 Kateqoriya:<\/strong> Layer\u20112 Managed Gigabit switch<br data-start=\"87\" data-end=\"90\" \/><strong data-start=\"90\" data-end=\"104\">\u2022 Portlar:<\/strong> 8\u00d7 Gigabit RJ45 + 2\u00d7 1\u202fG SFP uplink<br data-start=\"140\" data-end=\"143\" \/><strong data-start=\"143\" data-end=\"161\">\u2022 Funksiyalar:<\/strong> VLAN, QoS, STP\/RSTP, SNMP<br data-start=\"187\" data-end=\"190\" \/><strong data-start=\"190\" data-end=\"210\">\u2022 T\u0259hl\u00fck\u0259sizlik:<\/strong> 6\u202fkV surge protection<br data-start=\"232\" data-end=\"235\" \/><strong data-start=\"235\" data-end=\"249\">\u2022 Qurulu\u015f:<\/strong> Metal korpus, rack montaj<br data-start=\"275\" data-end=\"278\" \/><strong data-start=\"278\" data-end=\"293\">\u2022 \u0130stifad\u0259:<\/strong> Ki\u00e7ik v\u0259 orta \u015f\u0259b\u0259k\u0259l\u0259r \u00fc\u00e7\u00fcn stabil v\u0259 s\u00fcr\u0259tli switch<\/p>","protected":false},"excerpt":{"rendered":"<p>\u2022 M\u0259hsul: Hikvision DS\u20113E2510P\u2011H\u2022 Kateqoriya: Layer\u20112 Managed Gigabit switch\u2022 Portlar:  [&#8230;]<\/p>","protected":false},"featured_media":12363,"comment_status":"open","ping_status":"closed","template":"","meta":[],"product_brand":[],"product_cat":[167],"product_tag":[],"class_list":{"0":"post-12362","1":"product","2":"type-product","3":"status-publish","4":"has-post-thumbnail","6":"product_cat-hikvision","7":"pa_mehsul-tipi-networking","9":"first","10":"instock","11":"sold-individually","12":"shipping-taxable","13":"purchasable","14":"product-type-simple"},"_links":{"self":[{"href":"https:\/\/engitech.az\/en\/wp-json\/wp\/v2\/product\/12362","targetHints":{"allow":["GET"]}}],"collection":[{"href":"https:\/\/engitech.az\/en\/wp-json\/wp\/v2\/product"}],"about":[{"href":"https:\/\/engitech.az\/en\/wp-json\/wp\/v2\/types\/product"}],"replies":[{"embeddable":true,"href":"https:\/\/engitech.az\/en\/wp-json\/wp\/v2\/comments?post=12362"}],"wp:featuredmedia":[{"embeddable":true,"href":"https:\/\/engitech.az\/en\/wp-json\/wp\/v2\/media\/12363"}],"wp:attachment":[{"href":"https:\/\/engitech.az\/en\/wp-json\/wp\/v2\/media?parent=12362"}],"wp:term":[{"taxonomy":"product_brand","embeddable":true,"href":"https:\/\/engitech.az\/en\/wp-json\/wp\/v2\/product_brand?post=12362"},{"taxonomy":"product_cat","embeddable":true,"href":"https:\/\/engitech.az\/en\/wp-json\/wp\/v2\/product_cat?post=12362"},{"taxonomy":"product_tag","embeddable":true,"href":"https:\/\/engitech.az\/en\/wp-json\/wp\/v2\/product_tag?post=12362"}],"curies":[{"name":"wp","href":"https:\/\/api.w.org\/{rel}","templated":true}]}}